{"id":8187,"date":"2021-03-24T13:25:06","date_gmt":"2021-03-24T13:25:06","guid":{"rendered":"https:\/\/www.acrn.fr\/product\/comprobador-de-soldadura-de-tuberias-ats"},"modified":"2025-12-02T16:06:18","modified_gmt":"2025-12-02T15:06:18","slug":"probador-de-soldadura-de-tuberias","status":"publish","type":"product","link":"https:\/\/www.acrn.fr\/es\/producto\/probador-de-soldadura-de-tuberias\/","title":{"rendered":"Comprobador neum\u00e1tico de soldadura de tubos ATS"},"content":{"rendered":"<h3>Funci\u00f3n<\/h3>\n<p>El dispositivo ATS se utiliza en una prueba destructiva de frecuencia que consiste en mostrar la presi\u00f3n interna del tubo, por compresi\u00f3n externa. Destaca las fugas y microfugas que estresan la soldadura. Las formas del prensador, la presi\u00f3n ejercida y los puntos de apoyo dependen de los tubos y los materiales probados. La ACRN, con 20 a\u00f1os de experiencia en el sector, podr\u00e1 guiarle en estos ajustes. Gracias a su dise\u00f1o intuitivo y a sus diversos accesorios, permite al operador <strong>realizar un ensayo repetible y verificar la integridad de la soldadura por la ausencia de fugas bajo el efecto de una fuerza de aplastamiento aplicada a la muestra de ensayo.<\/strong> Tras ajustar el tiempo de retardo y abrir la puerta del ATS, coloque la muestra, cierre la puerta y el ciclo se iniciar\u00e1 autom\u00e1ticamente. A modo de recordatorio, permite establecer dos tipos de pruebas:<\/p>\n<ul>\n<li>Prueba con microfuga que se expande con la presurizaci\u00f3n y provoca un estallido<\/li>\n<li>Prueba de rotura para determinar la resistencia de las soldaduras.<\/li>\n<\/ul>\n<h3>Ventajes<\/h3>\n<ul>\n<li style=\"list-style-type: none;\">\n<ul>\n<li><span style=\"color: #215876;\">Prueba sencilla, r\u00e1pida y totalmente repetible<\/span><\/li>\n<\/ul>\n<\/li>\n<\/ul>\n<p>&nbsp;<\/p>\n<ul>\n<li style=\"list-style-type: none;\">\n<ul>\n<li><span style=\"color: #215876;\">Totalmente neum\u00e1tico<\/span><\/li>\n<\/ul>\n<\/li>\n<\/ul>\n<p>&nbsp;<\/p>\n<ul>\n<li style=\"list-style-type: none;\">\n<ul>\n<li><span style=\"color: #215876;\">Localizaci\u00f3n precisa de la fuga<\/span><\/li>\n<\/ul>\n<\/li>\n<\/ul>\n<p>&nbsp;<\/p>\n<ul>\n<li style=\"list-style-type: none;\">\n<ul>\n<li><span style=\"color: #215876;\">Soluciones existentes para una amplia gama de tubos y envases<\/span><\/li>\n<\/ul>\n<\/li>\n<\/ul>\n<p>&nbsp;<\/p>\n<ul>\n<li style=\"list-style-type: none;\">\n<ul>\n<li><span style=\"color: #215876;\">El portamuestras tiene un tope ajustable, lo que permite probar una gran variedad de formas de muestras<\/span><\/li>\n<\/ul>\n<\/li>\n<\/ul>\n<p>&nbsp;<\/p>\n<ul>\n<li style=\"list-style-type: none;\">\n<ul>\n<li><span style=\"color: #215876;\">Le permite realizar sus pruebas con total seguridad gracias a la tapa de seguridad de policarbonato transparente que impide que se abra durante la prueba y que se inicie un ciclo una vez abierta<\/span><\/li>\n<\/ul>\n<\/li>\n<\/ul>\n<p>&nbsp;<\/p>\n<ul>\n<li style=\"list-style-type: none;\">\n<ul>\n<li><span style=\"color: #215876;\">El recept\u00e1culo transparente se puede limpiar en caso de rotura del tubo<\/span><\/li>\n<\/ul>\n<\/li>\n<\/ul>\n<p><iframe title=\"Probador Neum\u00e1tico de Sellado de Tubos ATS - ACRN\" width=\"1080\" height=\"608\" src=\"https:\/\/www.youtube.com\/embed\/VaHuWs529_8?feature=oembed&#038;enablejsapi=1&#038;origin=https:\/\/www.acrn.fr\"  allow=\"accelerometer; autoplay; clipboard-write; encrypted-media; gyroscope; picture-in-picture; web-share\" referrerpolicy=\"strict-origin-when-cross-origin\" allowfullscreen><\/iframe><\/p>\n<h2>Prensas<\/h2>\n[et_pb_section global_module=\"2561\"][\/et_pb_section]\n<div id=\"gtx-trans\" style=\"position: absolute; left: 547px; top: 1008.8px;\">\n<div class=\"gtx-trans-icon\"><\/div>\n<\/div>\n","protected":false},"excerpt":{"rendered":"<blockquote><p>El modelo r\u00e1pido y fiable<\/p><\/blockquote>\n<p>Esta m\u00e1quina permite probar tubos de pl\u00e1stico y metal termosellados, doypacks, bolsas y otros envases, directamente en la l\u00ednea de producci\u00f3n o en el laboratorio.<\/p>\n<p>\u00bfPor qu\u00e9 probar su soldadura? Durante el termosellado, pueden producirse defectos en la soldadura debido a las temperaturas de los electrodos, los espesores del material y la presencia de impurezas. Las fuentes de defectos en este proceso son numerosas y la implantaci\u00f3n de un control fiable lo m\u00e1s cerca posible de la l\u00ednea de producci\u00f3n es esencial.<\/p>\n<p>Es una prueba r\u00e1pida, sencilla, asequible y totalmente fiable que utilizan muchos fabricantes de envases.<\/p>\n<p><a href=\"https:\/\/www.acrn.fr\/wp-content\/uploads\/2021\/12\/ATS-gd-BD.pdf\" target=\"_blank\" rel=\"noopener\">Ficha t\u00e9cnica de ATS<\/a><\/p>\n","protected":false},"featured_media":8188,"template":"","meta":{"_acf_changed":false,"_et_pb_use_builder":"off","_et_pb_old_content":"<h3>Funci\u00f3n<\/h3>\r\nEl dispositivo ATS se utiliza en una prueba destructiva de frecuencia que consiste en mostrar la presi\u00f3n interna del tubo, por compresi\u00f3n externa. Destaca las fugas y microfugas que estresan la soldadura. Las formas del prensador, la presi\u00f3n ejercida y los puntos de apoyo dependen de los tubos y los materiales probados. La ACRN, con 20 a\u00f1os de experiencia en el sector, podr\u00e1 guiarle en estos ajustes. Gracias a su dise\u00f1o intuitivo y a sus diversos accesorios, permite al operador <strong>realizar un ensayo repetible y verificar la integridad de la soldadura por la ausencia de fugas bajo el efecto de una fuerza de aplastamiento aplicada a la muestra de ensayo.<\/strong> Tras ajustar el tiempo de retardo y abrir la puerta del ATS, coloque la muestra, cierre la puerta y el ciclo se iniciar\u00e1 autom\u00e1ticamente. A modo de recordatorio, permite establecer dos tipos de pruebas:\r\n<ul>\r\n \t<li>Prueba con microfuga que se expande con la presurizaci\u00f3n y provoca un estallido<\/li>\r\n \t<li>Prueba de rotura para determinar la resistencia de las soldaduras.<\/li>\r\n<\/ul>\r\n<h3>Ventajes<\/h3>\r\n\r\n<ul>\r\n \t<li><span style=\"color: #215876;\">Prueba sencilla, r\u00e1pida y totalmente repetible<\/span><\/li><br>\r\n\r\n \t<li><span style=\"color: #215876;\">Totalmente neum\u00e1tico<\/span><\/li><br>\r\n\r\n \t<li><span style=\"color: #215876;\">Localizaci\u00f3n precisa de la fuga<\/span><\/li><br>\r\n\r\n \t<li><span style=\"color: #215876;\">Soluciones existentes para una amplia gama de tubos y envases<\/span><\/li><br>\r\n \t<li><span style=\"color: #215876;\">El portamuestras tiene un tope ajustable, lo que permite probar una gran variedad de formas de muestras<\/span><\/li><br>\r\n\r\n \t<li><span style=\"color: #215876;\">Le permite realizar sus pruebas con total seguridad gracias a la tapa de seguridad de policarbonato transparente que impide que se abra durante la prueba y que se inicie un ciclo una vez abierta<\/span><\/li><br>\r\n\r\n\r\n \t<li><span style=\"color: #215876;\">El recept\u00e1culo transparente se puede limpiar en caso de rotura del tubo<\/span><\/li><br>\r\n\r\n<\/ul>\r\n\u00a0\r\n<div class=\"product-video\"><video autoplay=\"autoplay\" loop=\"loop\" muted=\"muted\" width=\"auto\" height=\"auto\">\r\n<source src=\"\/wp-content\/uploads\/2021\/04\/ats.mov\" type=\"video\/mp4\"><\/source>\r\n<\/video><\/div>\r\n<h2>Prensas<\/h2>\r\n[showmodule id=\"2561\"]","_et_gb_content_width":""},"product_brand":[],"product_cat":[213],"product_tag":[],"class_list":{"0":"post-8187","1":"product","2":"type-product","3":"status-publish","4":"has-post-thumbnail","6":"product_cat-trituradora-de-tubos","8":"first","9":"instock","10":"shipping-taxable","11":"purchasable","12":"product-type-simple"},"acf":[],"_links":{"self":[{"href":"https:\/\/www.acrn.fr\/es\/wp-json\/wp\/v2\/product\/8187","targetHints":{"allow":["GET"]}}],"collection":[{"href":"https:\/\/www.acrn.fr\/es\/wp-json\/wp\/v2\/product"}],"about":[{"href":"https:\/\/www.acrn.fr\/es\/wp-json\/wp\/v2\/types\/product"}],"wp:featuredmedia":[{"embeddable":true,"href":"https:\/\/www.acrn.fr\/es\/wp-json\/wp\/v2\/media\/8188"}],"wp:attachment":[{"href":"https:\/\/www.acrn.fr\/es\/wp-json\/wp\/v2\/media?parent=8187"}],"wp:term":[{"taxonomy":"product_brand","embeddable":true,"href":"https:\/\/www.acrn.fr\/es\/wp-json\/wp\/v2\/product_brand?post=8187"},{"taxonomy":"product_cat","embeddable":true,"href":"https:\/\/www.acrn.fr\/es\/wp-json\/wp\/v2\/product_cat?post=8187"},{"taxonomy":"product_tag","embeddable":true,"href":"https:\/\/www.acrn.fr\/es\/wp-json\/wp\/v2\/product_tag?post=8187"}],"curies":[{"name":"wp","href":"https:\/\/api.w.org\/{rel}","templated":true}]}}