{"id":8155,"date":"2020-09-29T19:40:53","date_gmt":"2020-09-29T19:40:53","guid":{"rendered":"https:\/\/www.acrn.fr\/product\/kit-de-calibracion-de-pruebas"},"modified":"2021-12-07T14:08:54","modified_gmt":"2021-12-07T13:08:54","slug":"kit-de-calibracion-de-pruebas","status":"publish","type":"product","link":"https:\/\/www.acrn.fr\/es\/producto\/kit-de-calibracion-de-pruebas\/","title":{"rendered":"Kit de calibraci\u00f3n de pruebas"},"content":{"rendered":"<h3>Beneficios del kit:<\/h3>\n<p>El uso de este kit es un requisito previo relevante para la realizaci\u00f3n de una prueba (validaci\u00f3n de un protocolo, creaci\u00f3n de un \u00e1baco, observaci\u00f3n de fen\u00f3menos f\u00edsicos, etc.) porque permite correlacionar el valor de compresi\u00f3n del tubo con su presi\u00f3n interna.<\/p>\n<p>ACRN puede proporcionar con la entrega del sistema, \u00e1bacos validados durante estos a\u00f1os de experiencia.<\/p>\n<h3>Operaci\u00f3n<\/h3>\n<p>Basta con abrir la v\u00e1lvula para llenar la manguera de agua. Durante el esfuerzo externo, se crea un equilibrio de presi\u00f3n entre el agua y el producto, que se transfiere al man\u00f3metro, protegido por una membrana del agua durante la compresi\u00f3n<br \/>\n<div class='content-column one_half'><h3>Beneficios<\/h3>\n<ul>\n<li>Muy f\u00e1cil de usar y asequible<\/li>\n<li>Establecimiento de un protocolo fiable para probar la resistencia de las soldaduras seg\u00fan los requisitos de transporte<\/li>\n<li>Adaptable a todo tipo de muestras<\/li>\n<li>Adecuado para el entorno de producci\u00f3n \/ Robusto<\/li>\n<li style=\"text-align: left;\">Muchos prensadores diferentes para lograr la presi\u00f3n interna deseada<\/li>\n<\/ul>\n<table style=\"border-collapse: collapse; width: 100%; height: 23px;\">\n<tbody>\n<tr style=\"height: 23px;\">\n<td style=\"width: 100%; height: 23px; text-align: left;\">Kit de tapones instalados adem\u00e1s de los dos suministrados<\/td>\n<\/tr>\n<\/tbody>\n<\/table>\n<p style=\"text-align: left;\"><em>Nb: El ACRN tambi\u00e9n puede realizar estas pruebas por usted. Contacte con nosotros.<\/em><\/p>\n<h3>Viene con:<\/h3>\n<ul>\n<li>Instrucciones explicativas sobre los principios f\u00edsicos<\/li>\n<li>Procedimiento detallado para medir y crear el gr\u00e1fico<\/li>\n<li>2 tapones equipados<\/li>\n<\/ul><\/div><\/p>\n<div class='content-column one_half last_column'><img decoding=\"async\" class=\"alignnone size-full wp-image-8161\" src=\"https:\/\/www.acrn.fr\/wp-content\/uploads\/2020\/09\/Kit-de-calibration-1.png\" alt=\"Kit de calibraci\u00f3n\" width=\"370\" height=\"370\" srcset=\"https:\/\/www.acrn.fr\/wp-content\/uploads\/2020\/09\/Kit-de-calibration-1.png 370w, https:\/\/www.acrn.fr\/wp-content\/uploads\/2020\/09\/Kit-de-calibration-1-300x300.png 300w, https:\/\/www.acrn.fr\/wp-content\/uploads\/2020\/09\/Kit-de-calibration-1-100x100.png 100w, https:\/\/www.acrn.fr\/wp-content\/uploads\/2020\/09\/Kit-de-calibration-1-64x64.png 64w, https:\/\/www.acrn.fr\/wp-content\/uploads\/2020\/09\/Kit-de-calibration-1-150x150.png 150w\" sizes=\"(max-width: 370px) 100vw, 370px\" \/><\/div><div class='clear_column'><\/div>\n","protected":false},"excerpt":{"rendered":"<blockquote><p>Desarrolle sus protocolos de pruebas de soldadura de tubos<\/p><\/blockquote>\n<p>El kit de calibraci\u00f3n, combinado con un triturador de tubos, permite medir la presi\u00f3n interna de un tubo cuando se aplica una presi\u00f3n de aplastamiento con el compres\u00f3metro.<\/p>\n<p><strong>\u00bfPor qu\u00e9 utilizar este kit de calibraci\u00f3n?<\/strong><\/p>\n<p>Cada tubo est\u00e1 definido por varios par\u00e1metros, como su proporci\u00f3n de llenado, su di\u00e1metro, su volumen y su material. La variaci\u00f3n de uno de estos par\u00e1metros conduce, para una misma presi\u00f3n de aplastamiento \u00abexterna\u00bb, a una variaci\u00f3n de la presi\u00f3n interna del tubo, revelando esta \u00faltima la resistencia real de la soldadura de los tubos. Por lo tanto, es m\u00e1s pertinente referirse a esta presi\u00f3n interna.<\/p>\n<p>Por lo tanto, debe establecerse una presi\u00f3n interna l\u00edmite que cumpla con los requisitos m\u00e1s probables de que el tubo no explote en el uso normal y que resista los esfuerzos del transporte.<\/p>\n<p><a href=\"https:\/\/www.acrn.fr\/wp-content\/uploads\/2020\/09\/kitCalibration-gb01-2021-BD.pdf\" target=\"_blank\" rel=\"noopener\">Ficha t\u00e9cnica Kit de calibraci\u00f3n<\/a><\/p>\n","protected":false},"featured_media":8156,"template":"","meta":{"_acf_changed":false,"_et_pb_use_builder":"","_et_pb_old_content":"","_et_gb_content_width":""},"product_brand":[],"product_cat":[213],"product_tag":[],"class_list":{"0":"post-8155","1":"product","2":"type-product","3":"status-publish","4":"has-post-thumbnail","6":"product_cat-trituradora-de-tubos","8":"first","9":"instock","10":"shipping-taxable","11":"purchasable","12":"product-type-simple"},"acf":[],"_links":{"self":[{"href":"https:\/\/www.acrn.fr\/es\/wp-json\/wp\/v2\/product\/8155","targetHints":{"allow":["GET"]}}],"collection":[{"href":"https:\/\/www.acrn.fr\/es\/wp-json\/wp\/v2\/product"}],"about":[{"href":"https:\/\/www.acrn.fr\/es\/wp-json\/wp\/v2\/types\/product"}],"wp:featuredmedia":[{"embeddable":true,"href":"https:\/\/www.acrn.fr\/es\/wp-json\/wp\/v2\/media\/8156"}],"wp:attachment":[{"href":"https:\/\/www.acrn.fr\/es\/wp-json\/wp\/v2\/media?parent=8155"}],"wp:term":[{"taxonomy":"product_brand","embeddable":true,"href":"https:\/\/www.acrn.fr\/es\/wp-json\/wp\/v2\/product_brand?post=8155"},{"taxonomy":"product_cat","embeddable":true,"href":"https:\/\/www.acrn.fr\/es\/wp-json\/wp\/v2\/product_cat?post=8155"},{"taxonomy":"product_tag","embeddable":true,"href":"https:\/\/www.acrn.fr\/es\/wp-json\/wp\/v2\/product_tag?post=8155"}],"curies":[{"name":"wp","href":"https:\/\/api.w.org\/{rel}","templated":true}]}}