{"id":8147,"date":"2020-09-29T19:27:59","date_gmt":"2020-09-29T19:27:59","guid":{"rendered":"https:\/\/www.acrn.fr\/product\/software-vector-pro-lite"},"modified":"2026-01-21T10:02:16","modified_gmt":"2026-01-21T09:02:16","slug":"software-para-torqimetros-motorizados","status":"publish","type":"product","link":"https:\/\/www.acrn.fr\/es\/producto\/software-para-torqimetros-motorizados\/","title":{"rendered":"Software Vector Pro Lite"},"content":{"rendered":"<div class='content-column one_half'><p><strong>Dispositivos compatibles: Multitest DV, Vortex DV, AFTI, AFG, BFG y CFG<\/strong><\/p>\n<table style=\"border-collapse: collapse; width: 100%;\">\n<tbody>\n<tr>\n<td style=\"width: 100%;\">Construcci\u00f3n intuitiva de pruebas con la funci\u00f3n de arrastrar y soltar<\/td>\n<\/tr>\n<tr>\n<td style=\"width: 100%;\">Almacenar, editar y recuperar todas las series de pruebas<\/td>\n<\/tr>\n<tr>\n<td style=\"width: 100%;\">Creaci\u00f3n de curvas en tiempo real<\/td>\n<\/tr>\n<tr>\n<td style=\"width: 100%;\">Potentes herramientas de an\u00e1lisis gr\u00e1fico y comparaci\u00f3n de datos<\/td>\n<\/tr>\n<tr>\n<td style=\"width: 100%;\">Visualizaci\u00f3n inmediata de los resultados<\/td>\n<\/tr>\n<tr>\n<td style=\"width: 100%;\">Exportaci\u00f3n autom\u00e1tica o manual de los datos y resultados de las pruebas<\/td>\n<\/tr>\n<tr>\n<td style=\"width: 100%;\">Generador de informes en pdf<\/td>\n<\/tr>\n<tr>\n<td style=\"width: 100%;\">Cuentas de usuario con derechos configurables<\/td>\n<\/tr>\n<tr>\n<td style=\"width: 100%;\">Espacio de trabajo multiling\u00fce personalizable<\/td>\n<\/tr>\n<tr>\n<td style=\"width: 100%;\">Software para tabletas y pantallas t\u00e1ctiles<\/td>\n<\/tr>\n<\/tbody>\n<\/table><\/div>\n<div class='content-column one_half last_column'><img decoding=\"async\" class=\"alignnone size-full wp-image-8149\" src=\"https:\/\/www.acrn.fr\/wp-content\/uploads\/2020\/09\/software-console_vplite2-720.png\" alt=\"vector pro lite\" width=\"720\" height=\"520\" srcset=\"https:\/\/www.acrn.fr\/wp-content\/uploads\/2020\/09\/software-console_vplite2-720.png 720w, https:\/\/www.acrn.fr\/wp-content\/uploads\/2020\/09\/software-console_vplite2-720-480x347.png 480w\" sizes=\"(min-width: 0px) and (max-width: 480px) 480px, (min-width: 481px) 720px, 100vw\" \/><\/div><div class='clear_column'><\/div>\n<h3>Caracter\u00edsticas<\/h3>\n<p><strong>Creaci\u00f3n de pruebas:<\/strong><br \/>\n<img decoding=\"async\" class=\"size-full wp-image-8151 aligncenter\" src=\"https:\/\/www.acrn.fr\/wp-content\/uploads\/2020\/09\/Creation-test.jpg\" alt=\"Software para torqu\u00edmetros motorizados\" width=\"513\" height=\"290\" srcset=\"https:\/\/www.acrn.fr\/wp-content\/uploads\/2020\/09\/Creation-test.jpg 513w, https:\/\/www.acrn.fr\/wp-content\/uploads\/2020\/09\/Creation-test-480x271.jpg 480w\" sizes=\"(min-width: 0px) and (max-width: 480px) 480px, (min-width: 481px) 513px, 100vw\" \/><\/p>\n<p><strong>Pruebas totalmente personalizables:<\/strong><\/p>\n<p><img decoding=\"async\" class=\"size-full wp-image-8150 aligncenter\" src=\"https:\/\/www.acrn.fr\/wp-content\/uploads\/2020\/09\/menu-test.jpg\" alt=\"menu-test\" width=\"299\" height=\"350\" srcset=\"https:\/\/www.acrn.fr\/wp-content\/uploads\/2020\/09\/menu-test.jpg 299w, https:\/\/www.acrn.fr\/wp-content\/uploads\/2020\/09\/menu-test-64x75.jpg 64w, https:\/\/www.acrn.fr\/wp-content\/uploads\/2020\/09\/menu-test-256x300.jpg 256w\" sizes=\"(max-width: 299px) 100vw, 299px\" \/><\/p>\n<p><strong>Resultados de las pruebas en vivo: <\/strong><\/p>\n<p><img decoding=\"async\" class=\"size-full wp-image-8152 aligncenter\" src=\"https:\/\/www.acrn.fr\/wp-content\/uploads\/2020\/09\/test-graph-live.jpg\" alt=\"Software para torqu\u00edmetros motorizados\" width=\"480\" height=\"270\" srcset=\"https:\/\/www.acrn.fr\/wp-content\/uploads\/2020\/09\/test-graph-live.jpg 480w, https:\/\/www.acrn.fr\/wp-content\/uploads\/2020\/09\/test-graph-live-64x36.jpg 64w, https:\/\/www.acrn.fr\/wp-content\/uploads\/2020\/09\/test-graph-live-300x169.jpg 300w\" sizes=\"(max-width: 480px) 100vw, 480px\" \/><\/p>\n<p><strong>Exporte sus pruebas:<\/strong><\/p>\n<p><img decoding=\"async\" class=\"wp-image-8153 size-full aligncenter\" src=\"https:\/\/www.acrn.fr\/wp-content\/uploads\/2020\/09\/resultat-dexport.png\" alt=\"export-result\" width=\"550\" height=\"200\" srcset=\"https:\/\/www.acrn.fr\/wp-content\/uploads\/2020\/09\/resultat-dexport.png 550w, https:\/\/www.acrn.fr\/wp-content\/uploads\/2020\/09\/resultat-dexport-480x175.png 480w\" sizes=\"(min-width: 0px) and (max-width: 480px) 480px, (min-width: 481px) 550px, 100vw\" \/><\/p>\n","protected":false},"excerpt":{"rendered":"<blockquote><p>Software para pruebas de par y fuerza<\/p><\/blockquote>\n<p>VectorPro\u2122 Lite es un software para utilizar con bancos de potencia de tensi\u00f3n\/compresi\u00f3n, torqu\u00edmetros y otros dinam\u00f3metros. Permite la adquisici\u00f3n de datos de diferentes dispositivos, un procesamiento de datos sencillo y potente y la creaci\u00f3n de diferentes exportaciones e informes de control.<\/p>\n<p>La creaci\u00f3n de una prueba y su informe es intuitiva gracias a una interfaz l\u00fadica de arrastrar y soltar. Se pueden crear y guardar muchas pruebas.<\/p>\n<p>VectorPro\u2122 Lite tambi\u00e9n puede utilizarse con otros equipos de medici\u00f3n para establecer curvas de fuerza\/par en funci\u00f3n del tiempo, adquisici\u00f3n de datos y c\u00e1lculos sobre los resultados.<\/p>\n<p>&nbsp;<\/p>\n","protected":false},"featured_media":8148,"template":"","meta":{"_acf_changed":false,"_et_pb_use_builder":"off","_et_pb_old_content":"","_et_gb_content_width":""},"product_brand":[],"product_cat":[216,212],"product_tag":[],"class_list":{"0":"post-8147","1":"product","2":"type-product","3":"status-publish","4":"has-post-thumbnail","6":"product_cat-torquimetros-motorizados","7":"product_cat-banco-de-traccion-compresion","9":"first","10":"instock","11":"shipping-taxable","12":"purchasable","13":"product-type-simple"},"acf":[],"_links":{"self":[{"href":"https:\/\/www.acrn.fr\/es\/wp-json\/wp\/v2\/product\/8147","targetHints":{"allow":["GET"]}}],"collection":[{"href":"https:\/\/www.acrn.fr\/es\/wp-json\/wp\/v2\/product"}],"about":[{"href":"https:\/\/www.acrn.fr\/es\/wp-json\/wp\/v2\/types\/product"}],"wp:featuredmedia":[{"embeddable":true,"href":"https:\/\/www.acrn.fr\/es\/wp-json\/wp\/v2\/media\/8148"}],"wp:attachment":[{"href":"https:\/\/www.acrn.fr\/es\/wp-json\/wp\/v2\/media?parent=8147"}],"wp:term":[{"taxonomy":"product_brand","embeddable":true,"href":"https:\/\/www.acrn.fr\/es\/wp-json\/wp\/v2\/product_brand?post=8147"},{"taxonomy":"product_cat","embeddable":true,"href":"https:\/\/www.acrn.fr\/es\/wp-json\/wp\/v2\/product_cat?post=8147"},{"taxonomy":"product_tag","embeddable":true,"href":"https:\/\/www.acrn.fr\/es\/wp-json\/wp\/v2\/product_tag?post=8147"}],"curies":[{"name":"wp","href":"https:\/\/api.w.org\/{rel}","templated":true}]}}