{"id":8110,"date":"2020-09-29T19:48:58","date_gmt":"2020-09-29T19:48:58","guid":{"rendered":"https:\/\/www.acrn.fr\/product\/banco-de-traccion-multitest-dv"},"modified":"2026-01-21T15:12:19","modified_gmt":"2026-01-21T14:12:19","slug":"banco-traccion-multitest-dv","status":"publish","type":"product","link":"https:\/\/www.acrn.fr\/es\/producto\/banco-traccion-multitest-dv\/","title":{"rendered":"Mecmesin Multitest-DV Banco de tracci\u00f3n"},"content":{"rendered":"<div class='content-column one_half'><h3>Vector Pro Lite<\/h3>\n<ul>\n<li>\n<h4>Creaci\u00f3n de programas<\/h4>\n<\/li>\n<\/ul>\n<p>-Permisos de prueba<\/p>\n<p>-Operaciones de prueba<\/p>\n<p>-Resultados: c\u00e1lculo de aire, media, ajuste, pico, etc.<\/p>\n<ul>\n<li>\n<h4>Curvas en tiempo real<\/h4>\n<\/li>\n<\/ul>\n<p>-C\u00e1lculo instant\u00e1neo<\/p>\n<p>-Resultado conforme\/no conforme<\/p>\n<p>-Revisiones de resultados: comparaci\u00f3n de curvas, intercambio de ejes, zoom, etc.<\/p>\n<ul>\n<li>\n<h4>Procesamiento de los resultados<\/h4>\n<\/li>\n<\/ul>\n<p>-Comparaci\u00f3n de gr\u00e1ficos<\/p>\n<p>-Comparaci\u00f3n de gr\u00e1ficos<\/p>\n<p>-Exportaci\u00f3n de datos brutos o tabulados en formato Excel o PDF para informes de pruebas<\/div>\n<div class='content-column one_half last_column'><img decoding=\"async\" class=\"alignnone size-full wp-image-3313\" style=\"color: #666666; font-size: 14px;\" src=\"https:\/\/www.acrn.fr\/wp-content\/uploads\/2020\/09\/test.jpg\" alt=\"\" width=\"500\" height=\"500\" srcset=\"https:\/\/www.acrn.fr\/wp-content\/uploads\/2020\/09\/test.jpg 500w, https:\/\/www.acrn.fr\/wp-content\/uploads\/2020\/09\/test-480x480.jpg 480w\" sizes=\"(min-width: 0px) and (max-width: 480px) 480px, (min-width: 481px) 500px, 100vw\" \/><br \/><\/div><div class='clear_column'><\/div>\n<p>&nbsp;<\/p>\n<h3>Varias aplicaciones:<\/h3>\n<p><img decoding=\"async\" class=\"size-full wp-image-3092 aligncenter\" src=\"https:\/\/www.acrn.fr\/wp-content\/uploads\/2020\/09\/Diverses-applications-Multitest-Dv.png\" alt=\"Varias aplicaciones de Multitest-Dv\" width=\"800\" height=\"200\" srcset=\"https:\/\/www.acrn.fr\/wp-content\/uploads\/2020\/09\/Diverses-applications-Multitest-Dv.png 800w, https:\/\/www.acrn.fr\/wp-content\/uploads\/2020\/09\/Diverses-applications-Multitest-Dv-480x120.png 480w\" sizes=\"(min-width: 0px) and (max-width: 480px) 480px, (min-width: 481px) 800px, 100vw\" \/><br \/>\n&nbsp;<\/p>\n<h3>Opciones<\/h3>\n<table style=\"border-collapse: collapse; width: 100%;\">\n<tbody>\n<tr>\n<td style=\"width: 50%;\">Software Vector Pro Lite<\/td>\n<td style=\"width: 50%;\">Conexi\u00f3n con el soporte + AFG o BFG<\/td>\n<\/tr>\n<tr>\n<td style=\"width: 50%;\">Software Vector Pro MT<\/td>\n<td style=\"width: 50%;\">Conexi\u00f3n con el soporte + ELC (prueba de material)<\/td>\n<\/tr>\n<\/tbody>\n<\/table>\n","protected":false},"excerpt":{"rendered":"<blockquote><p>Soporte de tracci\u00f3n\/compresi\u00f3n motorizado<\/p><\/blockquote>\n<p>El Multitest &#8211; DV es un banco de pruebas motorizado vers\u00e1til y compacto que ofrece una excelente relaci\u00f3n calidad-precio. Permite realizar ensayos de tracci\u00f3n\/compresi\u00f3n precisos, gracias en parte a su sofisticada electr\u00f3nica y a su panel de control ergon\u00f3mico.<\/p>\n<p>Este banco de una columna ofrece una amplia gama de funciones, especialmente cuando se combina con una c\u00e9lula de carga avanzada. Adem\u00e1s, junto con un potente software, le resultar\u00e1 f\u00e1cil trazar y procesar sus datos de adquisici\u00f3n de forma completa.<\/p>\n<p>Por \u00faltimo, gracias a los numerosos accesorios que se pueden adaptar a la caseta, \u00e9sta podr\u00e1 satisfacer por completo sus necesidades manteni\u00e9ndose lo m\u00e1s cerca posible de su presupuesto. Su peque\u00f1o tama\u00f1o y su robustez facilitar\u00e1n las pruebas en el \u00e1rea de producci\u00f3n y proporcionar\u00e1n un control de calidad en el laboratorio.<\/p>\n<p><a href=\"https:\/\/www.acrn.fr\/wp-content\/uploads\/2020\/09\/multitest-fr09-2020-BD.pdf\" target=\"_blank\" rel=\"noopener\">Ficha t\u00e9cnica de Multitest-DV<\/a><\/p>\n","protected":false},"featured_media":8111,"template":"","meta":{"_acf_changed":false,"_et_pb_use_builder":"","_et_pb_old_content":"","_et_gb_content_width":""},"product_brand":[],"product_cat":[212],"product_tag":[],"class_list":{"0":"post-8110","1":"product","2":"type-product","3":"status-publish","4":"has-post-thumbnail","6":"product_cat-banco-de-traccion-compresion","8":"first","9":"instock","10":"shipping-taxable","11":"purchasable","12":"product-type-simple"},"acf":[],"_links":{"self":[{"href":"https:\/\/www.acrn.fr\/es\/wp-json\/wp\/v2\/product\/8110","targetHints":{"allow":["GET"]}}],"collection":[{"href":"https:\/\/www.acrn.fr\/es\/wp-json\/wp\/v2\/product"}],"about":[{"href":"https:\/\/www.acrn.fr\/es\/wp-json\/wp\/v2\/types\/product"}],"wp:featuredmedia":[{"embeddable":true,"href":"https:\/\/www.acrn.fr\/es\/wp-json\/wp\/v2\/media\/8111"}],"wp:attachment":[{"href":"https:\/\/www.acrn.fr\/es\/wp-json\/wp\/v2\/media?parent=8110"}],"wp:term":[{"taxonomy":"product_brand","embeddable":true,"href":"https:\/\/www.acrn.fr\/es\/wp-json\/wp\/v2\/product_brand?post=8110"},{"taxonomy":"product_cat","embeddable":true,"href":"https:\/\/www.acrn.fr\/es\/wp-json\/wp\/v2\/product_cat?post=8110"},{"taxonomy":"product_tag","embeddable":true,"href":"https:\/\/www.acrn.fr\/es\/wp-json\/wp\/v2\/product_tag?post=8110"}],"curies":[{"name":"wp","href":"https:\/\/api.w.org\/{rel}","templated":true}]}}