{"id":8079,"date":"2020-09-29T19:46:25","date_gmt":"2020-09-29T19:46:25","guid":{"rendered":"https:\/\/www.acrn.fr\/product\/dinamometro-bfg"},"modified":"2021-12-07T15:05:04","modified_gmt":"2021-12-07T14:05:04","slug":"ergonomico-dinamometro","status":"publish","type":"product","link":"https:\/\/www.acrn.fr\/es\/producto\/ergonomico-dinamometro\/","title":{"rendered":"Dinam\u00f3metro BFG"},"content":{"rendered":"<h3>Detalles de las caracter\u00edsticas<\/h3>\n<ul>\n<li>Aviso de sobrecarga con gr\u00e1fico de barras para minimizar los da\u00f1os accidentales del sensor<\/li>\n<li>Lectura de la carga m\u00e1xima durante la prueba<\/li>\n<li>Transferencia de datos a trav\u00e9s de RS232, digim\u00e1tica o anal\u00f3gica &#8211; salida de datos a PC o impresora para su posterior an\u00e1lisis<\/li>\n<li>Conexi\u00f3n a un PC<\/li>\n<li>Montaje ergon\u00f3mico en el banco de tracci\u00f3n\/compresi\u00f3n<\/li>\n<li>Procesamiento de datos en forma gr\u00e1fica con Vector Pro Lite y generaci\u00f3n de informes en formato PDF o Excel<\/li>\n<\/ul>\n<h3>Opciones<\/h3>\n<table style=\"border-collapse: collapse; width: 100%;\">\n<tbody>\n<tr>\n<td style=\"width: 100%;\">Numerosos accesorios de tensi\u00f3n\/compresi\u00f3n (cat\u00e1logo de accesorios del dinam\u00f3metro)<\/td>\n<\/tr>\n<tr>\n<td style=\"width: 100%;\">Software Vector Pro Lite para el procesamiento\/adquisici\u00f3n de datos (1 licencia)<\/td>\n<\/tr>\n<tr>\n<td style=\"width: 100%;\">Cable BFG a puerto Mitutoyo<\/td>\n<\/tr>\n<tr>\n<td style=\"width: 100%;\">Cable BFG a RS232<\/td>\n<\/tr>\n<tr>\n<td style=\"width: 100%;\">Cable BFG a USB Direct<\/td>\n<\/tr>\n<tr>\n<td style=\"width: 100%;\">Cable de BFG a puerto anal\u00f3gico<\/td>\n<\/tr>\n<tr>\n<td style=\"width: 100%;\">Software DataXport para exportar datos a Excel<\/td>\n<\/tr>\n<\/tbody>\n<\/table>\n<p>&nbsp;<\/p>\n<table style=\"border-collapse: collapse; width: 100%;\">\n<tbody>\n<tr>\n<td style=\"width: 20%;\">Modelo<\/td>\n<td style=\"width: 20%;\">N<\/td>\n<td style=\"width: 20%;\">kgf<\/td>\n<td style=\"width: 20%;\">ozf<\/td>\n<td style=\"width: 20%;\">lbf<\/td>\n<\/tr>\n<tr>\n<td style=\"width: 20%;\">10<\/td>\n<td style=\"width: 20%;\">10 x 0.002<\/td>\n<td style=\"width: 20%;\">1 x 0.0002<\/td>\n<td style=\"width: 20%;\">35 x 0.01<\/td>\n<td style=\"width: 20%;\">2.2 x 0.0005<\/td>\n<\/tr>\n<tr>\n<td style=\"width: 20%;\">50<\/td>\n<td style=\"width: 20%;\">50 x 0.01<\/td>\n<td style=\"width: 20%;\">5 x 0.001<\/td>\n<td style=\"width: 20%;\">180 x 0.05<\/td>\n<td style=\"width: 20%;\">11 x 0.002<\/td>\n<\/tr>\n<tr>\n<td style=\"width: 20%;\">200<\/td>\n<td style=\"width: 20%;\">200 x 0.05<\/td>\n<td style=\"width: 20%;\">20 x 0.005<\/td>\n<td style=\"width: 20%;\">720 x 0.2<\/td>\n<td style=\"width: 20%;\">44 x 0.01<\/td>\n<\/tr>\n<tr>\n<td style=\"width: 20%;\">500<\/td>\n<td style=\"width: 20%;\">500 x 0.1<\/td>\n<td style=\"width: 20%;\">50 x 0.01<\/td>\n<td style=\"width: 20%;\">1800 x 0.5<\/td>\n<td style=\"width: 20%;\">110 x 0.02<\/td>\n<\/tr>\n<tr>\n<td style=\"width: 20%;\">1000<\/td>\n<td style=\"width: 20%;\">1000 x 0.2<\/td>\n<td style=\"width: 20%;\">100 x 0.02<\/td>\n<td style=\"width: 20%;\">3500 x 1<\/td>\n<td style=\"width: 20%;\">220 x 0.05<\/td>\n<\/tr>\n<tr>\n<td style=\"width: 20%;\">2500<\/td>\n<td style=\"width: 20%;\">2500 x 0.5<\/td>\n<td style=\"width: 20%;\">250 x 0.05<\/td>\n<td style=\"width: 20%;\">9000 x 2<\/td>\n<td style=\"width: 20%;\">550 x 0.1<\/td>\n<\/tr>\n<\/tbody>\n<\/table>\n","protected":false},"excerpt":{"rendered":"<blockquote><p>El dinam\u00f3metro esencial<\/p><\/blockquote>\n<p>La BFG es una c\u00e9lula de carga multifuncional, ergon\u00f3mica y asequible para medir fuerzas de tracci\u00f3n\/compresi\u00f3n.<\/p>\n<p>Puntos fuertes del BFG:<\/p>\n<p><strong>Alta capacidad<\/strong><\/p>\n<p>Con capacidades que van de 10 a 2500 N, puede montarse en un banco de pruebas o utilizarse como dispositivo port\u00e1til. Es robusto y tiene una precisi\u00f3n de +\/- 0,25% de la escala completa.<\/p>\n<p><strong>F\u00e1cil de usar<\/strong><\/p>\n<p>Con una pantalla digital y un men\u00fa multit\u00e1ctil bien posicionado, es muy f\u00e1cil de usar incluso para los operadores no cualificados.<\/p>\n<p><a href=\"https:\/\/www.acrn.fr\/wp-content\/uploads\/2020\/09\/BFG-GB-BD.pdf\" target=\"_blank\" rel=\"noopener\">Ficha t\u00e9cnica de BFG<\/a><\/p>\n","protected":false},"featured_media":8080,"template":"","meta":{"_acf_changed":false,"_et_pb_use_builder":"","_et_pb_old_content":"","_et_gb_content_width":""},"product_brand":[],"product_cat":[211],"product_tag":[],"class_list":{"0":"post-8079","1":"product","2":"type-product","3":"status-publish","4":"has-post-thumbnail","6":"product_cat-dinamometros-electronicos","8":"first","9":"instock","10":"shipping-taxable","11":"purchasable","12":"product-type-simple"},"acf":[],"_links":{"self":[{"href":"https:\/\/www.acrn.fr\/es\/wp-json\/wp\/v2\/product\/8079","targetHints":{"allow":["GET"]}}],"collection":[{"href":"https:\/\/www.acrn.fr\/es\/wp-json\/wp\/v2\/product"}],"about":[{"href":"https:\/\/www.acrn.fr\/es\/wp-json\/wp\/v2\/types\/product"}],"wp:featuredmedia":[{"embeddable":true,"href":"https:\/\/www.acrn.fr\/es\/wp-json\/wp\/v2\/media\/8080"}],"wp:attachment":[{"href":"https:\/\/www.acrn.fr\/es\/wp-json\/wp\/v2\/media?parent=8079"}],"wp:term":[{"taxonomy":"product_brand","embeddable":true,"href":"https:\/\/www.acrn.fr\/es\/wp-json\/wp\/v2\/product_brand?post=8079"},{"taxonomy":"product_cat","embeddable":true,"href":"https:\/\/www.acrn.fr\/es\/wp-json\/wp\/v2\/product_cat?post=8079"},{"taxonomy":"product_tag","embeddable":true,"href":"https:\/\/www.acrn.fr\/es\/wp-json\/wp\/v2\/product_tag?post=8079"}],"curies":[{"name":"wp","href":"https:\/\/api.w.org\/{rel}","templated":true}]}}