{"id":8051,"date":"2020-09-29T19:30:02","date_gmt":"2020-09-29T19:30:02","guid":{"rendered":"https:\/\/www.acrn.fr\/product\/controlador-de-llaves-acratork"},"modified":"2025-10-14T09:00:57","modified_gmt":"2025-10-14T07:00:57","slug":"controlador-de-teclas","status":"publish","type":"product","link":"https:\/\/www.acrn.fr\/es\/producto\/controlador-de-teclas\/","title":{"rendered":"Controlador de llaves Acratork"},"content":{"rendered":"<p>Todos los modelos tienen escalas dobles calibradas en unidades ISO e imperiales.<\/p>\n<p>La gama L1 permite conocer el valor del pico gracias a una aguja de memoria.<\/p>\n<p>Los analizadores L2, L3 y L4 disponen de una funci\u00f3n de \u00abparada autom\u00e1tica\u00bb que permite que el indicador permanezca en la carga de par m\u00e1xima aplicada. Al pulsar el bot\u00f3n de reinicio, la aguja vuelve a cero, lista para la siguiente aplicaci\u00f3n de par.<\/p>\n<p>Las gamas L1, L2 y L3 est\u00e1n montadas sobre un soporte vertical.<\/p>\n<p>La gama L4 est\u00e1 equipada con un pie de fijaci\u00f3n.<\/p>\n<h3>Viene con:<\/h3>\n<ul>\n<li class=\"Default\" style=\"text-align: justify;\">Certificado de calibraci\u00f3n conectado a COFRAC.<\/li>\n<\/ul>\n<div class=\"product-video\"><video autoplay=\"autoplay\" loop=\"loop\" muted=\"muted\" width=\"auto\" height=\"auto\"><source src=\"\/wp-content\/uploads\/2021\/04\/acratork.mov\" type=\"video\/mp4\"><\/source><\/video><\/div>\n<h3>Opci\u00f3n:<\/h3>\n<ul>\n<li class=\"Default\" style=\"text-align: justify;\"><span style=\"font-size: 11.0pt;\">Plaza de adaptaci\u00f3n<\/span><\/li>\n<\/ul>\n<p>&nbsp;<\/p>\n<table style=\"border-collapse: collapse; width: 103.986%; height: 224px;\">\n<tbody>\n<tr style=\"height: 22px;\">\n<td style=\"width: 10%; height: 45px;\" rowspan=\"2\">Referencia<\/td>\n<td style=\"width: 10%; height: 45px;\" rowspan=\"2\">Modelo<\/td>\n<td style=\"width: 15%; height: 22px;\" colspan=\"2\">Unidad Iso<\/td>\n<td style=\"width: 5.02618%; height: 22px;\" colspan=\"2\">Unidad Imperial<\/td>\n<td style=\"width: 10%; height: 45px;\" rowspan=\"2\">Precisi\u00f3n<\/td>\n<td style=\"width: 10%; height: 45px;\" rowspan=\"2\">Plaza de la formaci\u00f3n<\/td>\n<td style=\"width: 10%; height: 45px;\" rowspan=\"2\">\u00d8 dial<\/td>\n<td style=\"width: 10%; height: 45px;\" rowspan=\"2\">KG<\/td>\n<\/tr>\n<tr style=\"height: 23px;\">\n<td style=\"width: 10%; height: 23px;\">Capacidad<\/td>\n<td style=\"width: 5%; height: 23px;\">Graduaciones<\/td>\n<td style=\"width: 3.92969%; height: 23px;\">Capacidad<\/td>\n<td style=\"width: 1.09649%; height: 23px;\">Graduaciones<\/td>\n<\/tr>\n<tr style=\"height: 23px;\">\n<td style=\"width: 10%; height: 15px;\">17 300 07<\/td>\n<td style=\"width: 10%; height: 15px;\">L1-R<\/td>\n<td style=\"width: 10%; height: 15px;\">0-35 N.cm<\/td>\n<td style=\"width: 5%; height: 15px;\">0.5 N.cm<\/td>\n<td style=\"width: 3.92969%; height: 15px;\">0-50 ozf.in<\/td>\n<td style=\"width: 1.09649%; height: 15px;\">1\/2 ozf.in<\/td>\n<td style=\"height: 15px; width: 10%;\">+ \/ &#8211; 1 division<\/td>\n<td style=\"height: 15px; width: 10%;\">1\/4&#8243;<\/td>\n<td style=\"height: 15px; width: 10%;\">102 mm<\/td>\n<td style=\"width: 10%; height: 15px;\">0,84<\/td>\n<\/tr>\n<tr style=\"height: 23px;\">\n<td style=\"width: 10%; height: 23px;\">17 300 31<\/td>\n<td style=\"width: 10%; height: 23px;\">L1<\/td>\n<td style=\"width: 10%; height: 23px;\">0-570 N.cm<\/td>\n<td style=\"width: 5%; height: 23px;\">5 N.cm<\/td>\n<td style=\"width: 3.92969%; height: 23px;\">0-50 lfb.in<\/td>\n<td style=\"width: 1.09649%; height: 23px;\">1\/2lbf.in<\/td>\n<td style=\"width: 10%; height: 23px;\">+ \/ &#8211; 1 division<\/td>\n<td style=\"width: 10%; height: 23px;\">1\/4&#8243;<\/td>\n<td style=\"width: 10%; height: 23px;\">102 mm<\/td>\n<td style=\"width: 10%; height: 23px;\">0,85<\/td>\n<\/tr>\n<tr style=\"height: 23px;\">\n<td style=\"width: 10%; height: 23px;\">17 300 43<\/td>\n<td style=\"width: 10%; height: 23px;\">L1-S<\/td>\n<td style=\"width: 10%; height: 23px;\">0-1350 N.cm<\/td>\n<td style=\"width: 5%; height: 23px;\">10 N.cm<\/td>\n<td style=\"width: 3.92969%; height: 23px;\">0-120 lfb.in<\/td>\n<td style=\"width: 1.09649%; height: 23px;\">1 lbf.in<\/td>\n<td style=\"width: 10%; height: 23px;\">+ \/ &#8211; 1 division<\/td>\n<td style=\"height: 46px; width: 10%;\">3\/8&#8243;<\/td>\n<td style=\"height: 23px; width: 10%;\">251 mm<\/td>\n<td style=\"width: 10%; height: 23px;\">0,90<\/td>\n<\/tr>\n<tr style=\"height: 23px;\">\n<td style=\"width: 10%; height: 23px;\">17 300 45<\/td>\n<td style=\"width: 10%; height: 23px;\">L2-RM<\/td>\n<td style=\"width: 10%; height: 23px;\">0-2250 N.cm<\/td>\n<td style=\"width: 5%; height: 23px;\">10 N.cm<\/td>\n<td style=\"width: 3.92969%; height: 23px;\">0-200 lfb.in<\/td>\n<td style=\"width: 1.09649%; height: 23px;\">1 lbf.in<\/td>\n<td style=\"width: 10%; height: 23px;\">+ \/ &#8211; 1 division<\/td>\n<td style=\"width: 10%;\">3\/8&#8243;<\/td>\n<td style=\"width: 10%; height: 23px;\">251 mm<\/td>\n<td style=\"width: 10%; height: 23px;\">4<\/td>\n<\/tr>\n<tr style=\"height: 23px;\">\n<td style=\"width: 10%; height: 23px;\">17 300 53<\/td>\n<td style=\"width: 10%; height: 23px;\">L2-SM<\/td>\n<td style=\"width: 10%; height: 23px;\">0-67 N.m<\/td>\n<td style=\"width: 5%; height: 23px;\">0,5 N.m<\/td>\n<td style=\"width: 3.92969%; height: 23px;\">0-600 lbf.in<\/td>\n<td style=\"width: 1.09649%; height: 23px;\">1 lbf.in<\/td>\n<td style=\"width: 10%; height: 23px;\">+ \/ &#8211; 1 division<\/td>\n<td style=\"height: 46px; width: 10%;\">1\/2&#8243;<\/td>\n<td style=\"width: 10%; height: 23px;\">251 mm<\/td>\n<td style=\"width: 10%; height: 23px;\">4<\/td>\n<\/tr>\n<tr style=\"height: 23px;\">\n<td style=\"width: 10%; height: 23px;\">17 300 65<\/td>\n<td style=\"width: 10%; height: 23px;\">L2-M<\/td>\n<td style=\"width: 10%; height: 23px;\">0-270 N.m<\/td>\n<td style=\"width: 5%; height: 23px;\">1 N.m<\/td>\n<td style=\"width: 3.92969%; height: 23px;\">0-200 lbf.ft<\/td>\n<td style=\"width: 1.09649%; height: 23px;\">1 lbf.ft<\/td>\n<td style=\"width: 10%; height: 23px;\">+ \/ &#8211; 1 division<\/td>\n<td style=\"width: 10%;\">1\/2&#8243;<\/td>\n<td style=\"width: 10%; height: 23px;\">251 mm<\/td>\n<td style=\"width: 10%; height: 23px;\">4<\/td>\n<\/tr>\n<tr style=\"height: 23px;\">\n<td style=\"width: 10%; height: 26px;\">17 300 73<\/td>\n<td style=\"width: 10%; height: 26px;\">L3<\/td>\n<td style=\"width: 10%; height: 26px;\">0-675 N.m<\/td>\n<td style=\"width: 5%; height: 26px;\">5 N.m<\/td>\n<td style=\"width: 3.92969%; height: 26px;\">0-500 lbf.ft<\/td>\n<td style=\"width: 1.09649%; height: 26px;\">1 lbf.ft<\/td>\n<td style=\"height: 26px; width: 10%;\">+ \/ &#8211; 2 divisiones<\/td>\n<td style=\"width: 10%; height: 26px;\">3\/4&#8243;<\/td>\n<td style=\"height: 26px; width: 10%;\">235mm<\/td>\n<td style=\"width: 10%; height: 26px;\">8,75<\/td>\n<\/tr>\n<tr style=\"height: 23px;\">\n<td style=\"width: 10%; height: 23px;\">17 300 83<\/td>\n<td style=\"width: 10%; height: 23px;\">L4<\/td>\n<td style=\"width: 10%; height: 23px;\">0-1500 N.m<\/td>\n<td style=\"width: 5%; height: 23px;\">5 N.m<\/td>\n<td style=\"width: 3.92969%; height: 23px;\">0-1100 lbf.ft<\/td>\n<td style=\"width: 1.09649%; height: 23px;\">2,5 lbf.ft<\/td>\n<td style=\"width: 10%; height: 23px;\">+ \/ &#8211; 2 divisiones<\/td>\n<td style=\"width: 10%; height: 23px;\">1&#8243;<\/td>\n<td style=\"width: 10%; height: 23px;\">235mm<\/td>\n<td style=\"width: 10%; height: 23px;\">15<\/td>\n<\/tr>\n<\/tbody>\n<\/table>\n","protected":false},"excerpt":{"rendered":"<blockquote><p>Controlador de par mec\u00e1nico<\/p><\/blockquote>\n<p>El <strong>acratork <\/strong> le permite comprobar, ajustar y calibrar con precisi\u00f3n llaves dinamom\u00e9tricas y destornilladores manuales.<\/p>\n<p>Extremadamente robustas y ligeras, ofrecen una gran precisi\u00f3n y una excelente durabilidad.<\/p>\n<p>Montado sobre cojinetes de bolas para garantizar una fricci\u00f3n m\u00ednima.<\/p>\n<p>Hay 4 modelos de productos, de L1 a L4.<\/p>\n<p>ACRN, proporciona la calibraci\u00f3n y el servicio postventa para estos modelos.<\/p>\n<p><a href=\"https:\/\/www.acrn.fr\/wp-content\/uploads\/2023\/05\/FicheTechnique_Acratork.pdf\" target=\"_blank\" rel=\"noopener\">Ficha t\u00e9cnica de Acratork<\/a><\/p>\n<p>&nbsp;<\/p>\n","protected":false},"featured_media":8052,"template":"","meta":{"_acf_changed":false,"_et_pb_use_builder":"","_et_pb_old_content":"","_et_gb_content_width":""},"product_brand":[],"product_cat":[234,236],"product_tag":[],"class_list":{"0":"post-8051","1":"product","2":"type-product","3":"status-publish","4":"has-post-thumbnail","6":"product_cat-controlador-de-la-llave-de-torsion","7":"product_cat-otros-controladores-de-par","9":"first","10":"instock","11":"shipping-taxable","12":"purchasable","13":"product-type-simple"},"acf":[],"_links":{"self":[{"href":"https:\/\/www.acrn.fr\/es\/wp-json\/wp\/v2\/product\/8051","targetHints":{"allow":["GET"]}}],"collection":[{"href":"https:\/\/www.acrn.fr\/es\/wp-json\/wp\/v2\/product"}],"about":[{"href":"https:\/\/www.acrn.fr\/es\/wp-json\/wp\/v2\/types\/product"}],"wp:featuredmedia":[{"embeddable":true,"href":"https:\/\/www.acrn.fr\/es\/wp-json\/wp\/v2\/media\/8052"}],"wp:attachment":[{"href":"https:\/\/www.acrn.fr\/es\/wp-json\/wp\/v2\/media?parent=8051"}],"wp:term":[{"taxonomy":"product_brand","embeddable":true,"href":"https:\/\/www.acrn.fr\/es\/wp-json\/wp\/v2\/product_brand?post=8051"},{"taxonomy":"product_cat","embeddable":true,"href":"https:\/\/www.acrn.fr\/es\/wp-json\/wp\/v2\/product_cat?post=8051"},{"taxonomy":"product_tag","embeddable":true,"href":"https:\/\/www.acrn.fr\/es\/wp-json\/wp\/v2\/product_tag?post=8051"}],"curies":[{"name":"wp","href":"https:\/\/api.w.org\/{rel}","templated":true}]}}