{"id":8024,"date":"2020-09-29T20:01:39","date_gmt":"2020-09-29T20:01:39","guid":{"rendered":"https:\/\/www.acrn.fr\/product\/dinamometro-electronico-epx-t"},"modified":"2026-01-29T14:19:54","modified_gmt":"2026-01-29T13:19:54","slug":"dinamometro-electronico-epx-t","status":"publish","type":"product","link":"https:\/\/www.acrn.fr\/es\/producto\/dinamometro-electronico-epx-t\/","title":{"rendered":"B\u00e1scula electr\u00f3nica EPX-T"},"content":{"rendered":"<p>Nuestra b\u00e1scula electr\u00f3nica es un instrumento de medici\u00f3n de alta precisi\u00f3n dise\u00f1ado para satisfacer las exigencias de la industria y los laboratorios. Fiable y ergon\u00f3mico, permite realizar mediciones de fuerza de tracci\u00f3n con gran precisi\u00f3n. Su pantalla digital clara y sus funciones avanzadas garantizan un uso intuitivo y eficaz. Adecuado para numerosas aplicaciones, es la herramienta ideal para el control de calidad, ensayos mec\u00e1nicos y pruebas de resistencia. P\u00f3ngase en <a href=\"https:\/\/www.acrn.fr\/es\/producto\/dinamometro-electronico-epx-t\/#contactez\">contacto<\/a> con nosotros para recibir un presupuesto.<\/p>\n<div class='content-column one_half'><h3>Ventajas de la balanza electr\u00f3nica epx-t:<span style=\"color: #d64914;\"><strong><br \/>\n<\/strong><\/span><\/h3>\n<ul>\n<li><span style=\"color: #d64914;\"><strong>Robusto<br \/>\n<\/strong><span style=\"color: #215876;\">Cuerpo de aluminio aeron\u00e1utico resistente a impactos y ca\u00eddas<\/span><strong><span style=\"color: #215876;\"><br \/>\n<\/span><br \/>\n<\/strong><\/span><\/li>\n<li><span style=\"color: #d64914;\"><strong>Practica<br \/>\n<span style=\"color: #215876;\">Caja de control remoto, permite la lectura a distancia de la medici\u00f3n<em><br \/>\n<\/em><\/span><\/strong><span style=\"color: #215876;\">Se comunica de forma inal\u00e1mbrica<\/span><span style=\"color: #215876;\"><\/div><\/span><br \/>\n<\/span><\/li>\n<\/ul>\n<p>&nbsp;<\/p>\n<div class='content-column one_half last_column'><img decoding=\"async\" class=\"alignnone wp-image-6694 size-full\" title=\"Balanza electr\u00f3nica\" src=\"https:\/\/www.acrn.fr\/wp-content\/uploads\/2020\/09\/epxt-2.png\" alt=\"Balanza electr\u00f3nica\" width=\"500\" height=\"350\" srcset=\"https:\/\/www.acrn.fr\/wp-content\/uploads\/2020\/09\/epxt-2.png 500w, https:\/\/www.acrn.fr\/wp-content\/uploads\/2020\/09\/epxt-2-480x336.png 480w\" sizes=\"(min-width: 0px) and (max-width: 480px) 480px, (min-width: 481px) 500px, 100vw\" \/><\/div><div class='clear_column'><\/div>\n<div class=\"accessories\">\n<div class=\"accessory\">\n<h4>Anillo de la cabeza<\/h4>\n<div class=\"accessory-img\"><img decoding=\"async\" src=\"\/wp-content\/uploads\/2021\/03\/acc-for-anneau_de_levage_EPX_T-1-BD.jpg\" alt=\"Anillo de la cabeza\" \/><\/div>\n<\/div>\n<div class=\"accessory\">\n<h4>Manila<\/h4>\n<div class=\"accessory-img\"><img decoding=\"async\" src=\"\/wp-content\/uploads\/2021\/03\/Manilles.jpg\" alt=\"manillas\" \/><\/div>\n<\/div>\n<div class=\"accessory\">\n<h4>Gancho giratorio<\/h4>\n<div class=\"accessory-img\"><img decoding=\"async\" src=\"\/wp-content\/uploads\/2021\/03\/acc-for-crochet_a%CC%80_manille_EPX_T-1-BD.jpg\" alt=\"Gancho giratorio\" \/><\/div>\n<\/div>\n<\/div>\n<h3>Capacidades del pes\u00f3n<\/h3>\n<p>La balanza electr\u00f3nica EPX-T est\u00e1 disponible en varias capacidades:<\/p>\n<ul>\n<li>EPX-T 3000 daN<\/li>\n<li>EPX-T 6000 daN<\/li>\n<li>EPX-T 10 000 daN<\/li>\n<li>EPX-T 20 000 daN<\/li>\n<li>EPX-T 25 000 daN<\/li>\n<\/ul>\n<div id=\"gtx-trans\" style=\"position: absolute; left: 16px; top: 245.2px;\">\n<div class=\"gtx-trans-icon\"><\/div>\n<\/div>\n","protected":false},"excerpt":{"rendered":"<blockquote><p>LA BALANZA DE ALTA CAPACIDAD CON PANTALLA REMOTA<\/p><\/blockquote>\n<p>El EPX-T es un medidor de fuerza electr\u00f3nico de precisi\u00f3n industrial con pantalla remota, para medir las fuerzas de tracci\u00f3n o elevaci\u00f3n de cargas suspendidas de 300 kg a 20T.<\/p>\n<p>La c\u00e9lula de carga EPX-T es totalmente digital, sensible al tacto, no requiere ajuste manual y es extremadamente f\u00e1cil de usar.<\/p>\n<p><a href=\"https:\/\/www.acrn.fr\/wp-content\/uploads\/2026\/01\/Data_sheet_EPX_GB_V2.pdf.pdf\" target=\"_blank\" rel=\"noopener\">Ficha t\u00e9cnica EPX-T<\/a><\/p>\n","protected":false},"featured_media":22343,"template":"","meta":{"_acf_changed":false,"_et_pb_use_builder":"off","_et_pb_old_content":"<img class=\"alignnone size-medium wp-image-621\" src=\"https:\/\/www.acrn.fr\/wp-content\/uploads\/2020\/09\/epx-t4-300x300.jpg\" alt=\"\" width=\"300\" height=\"300\"> <img class=\"alignnone size-medium wp-image-620\" src=\"https:\/\/www.acrn.fr\/wp-content\/uploads\/2020\/09\/epx-t2-300x300.jpg\" alt=\"\" width=\"300\" height=\"300\"> <img class=\"alignnone size-medium wp-image-619\" src=\"https:\/\/www.acrn.fr\/wp-content\/uploads\/2020\/09\/epx-t1-300x300.jpg\" alt=\"\" width=\"300\" height=\"300\"> <img class=\"alignnone size-medium wp-image-618\" src=\"https:\/\/www.acrn.fr\/wp-content\/uploads\/2020\/09\/epx-t3-300x300.jpg\" alt=\"\" width=\"300\" height=\"300\">FUNCTION\r\nEl EPX-T est\u00e1 dise\u00f1ado para medir las fuerzas de tracci\u00f3n o elevaci\u00f3n de cargas suspendidas desde 300 kg hasta 20 T. La EPX-T es totalmente digital, sensible al tacto, sin ajustes manuales y muy f\u00e1cil de usar.\r\n\r\nVENTAJAS del EPX-T :\r\n\r\nErgon\u00f3mico\r\nPuede utilizarse en todas las direcciones\r\n\r\nRobusto\r\nCuerpo de aluminio aeroespacial\r\nResistente a los golpes y a las ca\u00eddas\r\n\r\nResumen\r\nIndicaci\u00f3n de sobrecarga del 110%.\r\n\r\nPractica\r\nCaja de control remoto\r\nSe comunica de forma inal\u00e1mbrica\r\n\r\nCONTENIDO\r\n\r\nUna malet\u00edn\r\n\r\nUn certificado de calibraci\u00f3n ACRN\r\n\r\nUn manual de instrucciones\r\n\r\nUn cargador\r\n\r\n \r\n<table style=\"border-collapse: collapse;width: 100%\">\r\n<tbody>\r\n<tr>\r\n<td style=\"width: 100%\">CONTENIDO DE LA MALET\u00cdN<\/td>\r\n<\/tr>\r\n<tr>\r\n<td style=\"width: 100%\">Un malet\u00edn de transporte<\/td>\r\n<\/tr>\r\n<tr>\r\n<td style=\"width: 100%\">Un certificado de calibraci\u00f3n ACRN<\/td>\r\n<\/tr>\r\n<tr>\r\n<td style=\"width: 100%\">Un manual de instrucciones<\/td>\r\n<\/tr>\r\n<tr>\r\n<td style=\"width: 100%\">Un cargador<\/td>\r\n<\/tr>\r\n<\/tbody>\r\n<\/table>\r\n[box type=\"download\"] DESCARGAR LA FICHA T\u00c9CNICA[\/box]\r\n\r\n[learn_more caption=\"Essai Henri Bloc Bascule\"] Contenu du bloc d'Henri[\/learn_more]","_et_gb_content_width":""},"product_brand":[],"product_cat":[217,206,211],"product_tag":[],"class_list":{"0":"post-8024","1":"product","2":"type-product","3":"status-publish","4":"has-post-thumbnail","6":"product_cat-dinamometros-de-elevacion-y-de-alta-capacidad","7":"product_cat-productos-inicio","8":"product_cat-dinamometros-electronicos","10":"first","11":"instock","12":"shipping-taxable","13":"purchasable","14":"product-type-simple"},"acf":[],"_links":{"self":[{"href":"https:\/\/www.acrn.fr\/es\/wp-json\/wp\/v2\/product\/8024","targetHints":{"allow":["GET"]}}],"collection":[{"href":"https:\/\/www.acrn.fr\/es\/wp-json\/wp\/v2\/product"}],"about":[{"href":"https:\/\/www.acrn.fr\/es\/wp-json\/wp\/v2\/types\/product"}],"wp:featuredmedia":[{"embeddable":true,"href":"https:\/\/www.acrn.fr\/es\/wp-json\/wp\/v2\/media\/22343"}],"wp:attachment":[{"href":"https:\/\/www.acrn.fr\/es\/wp-json\/wp\/v2\/media?parent=8024"}],"wp:term":[{"taxonomy":"product_brand","embeddable":true,"href":"https:\/\/www.acrn.fr\/es\/wp-json\/wp\/v2\/product_brand?post=8024"},{"taxonomy":"product_cat","embeddable":true,"href":"https:\/\/www.acrn.fr\/es\/wp-json\/wp\/v2\/product_cat?post=8024"},{"taxonomy":"product_tag","embeddable":true,"href":"https:\/\/www.acrn.fr\/es\/wp-json\/wp\/v2\/product_tag?post=8024"}],"curies":[{"name":"wp","href":"https:\/\/api.w.org\/{rel}","templated":true}]}}