{"id":8004,"date":"2020-09-29T20:02:44","date_gmt":"2020-09-29T20:02:44","guid":{"rendered":"https:\/\/www.acrn.fr\/product\/consola-de-medicion-xa-para-sensores"},"modified":"2026-04-23T10:13:13","modified_gmt":"2026-04-23T08:13:13","slug":"consola-de-medicion-xa","status":"publish","type":"product","link":"https:\/\/www.acrn.fr\/es\/producto\/consola-de-medicion-xa\/","title":{"rendered":"Consola de medici\u00f3n XA para sensores"},"content":{"rendered":"<h2><strong><span style=\"color: #215876;\">Funciones y modos de la consola de medici\u00f3n xa<\/span><\/strong><\/h2>\n<h3 class=\"font-claude-response-body break-words whitespace-normal leading-[1.7]\"><span style=\"color: #95cceb;\"><strong>Modo de pico y modo de seguimiento<\/strong><\/span><\/h3>\n<p class=\"font-claude-response-body break-words whitespace-normal leading-[1.7]\">El XA-m ofrece dos modos de medici\u00f3n adaptados a los distintos tipos de pruebas. El modo de pico captura y almacena el valor m\u00e1ximo alcanzado durante un ensayo, lo que lo hace ideal para pruebas de fuerza de arranque, resistencia mec\u00e1nica o par de desmontaje. El modo de seguimiento muestra el valor en tiempo real, lo que resulta ideal para mediciones continuas o controles de la fuerza aplicada.<\/p>\n<h3 class=\"font-claude-response-body break-words whitespace-normal leading-[1.7]\"><span style=\"color: #95cceb;\"><strong>Memoria y programas<\/strong><\/span><\/h3>\n<p class=\"font-claude-response-body break-words whitespace-normal leading-[1.7]\">La consola almacena hasta 200 valores en su memoria interna y permite guardar 15 programas con umbrales m\u00ednimos y m\u00e1ximos configurables. Esta funci\u00f3n permite definir rangos de cumplimiento para cada referencia de producto y cambiar r\u00e1pidamente de un programa a otro en una l\u00ednea con varias referencias.<\/p>\n<h3 class=\"font-claude-response-body break-words whitespace-normal leading-[1.7]\"><span style=\"color: #95cceb;\"><strong>Filtrado y frecuencia de muestreo<\/strong><\/span><\/h3>\n<p class=\"font-claude-response-body break-words whitespace-normal leading-[1.7]\">La frecuencia de muestreo de 1 kHz, junto con 4 filtros seleccionables, permite adaptar la consola a diferentes din\u00e1micas de medici\u00f3n: desde mediciones cuasiest\u00e1ticas lentas hasta ensayos din\u00e1micos r\u00e1pidos que requieren una buena resoluci\u00f3n temporal.<\/p>\n<h3 class=\"font-claude-response-body break-words whitespace-normal leading-[1.7]\"><span style=\"color: #95cceb;\"><strong>Conectividad RS232 y exportaci\u00f3n de datos<\/strong><\/span><\/h3>\n<p class=\"font-claude-response-body break-words whitespace-normal leading-[1.7]\">El puerto RS232 integrado permite conectarse a un ordenador para exportar los datos al software DataXport\u00ae o a cualquier otro sistema de adquisici\u00f3n. Hay disponible un cable RS232 a USB como accesorio opcional para los ordenadores modernos.<\/p>\n<hr \/>\n<h3>Informaci\u00f3n t\u00e9cnica<\/h3>\n<table style=\"border-collapse: collapse; width: 100%; height: 253px;\">\n<tbody>\n<tr style=\"height: 23px;\">\n<td style=\"width: 50%; height: 23px;\"><strong>Modos de medici\u00f3n<\/strong><\/td>\n<td style=\"width: 50%; height: 23px;\">Cumbrera y Seguidor<\/td>\n<\/tr>\n<tr style=\"height: 23px;\">\n<td style=\"width: 50%; height: 23px;\"><strong>Memoria<\/strong><\/td>\n<td style=\"width: 50%; height: 23px;\">Almacenamiento de 200 valores en el dispositivo &#8211; 15 programas almacenables (umbrales m\u00ednimos y m\u00e1ximos)<\/td>\n<\/tr>\n<tr style=\"height: 23px;\">\n<td style=\"width: 50%; height: 23px;\"><strong>Frecuencia de muestreo<\/strong><\/td>\n<td style=\"width: 50%; height: 23px;\">1kHz &#8211; 4 filtros seleccionables<\/td>\n<\/tr>\n<tr style=\"height: 23px;\">\n<td style=\"width: 50%; height: 23px;\"><strong>Conectividad<\/strong><\/td>\n<td style=\"width: 50%; height: 23px;\">Protocolo de comunicaci\u00f3n RS232<\/td>\n<\/tr>\n<tr style=\"height: 23px;\">\n<td style=\"width: 50%; height: 23px;\"><strong>Precisi\u00f3n<\/strong><\/td>\n<td style=\"width: 50%; height: 23px;\">0,5% de EM (escala m\u00e1xima); 1% del valor<\/td>\n<\/tr>\n<tr style=\"height: 23px;\">\n<td style=\"width: 50%; height: 23px;\"><strong>Alimentaci\u00f3n<\/strong><\/td>\n<td style=\"width: 50%; height: 23px;\">Con bater\u00eda el\u00e9ctrica de 12V con cargador de 220V incluido<\/td>\n<\/tr>\n<tr style=\"height: 23px;\">\n<td style=\"width: 50%; height: 23px;\"><strong>Conexiones<\/strong><\/td>\n<td style=\"width: 50%; height: 23px;\">Puerto RS232<\/td>\n<\/tr>\n<tr style=\"height: 23px;\">\n<td style=\"width: 50%; height: 23px;\"><strong>Idioma<\/strong><\/td>\n<td style=\"width: 50%; height: 23px;\">Franc\u00e9s, ingl\u00e9s<\/td>\n<\/tr>\n<tr style=\"height: 23px;\">\n<td style=\"width: 50%; height: 23px;\"><strong>Dimensiones<\/strong><\/td>\n<td style=\"width: 50%; height: 23px;\">L160 x A115 x A75 mm<\/td>\n<\/tr>\n<tr style=\"height: 23px;\">\n<td style=\"width: 50%; height: 23px;\"><strong>Peso<\/strong><\/td>\n<td style=\"width: 50%; height: 23px;\">800 g<\/td>\n<\/tr>\n<tr style=\"height: 23px;\">\n<td style=\"width: 50%; height: 23px;\"><strong>Garant\u00eda<\/strong><\/td>\n<td style=\"width: 50%; height: 23px;\">3 a\u00f1os (excluyendo el sensor)<\/td>\n<\/tr>\n<\/tbody>\n<\/table>\n<h3>Opciones<\/h3>\n<table style=\"border-collapse: collapse; width: 100%;\">\n<tbody>\n<tr>\n<td style=\"width: 100%;\">Impresora matricial<\/td>\n<\/tr>\n<tr>\n<td style=\"width: 100%;\">Cable RS232 para PC o RS 232 a USB<\/td>\n<\/tr>\n<tr>\n<td style=\"width: 100%;\">Software DataXport\u00ae para exportar datos en tiempo real a cualquier programa de PC<\/td>\n<\/tr>\n<tr>\n<td style=\"width: 100%;\">Calibraci\u00f3n anual en el Laboratorio de Metrolog\u00eda de la ACRN<\/td>\n<\/tr>\n<\/tbody>\n<\/table>\n<p>&nbsp;<\/p>\n<h3>Viene con:<\/h3>\n<ul>\n<li>Maleta de transporte<\/li>\n<li>Cargador<\/li>\n<li>Certificados de calibraci\u00f3n de los sensores especificados<\/li>\n<\/ul>\n<hr \/>\n<h2><strong><span style=\"color: #215876;\">Aplicaciones<\/span><\/strong><\/h2>\n<p class=\"font-claude-response-body break-words whitespace-normal leading-[1.7]\">La consola XA-m se utiliza junto con los sensores ACRN en las siguientes aplicaciones:<\/p>\n<p class=\"font-claude-response-body break-words whitespace-normal leading-[1.7]\"><span style=\"color: #95cceb;\"><strong>Control del par en el atornillador<\/strong> <\/span><\/p>\n<p class=\"font-claude-response-body break-words whitespace-normal leading-[1.7]\">En combinaci\u00f3n con el sensor de par integrado ACRN, el XA-m muestra y almacena los valores de par medidos directamente en el atornillador industrial, con gesti\u00f3n de los umbrales de conformidad.<\/p>\n<p class=\"font-claude-response-body break-words whitespace-normal leading-[1.7]\"><span style=\"color: #95cceb;\"><strong>Medici\u00f3n de fuerza en sensores<\/strong> <\/span><\/p>\n<p class=\"font-claude-response-body break-words whitespace-normal leading-[1.7]\">Integraci\u00f3n con c\u00e9lulas de carga y sensores de tracci\u00f3n\/compresi\u00f3n ACRN para aplicaciones de control de calidad en la producci\u00f3n o en el laboratorio.<\/p>\n<p class=\"font-claude-response-body break-words whitespace-normal leading-[1.7]\"><span style=\"color: #95cceb;\"><strong>Adquisici\u00f3n y trazabilidad<\/strong> <\/span><\/p>\n<p class=\"font-claude-response-body break-words whitespace-normal leading-[1.7]\">Exportaci\u00f3n de mediciones al ordenador a trav\u00e9s de RS232 o USB para su integraci\u00f3n en sistemas de calidad, SPC o bases de datos de trazabilidad.<\/p>\n<p class=\"font-claude-response-body break-words whitespace-normal leading-[1.7]\"><strong>Para usar con:<\/strong><\/p>\n<ul class=\"[li_&amp;]:mb-0 [li_&amp;]:mt-1 [li_&amp;]:gap-1 [&amp;:not(:last-child)_ul]:pb-1 [&amp;:not(:last-child)_ol]:pb-1 list-disc flex flex-col gap-1 pl-8 mb-3\">\n<li class=\"whitespace-normal break-words pl-2\">El <strong><a class=\"underline underline underline-offset-2 decoration-1 decoration-current\/40 hover:decoration-current focus:decoration-current\" href=\"https:\/\/www.acrn.fr\/es\/producto\/controlador-de-par-bajo-el-destornillador\/\">sensor de par integrado en el atornillador<\/a><\/strong> \u2014 El sistema completo de control de par para atornilladores incluye la consola XA-m.<\/li>\n<li class=\"whitespace-normal break-words pl-2\">El <strong><a class=\"underline underline underline-offset-2 decoration-1 decoration-current\/40 hover:decoration-current focus:decoration-current\" href=\"https:\/\/www.acrn.fr\/es\/producto\/software-de-transferencia-de-valores\/\">software DataXport\u00ae<\/a><\/strong> \u2014 para exportar los valores en tiempo real a un ordenador.<\/li>\n<li class=\"whitespace-normal break-words pl-2\">La<strong><a class=\"underline underline underline-offset-2 decoration-1 decoration-current\/40 hover:decoration-current focus:decoration-current\" href=\"https:\/\/www.acrn.fr\/es\/producto\/ip-export-connection-tool\/\">herramienta de conexi\u00f3n IP XPort<\/a><\/strong> \u2014 para la conexi\u00f3n a la red y la transferencia de datos mediante el protocolo IP.<\/li>\n<li class=\"whitespace-normal break-words pl-2\">El <strong><a class=\"underline underline underline-offset-2 decoration-1 decoration-current\/40 hover:decoration-current focus:decoration-current\" href=\"https:\/\/www.acrn.fr\/es\/producto\/sensor-de-fuerza-de-alta-precision\/\">sensor de fuerza SEJ de alta precisi\u00f3n<\/a><\/strong> \u2014 Sensor compatible con la consola XA-m para mediciones de fuerza de alta precisi\u00f3n.<\/li>\n<li class=\"whitespace-normal break-words pl-2\">Nuestro servicio <strong><a class=\"underline underline underline-offset-2 decoration-1 decoration-current\/40 hover:decoration-current focus:decoration-current\" href=\"https:\/\/www.acrn.fr\/es\/calibracion-y-metrologia\/\">de calibraci\u00f3n<\/a><\/strong> \u2014 calibraci\u00f3n anual de la consola en nuestro laboratorio de metrolog\u00eda.<\/li>\n<\/ul>\n<div id=\"gtx-trans\" style=\"position: absolute; left: 406px; top: 68.775px;\">\n<div class=\"gtx-trans-icon\"><\/div>\n<\/div>\n","protected":false},"excerpt":{"rendered":"<blockquote><p>Una consola de medici\u00f3n sencilla y robusta para sus sensores<\/p><\/blockquote>\n<p class=\"font-claude-response-body break-words whitespace-normal leading-[1.7]\">La consola XA-m es una consola electr\u00f3nica de lectura y adquisici\u00f3n dise\u00f1ada para conectarse a los sensores de fuerza y par de la gama ACRN. Compacta, resistente y sin necesidad de mantenimiento, es ideal para su uso en l\u00edneas de producci\u00f3n, laboratorios de control de calidad o en condiciones de campo.<\/p>\n<p class=\"font-claude-response-body break-words whitespace-normal leading-[1.7]\">Su caracter\u00edstica principal es el sistema de conectores MICA\u00ae: la consola reconoce autom\u00e1ticamente el sensor conectado y recupera sus caracter\u00edsticas (escala completa, ganancia, fecha de calibraci\u00f3n) sin necesidad de configuraci\u00f3n manual. Esta detecci\u00f3n autom\u00e1tica elimina el riesgo de errores de configuraci\u00f3n y garantiza que la lectura mostrada siempre se corresponda con las caracter\u00edsticas reales del sensor conectado.<\/p>\n<p class=\"font-claude-response-body break-words whitespace-normal leading-[1.7]\">La programaci\u00f3n se realiza a trav\u00e9s de una interfaz de tres botones, y los resultados se muestran en una pantalla LCD gr\u00e1fica legible incluso en condiciones de poca luz. La alimentaci\u00f3n mediante una bater\u00eda recargable de 12 V garantiza una autonom\u00eda total sin necesidad de conectarse a la red el\u00e9ctrica.<\/p>\n<p><a href=\"https:\/\/www.acrn.fr\/wp-content\/uploads\/2021\/12\/xam-GB-BD.pdf\" target=\"_blank\" rel=\"noopener\">Ficha t\u00e9cnica de la XA-m<\/a><\/p>\n","protected":false},"featured_media":8005,"template":"","meta":{"_acf_changed":false,"_et_pb_use_builder":"off","_et_pb_old_content":"<table style=\"border-collapse: collapse;width: 100%\">\r\n<tbody>\r\n<tr>\r\n<td style=\"width: 100%;text-align: left\"><strong>Opciones<\/strong><\/td>\r\n<\/tr>\r\n<tr>\r\n<td style=\"width: 100%\">Impresora matricial<\/td>\r\n<\/tr>\r\n<tr>\r\n<td style=\"width: 100%\">Cable de PC RS232 o RS 232 a USB<\/td>\r\n<\/tr>\r\n<tr>\r\n<td style=\"width: 100%\">Software DataXport\u00ae para exportar datos en tiempo real a cualquier programa de PC<\/td>\r\n<\/tr>\r\n<tr>\r\n<td style=\"width: 100%\">Calibraci\u00f3n anual en el Laboratorio de Metrolog\u00eda de la ACRN<\/td>\r\n<\/tr>\r\n<\/tbody>\r\n<\/table>\r\n \r\n<h3>Viene con:<\/h3>\r\n<ul>\r\n \t<li>Maleta de transporte<\/li>\r\n \t<li>Cargador<\/li>\r\n \t<li>Certificados de calibraci\u00f3n de los sensores especificados<\/li>\r\n<\/ul>","_et_gb_content_width":""},"product_brand":[],"product_cat":[229],"product_tag":[],"class_list":{"0":"post-8004","1":"product","2":"type-product","3":"status-publish","4":"has-post-thumbnail","6":"product_cat-consola-de-medicion-y-adquisicion","8":"first","9":"instock","10":"shipping-taxable","11":"purchasable","12":"product-type-simple"},"acf":[],"_links":{"self":[{"href":"https:\/\/www.acrn.fr\/es\/wp-json\/wp\/v2\/product\/8004","targetHints":{"allow":["GET"]}}],"collection":[{"href":"https:\/\/www.acrn.fr\/es\/wp-json\/wp\/v2\/product"}],"about":[{"href":"https:\/\/www.acrn.fr\/es\/wp-json\/wp\/v2\/types\/product"}],"wp:featuredmedia":[{"embeddable":true,"href":"https:\/\/www.acrn.fr\/es\/wp-json\/wp\/v2\/media\/8005"}],"wp:attachment":[{"href":"https:\/\/www.acrn.fr\/es\/wp-json\/wp\/v2\/media?parent=8004"}],"wp:term":[{"taxonomy":"product_brand","embeddable":true,"href":"https:\/\/www.acrn.fr\/es\/wp-json\/wp\/v2\/product_brand?post=8004"},{"taxonomy":"product_cat","embeddable":true,"href":"https:\/\/www.acrn.fr\/es\/wp-json\/wp\/v2\/product_cat?post=8004"},{"taxonomy":"product_tag","embeddable":true,"href":"https:\/\/www.acrn.fr\/es\/wp-json\/wp\/v2\/product_tag?post=8004"}],"curies":[{"name":"wp","href":"https:\/\/api.w.org\/{rel}","templated":true}]}}