{"id":7999,"date":"2021-05-31T11:34:02","date_gmt":"2021-05-31T11:34:02","guid":{"rendered":"https:\/\/www.acrn.fr\/product\/celula-de-compresion-en-miniatura-fj"},"modified":"2026-01-07T15:38:34","modified_gmt":"2026-01-07T14:38:34","slug":"celula-de-compresion","status":"publish","type":"product","link":"https:\/\/www.acrn.fr\/es\/producto\/celula-de-compresion\/","title":{"rendered":"C\u00e9lula de compresi\u00f3n en miniatura FJ"},"content":{"rendered":"<div class='content-column one_half'><h3>Ventajas de la c\u00e9lula de carga FJ<\/h3>\n<ul>\n<li><strong><span style=\"color: #d64914;\">Alta precisi\u00f3n<\/span><\/strong><\/li>\n<\/ul>\n<p><span style=\"color: #215876;\"> Capacidad de 1000N a 200 kN<\/span><\/p>\n<p>&nbsp;<\/p>\n<ul>\n<li><strong><span style=\"color: #d64914;\">C\u00e9lulas en miniatura<\/span><\/strong><\/li>\n<\/ul>\n<p>&nbsp;<\/p>\n<ul>\n<li><strong><span style=\"color: #d64914;\">Inox<\/span><\/strong><\/li>\n<\/ul>\n<p>&nbsp;<\/p><\/div>\n<div class='content-column one_half last_column'><img decoding=\"async\" class=\"alignnone wp-image-8002 size-full\" src=\"https:\/\/www.acrn.fr\/wp-content\/uploads\/2021\/05\/celluledeforcefj-1-1.png\" alt=\"c\u00e9lula de fuerza fj\" width=\"500\" height=\"320\" srcset=\"https:\/\/www.acrn.fr\/wp-content\/uploads\/2021\/05\/celluledeforcefj-1-1.png 500w, https:\/\/www.acrn.fr\/wp-content\/uploads\/2021\/05\/celluledeforcefj-1-1-480x307.png 480w\" sizes=\"(min-width: 0px) and (max-width: 480px) 480px, (min-width: 481px) 500px, 100vw\" \/><\/div><div class='clear_column'><\/div>\n<table style=\"border-collapse: collapse; width: 100%; height: 345px;\">\n<tbody>\n<tr style=\"height: 23px;\">\n<td style=\"width: 50%; height: 23px; text-align: center;\" colspan=\"2\">\n<h3>13 Capacidades<\/h3>\n<\/td>\n<\/tr>\n<tr style=\"height: 23px;\">\n<td style=\"width: 50%; height: 23px; text-align: center;\"><strong>N<\/strong><\/td>\n<td style=\"width: 50%; height: 23px; text-align: center;\"><strong>Lb<\/strong><\/td>\n<\/tr>\n<tr style=\"height: 23px;\">\n<td style=\"width: 50%; height: 23px; text-align: center;\">100<\/td>\n<td style=\"width: 50%; height: 23px; text-align: center;\">22.5<\/td>\n<\/tr>\n<tr style=\"height: 23px;\">\n<td style=\"width: 50%; height: 23px; text-align: center;\">200<\/td>\n<td style=\"width: 50%; height: 23px; text-align: center;\">45<\/td>\n<\/tr>\n<tr style=\"height: 23px;\">\n<td style=\"width: 50%; height: 23px; text-align: center;\">500<\/td>\n<td style=\"width: 50%; height: 23px; text-align: center;\">112<\/td>\n<\/tr>\n<tr style=\"height: 23px;\">\n<td style=\"width: 50%; height: 23px; text-align: center;\">1000<\/td>\n<td style=\"width: 50%; height: 23px; text-align: center;\">225<\/td>\n<\/tr>\n<tr style=\"height: 23px;\">\n<td style=\"width: 50%; height: 23px; text-align: center;\">2000<\/td>\n<td style=\"width: 50%; height: 23px; text-align: center;\">450<\/td>\n<\/tr>\n<tr style=\"height: 23px;\">\n<td style=\"width: 50%; height: 23px; text-align: center;\">5000<\/td>\n<td style=\"width: 50%; height: 23px; text-align: center;\">1124<\/td>\n<\/tr>\n<tr style=\"height: 23px;\">\n<td style=\"width: 50%; height: 23px; text-align: center;\">10 000<\/td>\n<td style=\"width: 50%; height: 23px; text-align: center;\">2248<\/td>\n<\/tr>\n<tr style=\"height: 23px;\">\n<td style=\"width: 50%; height: 23px; text-align: center;\">20 000<\/td>\n<td style=\"width: 50%; height: 23px; text-align: center;\">4496<\/td>\n<\/tr>\n<tr style=\"height: 23px;\">\n<td style=\"width: 50%; height: 23px; text-align: center;\">50 000<\/td>\n<td style=\"width: 50%; height: 23px; text-align: center;\">11 240<\/td>\n<\/tr>\n<tr style=\"height: 23px;\">\n<td style=\"width: 50%; height: 23px; text-align: center;\">60 000<\/td>\n<td style=\"width: 50%; height: 23px; text-align: center;\">13 488<\/td>\n<\/tr>\n<tr style=\"height: 23px;\">\n<td style=\"width: 50%; height: 23px; text-align: center;\">80 000<\/td>\n<td style=\"width: 50%; height: 23px; text-align: center;\">17 984<\/td>\n<\/tr>\n<tr style=\"height: 23px;\">\n<td style=\"width: 50%; height: 23px; text-align: center;\">120 000<\/td>\n<td style=\"width: 50%; height: 23px; text-align: center;\">26 976<\/td>\n<\/tr>\n<tr style=\"height: 23px;\">\n<td style=\"width: 50%; height: 23px; text-align: center;\">200 000<\/td>\n<td style=\"width: 50%; height: 23px; text-align: center;\">44 960<\/td>\n<\/tr>\n<\/tbody>\n<\/table>\n<p><img decoding=\"async\" class=\"size-full wp-image-8001 aligncenter\" src=\"https:\/\/www.acrn.fr\/wp-content\/uploads\/2021\/05\/Plan_Encombrement_Cellule_FJ.png\" alt=\"\" width=\"947\" height=\"354\" srcset=\"https:\/\/www.acrn.fr\/wp-content\/uploads\/2021\/05\/Plan_Encombrement_Cellule_FJ.png 947w, https:\/\/www.acrn.fr\/wp-content\/uploads\/2021\/05\/Plan_Encombrement_Cellule_FJ-480x179.png 480w\" sizes=\"(min-width: 0px) and (max-width: 480px) 480px, (min-width: 481px) 947px, 100vw\" \/><\/p>\n","protected":false},"excerpt":{"rendered":"<blockquote><p>C\u00e9lulas de compresi\u00f3n en miniatura<\/p>\n<p>Capacidad de 1000N a 200 kN<\/p><\/blockquote>\n<p>Los sensores FJ son c\u00e9lulas de compresi\u00f3n en miniatura, muy finas y con una excelente durabilidad.<\/p>\n<p>Su dise\u00f1o en acero inoxidable garantiza su resistencia en entornos industriales exigentes.<\/p>\n<p>Estos sensores est\u00e1n dise\u00f1ados para ser montados en una superficie plana y est\u00e1n equipados con un pomo esf\u00e9rico para un soporte \u00f3ptimo. Para conectarse a las consolas de medici\u00f3n de la ACRN.<\/p>\n<p><a href=\"https:\/\/www.acrn.fr\/wp-content\/uploads\/2021\/12\/capteurDEforceFJ-2021-GB-BD.pdf\" target=\"_blank\" rel=\"noopener\">Ficha t\u00e9cnica de la c\u00e9lula de compresi\u00f3n miniatura FJ<\/a><\/p>\n","protected":false},"featured_media":8000,"template":"","meta":{"_acf_changed":false,"_et_pb_use_builder":"","_et_pb_old_content":"","_et_gb_content_width":""},"product_brand":[],"product_cat":[210],"product_tag":[],"class_list":{"0":"post-7999","1":"product","2":"type-product","3":"status-publish","4":"has-post-thumbnail","6":"product_cat-sensores-de-fuerza","8":"first","9":"instock","10":"shipping-taxable","11":"purchasable","12":"product-type-simple"},"acf":[],"_links":{"self":[{"href":"https:\/\/www.acrn.fr\/es\/wp-json\/wp\/v2\/product\/7999","targetHints":{"allow":["GET"]}}],"collection":[{"href":"https:\/\/www.acrn.fr\/es\/wp-json\/wp\/v2\/product"}],"about":[{"href":"https:\/\/www.acrn.fr\/es\/wp-json\/wp\/v2\/types\/product"}],"wp:featuredmedia":[{"embeddable":true,"href":"https:\/\/www.acrn.fr\/es\/wp-json\/wp\/v2\/media\/8000"}],"wp:attachment":[{"href":"https:\/\/www.acrn.fr\/es\/wp-json\/wp\/v2\/media?parent=7999"}],"wp:term":[{"taxonomy":"product_brand","embeddable":true,"href":"https:\/\/www.acrn.fr\/es\/wp-json\/wp\/v2\/product_brand?post=7999"},{"taxonomy":"product_cat","embeddable":true,"href":"https:\/\/www.acrn.fr\/es\/wp-json\/wp\/v2\/product_cat?post=7999"},{"taxonomy":"product_tag","embeddable":true,"href":"https:\/\/www.acrn.fr\/es\/wp-json\/wp\/v2\/product_tag?post=7999"}],"curies":[{"name":"wp","href":"https:\/\/api.w.org\/{rel}","templated":true}]}}