{"id":7990,"date":"2021-07-07T16:29:51","date_gmt":"2021-07-07T14:29:51","guid":{"rendered":"https:\/\/www.acrn.fr\/product\/mini-transductor-de-fuerza-sej-z-con-tope"},"modified":"2021-11-29T09:58:32","modified_gmt":"2021-11-29T08:58:32","slug":"sensor-de-fuerza-baja-carga","status":"publish","type":"product","link":"https:\/\/www.acrn.fr\/es\/producto\/sensor-de-fuerza-baja-carga\/","title":{"rendered":"Mini transductor de fuerza SEJ-Z con tope"},"content":{"rendered":"<div class='content-column one_half'><h3>Ventajas de la c\u00e9lula de carga SEJ-Z Mini<\/h3>\n<ul>\n<li><strong><strong><strong><span style=\"color: #215876;\">Tracci\u00f3n y compresi\u00f3n<\/span><\/strong><\/strong><\/strong><\/li>\n<p><\/p>\n<li><strong><strong><strong><span style=\"color: #215876;\">Cargas bajas de 1 N a 5 N<\/span><\/strong><\/strong><\/strong><\/li>\n<p><\/p>\n<li><strong><span style=\"color: #215876;\">Tope mec\u00e1nico<\/span><\/strong><\/li>\n<p><\/p>\n<\/ul><\/div>\n<div class='content-column one_half last_column'><img decoding=\"async\" src=\"https:\/\/www.acrn.fr\/wp-content\/uploads\/2021\/07\/mini-sej-z.png\" alt=\"mini-sej-z\" width=\"500\" height=\"300\" class=\"alignnone size-full wp-image-7992\" srcset=\"https:\/\/www.acrn.fr\/wp-content\/uploads\/2021\/07\/mini-sej-z.png 500w, https:\/\/www.acrn.fr\/wp-content\/uploads\/2021\/07\/mini-sej-z-480x288.png 480w\" sizes=\"(min-width: 0px) and (max-width: 480px) 480px, (min-width: 481px) 500px, 100vw\" \/><\/div><div class='clear_column'><\/div>\n<h3>Opciones<\/h3>\n<ul>\n<li>Anillos y ganchos<\/li>\n<li>Pomo esf\u00e9rico<\/li>\n<li>Longitud de cable especial<\/li>\n<\/ul>\n<p><img decoding=\"async\" class=\"size-full wp-image-7993 aligncenter\" src=\"https:\/\/www.acrn.fr\/wp-content\/uploads\/2021\/05\/Mini-SEJ-Z.png\" alt=\"Mini-SEJ-Z\" width=\"700\" height=\"500\" srcset=\"https:\/\/www.acrn.fr\/wp-content\/uploads\/2021\/05\/Mini-SEJ-Z.png 700w, https:\/\/www.acrn.fr\/wp-content\/uploads\/2021\/05\/Mini-SEJ-Z-480x343.png 480w\" sizes=\"(min-width: 0px) and (max-width: 480px) 480px, (min-width: 481px) 700px, 100vw\" \/><\/p>\n","protected":false},"excerpt":{"rendered":"<blockquote><p>Cargas bajas y parada mec\u00e1nica<br \/>\nCapacidad de 1 a 5N<\/p><\/blockquote>\n<p>C\u00e9lula de fuerza de muy alta precisi\u00f3n para cargas muy bajas. Los modelos Mini SEJ-Z funcionan tanto en tracci\u00f3n como en compresi\u00f3n. Se recomiendan para todas las mediciones de alta precisi\u00f3n, bancos de pruebas, pruebas de laboratorio. Estas c\u00e9lulas est\u00e1n protegidas contra las sobrecargas accidentales de tracci\u00f3n y compresi\u00f3n mediante un tope mec\u00e1nico.<\/p>\n<p>Las c\u00e9lulas de carga en forma de \u00abS\u00bb proporcionan un rendimiento superior en un paquete compacto.<\/p>\n","protected":false},"featured_media":7991,"template":"","meta":{"_acf_changed":false,"_et_pb_use_builder":"","_et_pb_old_content":"","_et_gb_content_width":""},"product_brand":[],"product_cat":[210],"product_tag":[],"class_list":{"0":"post-7990","1":"product","2":"type-product","3":"status-publish","4":"has-post-thumbnail","6":"product_cat-sensores-de-fuerza","8":"first","9":"instock","10":"shipping-taxable","11":"purchasable","12":"product-type-simple"},"acf":[],"_links":{"self":[{"href":"https:\/\/www.acrn.fr\/es\/wp-json\/wp\/v2\/product\/7990","targetHints":{"allow":["GET"]}}],"collection":[{"href":"https:\/\/www.acrn.fr\/es\/wp-json\/wp\/v2\/product"}],"about":[{"href":"https:\/\/www.acrn.fr\/es\/wp-json\/wp\/v2\/types\/product"}],"wp:featuredmedia":[{"embeddable":true,"href":"https:\/\/www.acrn.fr\/es\/wp-json\/wp\/v2\/media\/7991"}],"wp:attachment":[{"href":"https:\/\/www.acrn.fr\/es\/wp-json\/wp\/v2\/media?parent=7990"}],"wp:term":[{"taxonomy":"product_brand","embeddable":true,"href":"https:\/\/www.acrn.fr\/es\/wp-json\/wp\/v2\/product_brand?post=7990"},{"taxonomy":"product_cat","embeddable":true,"href":"https:\/\/www.acrn.fr\/es\/wp-json\/wp\/v2\/product_cat?post=7990"},{"taxonomy":"product_tag","embeddable":true,"href":"https:\/\/www.acrn.fr\/es\/wp-json\/wp\/v2\/product_tag?post=7990"}],"curies":[{"name":"wp","href":"https:\/\/api.w.org\/{rel}","templated":true}]}}