{"id":7984,"date":"2020-10-26T18:46:52","date_gmt":"2020-10-26T18:46:52","guid":{"rendered":"https:\/\/www.acrn.fr\/product\/transductor-de-fuerza-sej"},"modified":"2025-11-05T10:50:36","modified_gmt":"2025-11-05T09:50:36","slug":"sensor-de-fuerza-de-alta-precision","status":"publish","type":"product","link":"https:\/\/www.acrn.fr\/es\/producto\/sensor-de-fuerza-de-alta-precision\/","title":{"rendered":"C\u00e9lula de fuerza SEJ"},"content":{"rendered":"<h3>Ventajas de la c\u00e9lula de carga SEJ<\/h3>\n<div class='content-column one_half'><ul>\n<li style=\"list-style-type: none;\">\n<ul>\n<li><span style=\"color: #215876;\"><span style=\"color: #215876;\">Tracci\u00f3n y compresi\u00f3n<\/span><\/span>&nbsp;<\/li>\n<\/ul>\n<\/li>\n<\/ul>\n<p>&nbsp;<\/p>\n<ul>\n<li style=\"list-style-type: none;\">\n<ul>\n<li><span style=\"color: #215876;\"><span style=\"color: #215876;\">Capacidad de 15 daN a 3000 daN<\/span><\/span>&nbsp;<\/li>\n<\/ul>\n<\/li>\n<\/ul>\n<p>&nbsp;<\/p>\n<ul>\n<li style=\"list-style-type: none;\">\n<ul>\n<li><span style=\"color: #215876;\"><span style=\"color: #215876;\">Muy buenas caracter\u00edsticas<\/span><\/span>&nbsp;<\/li>\n<\/ul>\n<\/li>\n<\/ul>\n<p>&nbsp;<\/p>\n<ul>\n<li style=\"list-style-type: none;\">\n<ul>\n<li><span style=\"color: #215876;\"><span style=\"color: #215876;\">Acero tratado &#8211; Protecci\u00f3n IP 64<\/span><\/span>&nbsp;<\/li>\n<\/ul>\n<\/li>\n<\/ul>\n<p>&nbsp;<\/p><\/div>\n<ul>\n<li><div class='content-column one_half last_column'><img decoding=\"async\" class=\"alignnone wp-image-7988 size-full\" src=\"https:\/\/www.acrn.fr\/wp-content\/uploads\/2020\/10\/SEJ-1.png\" alt=\"SEJ\" width=\"400\" height=\"200\" srcset=\"https:\/\/www.acrn.fr\/wp-content\/uploads\/2020\/10\/SEJ-1.png 400w, https:\/\/www.acrn.fr\/wp-content\/uploads\/2020\/10\/SEJ-1-64x32.png 64w, https:\/\/www.acrn.fr\/wp-content\/uploads\/2020\/10\/SEJ-1-300x150.png 300w\" sizes=\"(max-width: 400px) 100vw, 400px\" \/><\/div><div class='clear_column'><\/div><\/li>\n<\/ul>\n<h3 style=\"text-align: left;\">Capacidades en daN<\/h3>\n<table class=\"table-red\" style=\"border-collapse: collapse; width: 100%;\">\n<tbody>\n<tr>\n<td style=\"width: 16.6667%; text-align: center;\"><strong>15<\/strong><\/td>\n<td style=\"width: 16.6667%; text-align: center;\"><strong>30<\/strong><\/td>\n<td style=\"width: 16.6667%; text-align: center;\"><strong>60<\/strong><\/td>\n<td style=\"width: 16.6667%; text-align: center;\"><strong>100<\/strong><\/td>\n<td style=\"text-align: center;\"><strong>150<\/strong><\/td>\n<td style=\"width: 16.6667%; text-align: center;\"><strong>200<\/strong><\/td>\n<\/tr>\n<tr>\n<td style=\"width: 16.6667%; text-align: center;\"><strong>300<\/strong><\/td>\n<td style=\"width: 16.6667%; text-align: center;\"><strong>450<\/strong><\/td>\n<td style=\"width: 16.6667%; text-align: center;\"><strong>600<\/strong><\/td>\n<td style=\"width: 16.6667%; text-align: center;\"><strong>1000<\/strong><\/td>\n<td style=\"width: 16.6667%; text-align: center;\"><strong>1500<\/strong><\/td>\n<td style=\"width: 16.6667%; text-align: center;\"><strong>3000<\/strong><\/td>\n<\/tr>\n<\/tbody>\n<\/table>\n<p>&nbsp;<\/p>\n<div class='content-column one_half'><h3>Opciones<\/h3>\n<ul>\n<li>Anillos de elevaci\u00f3n de aleaci\u00f3n de acero<\/li>\n<li>R\u00f3tula macho<\/li>\n<li>Horquilla hembra<\/li>\n<li>Soporte esf\u00e9rico<\/li>\n<\/ul>\n<p>Longitud de cable especial<\/p><\/div>\n<p>&nbsp;<\/p>\n<p>&nbsp;<\/p>\n<p>&nbsp;<\/p>\n","protected":false},"excerpt":{"rendered":"<blockquote><p>Medici\u00f3n de la tracci\u00f3n\/compresi\u00f3n<br \/>\nCapacidad de 15daN a 3000 daN<\/p><\/blockquote>\n<p>C\u00e9lula de fuerza de muy alta precisi\u00f3n. Los modelos SEJ funcionan tanto en tensi\u00f3n como en compresi\u00f3n. Se recomiendan para todas las mediciones de alta precisi\u00f3n, bancos de pruebas, pruebas de laboratorio<\/p>\n<p>Se puede utilizar con anillos o botones de carga para un mejor rendimiento.<\/p>\n<p>Las c\u00e9lulas de carga en forma de \u00abS\u00bb proporcionan un rendimiento superior en un paquete compacto.<\/p>\n<p>El cuerpo de acero especial est\u00e1 protegido contra la corrosi\u00f3n mediante el niquelado electrol\u00edtico.<\/p>\n<p>Para conectarse a las consolas de medici\u00f3n de la ACRN.<\/p>\n<p><a href=\"https:\/\/www.acrn.fr\/wp-content\/uploads\/2021\/12\/capteurDEforceSE-J-2021-GB-BD.pdf\" target=\"_blank\" rel=\"noopener\">Ficha t\u00e9cnica del transductor de fuerza SEJ<\/a><\/p>\n","protected":false},"featured_media":7985,"template":"","meta":{"_acf_changed":false,"_et_pb_use_builder":"","_et_pb_old_content":"","_et_gb_content_width":""},"product_brand":[],"product_cat":[210],"product_tag":[],"class_list":{"0":"post-7984","1":"product","2":"type-product","3":"status-publish","4":"has-post-thumbnail","6":"product_cat-sensores-de-fuerza","8":"first","9":"instock","10":"downloadable","11":"shipping-taxable","12":"purchasable","13":"product-type-simple"},"acf":[],"_links":{"self":[{"href":"https:\/\/www.acrn.fr\/es\/wp-json\/wp\/v2\/product\/7984","targetHints":{"allow":["GET"]}}],"collection":[{"href":"https:\/\/www.acrn.fr\/es\/wp-json\/wp\/v2\/product"}],"about":[{"href":"https:\/\/www.acrn.fr\/es\/wp-json\/wp\/v2\/types\/product"}],"wp:featuredmedia":[{"embeddable":true,"href":"https:\/\/www.acrn.fr\/es\/wp-json\/wp\/v2\/media\/7985"}],"wp:attachment":[{"href":"https:\/\/www.acrn.fr\/es\/wp-json\/wp\/v2\/media?parent=7984"}],"wp:term":[{"taxonomy":"product_brand","embeddable":true,"href":"https:\/\/www.acrn.fr\/es\/wp-json\/wp\/v2\/product_brand?post=7984"},{"taxonomy":"product_cat","embeddable":true,"href":"https:\/\/www.acrn.fr\/es\/wp-json\/wp\/v2\/product_cat?post=7984"},{"taxonomy":"product_tag","embeddable":true,"href":"https:\/\/www.acrn.fr\/es\/wp-json\/wp\/v2\/product_tag?post=7984"}],"curies":[{"name":"wp","href":"https:\/\/api.w.org\/{rel}","templated":true}]}}