{"id":7978,"date":"2021-07-08T08:45:41","date_gmt":"2021-11-29T08:32:14","guid":{"rendered":"https:\/\/www.acrn.fr\/product\/transductor-de-fuerza-sej-z-con-tope"},"modified":"2024-03-12T09:47:58","modified_gmt":"2024-03-12T08:47:58","slug":"sensor-de-fuerza-mecanica","status":"publish","type":"product","link":"https:\/\/www.acrn.fr\/es\/producto\/sensor-de-fuerza-mecanica\/","title":{"rendered":"Transductor de fuerza SEJ-Z con tope"},"content":{"rendered":"<div class='content-column one_half'><h3>Ventajas de la c\u00e9lula de carga SEJ-z<\/h3>\n<ul>\n<li><span style=\"color: #215876;\"><span style=\"color: #215876;\">Tracci\u00f3n y compresi\u00f3n<\/span><\/span><\/li>\n<li><span style=\"color: #215876;\"><span style=\"color: #215876;\">Capacidad de 10 N a 2000 N<\/span><\/span><\/li>\n<li><span style=\"color: #215876;\"><span style=\"color: #215876;\">Tope mec\u00e1nico<\/span><\/span><\/li>\n<li><span style=\"color: #215876;\">Protecci\u00f3n IP 50<\/span><\/li>\n<\/ul>\n<p>&nbsp;<\/p><\/div>\n<div class='content-column one_half last_column'><img decoding=\"async\" class=\"alignnone wp-image-7975 size-medium\" src=\"https:\/\/www.acrn.fr\/wp-content\/uploads\/2021\/07\/Capteurdeforce-300x150.png\" alt=\"\" width=\"300\" height=\"150\"><\/div><div class='clear_column'><\/div>\n<h3>Opciones<\/h3>\n<ul>\n<li>Anillos y ganchos<\/li>\n<li>Cabezas<\/li>\n<li>Soporte esf\u00e9rico<\/li>\n<li>Longitud de cable espec\u00edfica<\/li>\n<\/ul>\n<p><img decoding=\"async\" class=\"size-full wp-image-5471 aligncenter\" src=\"https:\/\/www.acrn.fr\/wp-content\/uploads\/2021\/05\/Plan-SEJ-Z.png\" alt=\"Plan-SEJ-Z\" width=\"700\" height=\"500\" srcset=\"https:\/\/www.acrn.fr\/wp-content\/uploads\/2021\/05\/Plan-SEJ-Z.png 700w, https:\/\/www.acrn.fr\/wp-content\/uploads\/2021\/05\/Plan-SEJ-Z-480x343.png 480w\" sizes=\"(min-width: 0px) and (max-width: 480px) 480px, (min-width: 481px) 700px, 100vw\" \/><\/p>\n","protected":false},"excerpt":{"rendered":"<blockquote><p>Transductor de fuerza con tope mec\u00e1nico<br \/>\nCapacidad de 10 a 2000 N<\/p><\/blockquote>\n<p>C\u00e9lula de fuerza de muy alta precisi\u00f3n. Los modelos SEJ-Z funcionan tanto en tensi\u00f3n como en compresi\u00f3n. Se recomiendan para todas las mediciones de alta precisi\u00f3n, bancos de pruebas, pruebas de laboratorio. Estas c\u00e9lulas est\u00e1n protegidas contra las sobrecargas accidentales de tracci\u00f3n y compresi\u00f3n mediante un tope mec\u00e1nico.<\/p>\n<p>Las c\u00e9lulas de carga en forma de \u00abS\u00bb proporcionan un rendimiento superior en un paquete compacto.<\/p>\n<p>Para conectarse a las consolas de medici\u00f3n ACRN.<\/p>\n<p><a href=\"https:\/\/www.acrn.fr\/wp-content\/uploads\/2022\/12\/capteurDEforceSE-J-Z-2022-BD.pdf\" target=\"_blank\" rel=\"noopener\">Ficha t\u00e9cnica del transductor de fuerza SEJ-Z<\/a><\/p>\n","protected":false},"featured_media":7979,"template":"","meta":{"_acf_changed":false,"_et_pb_use_builder":"","_et_pb_old_content":"","_et_gb_content_width":""},"product_brand":[],"product_cat":[210],"product_tag":[],"class_list":{"0":"post-7978","1":"product","2":"type-product","3":"status-publish","4":"has-post-thumbnail","6":"product_cat-sensores-de-fuerza","8":"first","9":"instock","10":"shipping-taxable","11":"purchasable","12":"product-type-simple"},"acf":[],"_links":{"self":[{"href":"https:\/\/www.acrn.fr\/es\/wp-json\/wp\/v2\/product\/7978","targetHints":{"allow":["GET"]}}],"collection":[{"href":"https:\/\/www.acrn.fr\/es\/wp-json\/wp\/v2\/product"}],"about":[{"href":"https:\/\/www.acrn.fr\/es\/wp-json\/wp\/v2\/types\/product"}],"wp:featuredmedia":[{"embeddable":true,"href":"https:\/\/www.acrn.fr\/es\/wp-json\/wp\/v2\/media\/7979"}],"wp:attachment":[{"href":"https:\/\/www.acrn.fr\/es\/wp-json\/wp\/v2\/media?parent=7978"}],"wp:term":[{"taxonomy":"product_brand","embeddable":true,"href":"https:\/\/www.acrn.fr\/es\/wp-json\/wp\/v2\/product_brand?post=7978"},{"taxonomy":"product_cat","embeddable":true,"href":"https:\/\/www.acrn.fr\/es\/wp-json\/wp\/v2\/product_cat?post=7978"},{"taxonomy":"product_tag","embeddable":true,"href":"https:\/\/www.acrn.fr\/es\/wp-json\/wp\/v2\/product_tag?post=7978"}],"curies":[{"name":"wp","href":"https:\/\/api.w.org\/{rel}","templated":true}]}}