{"id":7940,"date":"2020-09-29T19:51:23","date_gmt":"2021-11-26T10:25:57","guid":{"rendered":"https:\/\/www.acrn.fr\/product\/durometro-portatil-para-tabletas-dcx"},"modified":"2022-04-26T12:48:29","modified_gmt":"2022-04-26T10:48:29","slug":"pressure-hardness-tester-dcx","status":"publish","type":"product","link":"https:\/\/www.acrn.fr\/es\/producto\/pressure-hardness-tester-dcx\/","title":{"rendered":"Comprobador port\u00e1til de la dureza de las pastillas y los comprimidos"},"content":{"rendered":"<p>El sistema DCX permite la medici\u00f3n precisa y completamente aut\u00f3noma de la dureza de los comprimidos mediante la aplicaci\u00f3n de una fuerza de compresi\u00f3n. La carga de rotura se lee en un dinam\u00f3metro calibrado.<\/p>\n<p>Un anillo giratorio ejerce una fuerza sobre la tableta hasta que se rompe. Un dinam\u00f3metro con soporte circular, recupera el esfuerzo y muestra el valor de rotura de la pastilla. Tras romperse, cae en un contenedor de recogida bajo. Una cubierta protectora evita las salpicaduras accidentales sobre el operador.<\/p>\n<p>La lectura se realiza digitalmente, en el dinam\u00f3metro de 200 N o 500 N, seg\u00fan el tipo de equipo elegido.<\/p>\n<div class='content-column one_half'><h3>Ventajas de la trituradora de sellos:<\/h3>\n<ul>\n<li>\n<h4><strong><span style=\"font-size: 12pt; color: #215876;\">Unidad port\u00e1til y a pilas<\/span><\/strong><\/h4>\n<\/li>\n<\/ul>\n<ul>\n<li>\n<h4><strong><span style=\"font-size: 12pt; color: #215876;\">Cubo de retenci\u00f3n para pastillas rotas<\/span><\/strong><\/h4>\n<\/li>\n<\/ul>\n<ul>\n<li>\n<h4><strong><span style=\"font-size: 12pt; color: #215876;\">Capot de proyecci\u00f3n antiproyecci\u00f3n<\/span><\/strong><\/h4>\n<\/li>\n<\/ul>\n<ul>\n<li>\n<h4><strong><span style=\"font-size: 12pt; color: #215876;\">Medici\u00f3n de la fuerza hasta 500N<\/span><\/strong><\/h4>\n<\/li>\n<\/ul>\n<ul>\n<li>\n<h4><strong><span style=\"font-size: 12pt; color: #215876;\">Unidades de medida N, KN, Kg, lbs y oz<\/span><\/strong><\/h4>\n<\/li>\n<\/ul><\/div><br \/>\n<div class='content-column one_half last_column'><img decoding=\"async\" class=\"alignnone wp-image-7943 size-full\" src=\"https:\/\/www.acrn.fr\/wp-content\/uploads\/2020\/09\/DCX.png\" alt=\"DCX\" width=\"430\" height=\"430\" srcset=\"https:\/\/www.acrn.fr\/wp-content\/uploads\/2020\/09\/DCX.png 430w, https:\/\/www.acrn.fr\/wp-content\/uploads\/2020\/09\/DCX-300x300.png 300w, https:\/\/www.acrn.fr\/wp-content\/uploads\/2020\/09\/DCX-100x100.png 100w, https:\/\/www.acrn.fr\/wp-content\/uploads\/2020\/09\/DCX-64x64.png 64w, https:\/\/www.acrn.fr\/wp-content\/uploads\/2020\/09\/DCX-150x150.png 150w\" sizes=\"(max-width: 430px) 100vw, 430px\" \/><\/div><div class='clear_column'><\/div><\/p>\n<h3>Viene con:<\/h3>\n<ul>\n<li>4 pilas AA<\/li>\n<li>Certificado de calibraci\u00f3n conectado a Cofrac<\/li>\n<li>Instrucciones de uso<\/li>\n<\/ul>\n<h3>Opci\u00f3nes:<\/h3>\n<ul>\n<li>Cargador UE<\/li>\n<li>Cargador para Estados Unidos<\/li>\n<li>Otros medidores de fuerza a petici\u00f3n<\/li>\n<li>Otros tama\u00f1os de tabletas a petici\u00f3n<\/li>\n<\/ul>\n","protected":false},"excerpt":{"rendered":"<blockquote><p>Simplemente mida la dureza de sus p\u00edldoras y tabletas<\/p><\/blockquote>\n<p>Para garantizar la conformidad de las p\u00edldoras y comprimidos farmac\u00e9uticos, un comprobador de dureza de comprimidos analiza con precisi\u00f3n la resistencia a la rotura de un comprimido y su integridad estructural.<\/p>\n<p><a href=\"https:\/\/www.acrn.fr\/wp-content\/uploads\/2022\/04\/DCX-GB-BD.pdf\" target=\"_blank\" rel=\"noopener\">Ficha t\u00e9cnica DCX<\/a><\/p>\n","protected":false},"featured_media":12438,"template":"","meta":{"_acf_changed":false,"_et_pb_use_builder":"off","_et_pb_old_content":"El sistema DCX permite la medici\u00f3n precisa y completamente aut\u00f3noma de la dureza de los comprimidos mediante la aplicaci\u00f3n de una fuerza de compresi\u00f3n. La carga de rotura se lee en un dinam\u00f3metro calibrado.\r\n\r\nUn anillo giratorio ejerce una fuerza sobre la tableta hasta que se rompe. Un dinam\u00f3metro con soporte circular, recupera el esfuerzo y muestra el valor de rotura de la pastilla. Tras romperse, cae en un contenedor de recogida bajo. Una cubierta protectora evita las salpicaduras accidentales sobre el operador.\r\n\r\nLa lectura se realiza digitalmente, en el dinam\u00f3metro de 200 N o 500 N, seg\u00fan el tipo de equipo elegido.\r\n\r\n[one_half]\r\n<h3>Ventajas de la trituradora de sellos:<\/h3>\r\n<ul>\r\n \t<li>\r\n<h4><strong><em><span style=\"font-size: 12pt;color: #215876\">Unidad port\u00e1til y a pilas<\/span><\/em><\/strong><\/h4>\r\n<\/li>\r\n<\/ul>\r\n \r\n<ul>\r\n \t<li>\r\n<h4><strong><em><span style=\"font-size: 12pt;color: #215876\">Cubo de retenci\u00f3n para pastillas rotas<\/span><\/em><\/strong><\/h4>\r\n<\/li>\r\n<\/ul>\r\n \r\n<ul>\r\n \t<li>\r\n<h4><strong><em><span style=\"font-size: 12pt;color: #215876\">Capot de proyecci\u00f3n antiproyecci\u00f3n<\/span><\/em><\/strong><\/h4>\r\n<\/li>\r\n<\/ul>\r\n \r\n<ul>\r\n \t<li>\r\n<h4><strong><em><span style=\"font-size: 12pt;color: #215876\">Medici\u00f3n de la fuerza hasta 500N<\/span><\/em><\/strong><\/h4>\r\n<\/li>\r\n<\/ul>\r\n \r\n<ul>\r\n \t<li>\r\n<h4><strong><em><span style=\"font-size: 12pt;color: #215876\">Unidades de medida N, KN, Kg, lbs y oz<\/span><\/em><\/strong><\/h4>\r\n<\/li>\r\n<\/ul>\r\n[\/one_half]\r\n[one_half_last]\r\n<img class=\"alignnone wp-image-7943 size-full\" src=\"https:\/\/www.acrn.fr\/wp-content\/uploads\/2020\/09\/DCX.png\" alt=\"DCX\" width=\"430\" height=\"430\">[\/one_half_last]\r\n<h3>Viene con:<\/h3>\r\n<ul>\r\n \t<li>4 pilas AA<\/li>\r\n \t<li>Certificado de calibraci\u00f3n conectado a Cofrac<\/li>\r\n \t<li>Instrucciones de uso<\/li>\r\n<\/ul>\r\n<h3>Opci\u00f3nes:<\/h3>\r\n<ul>\r\n \t<li>Cargador UE<\/li>\r\n \t<li>Cargador para Estados Unidos<\/li>\r\n \t<li>Otros medidores de fuerza a petici\u00f3n<\/li>\r\n \t<li>Otros tama\u00f1os de tabletas a petici\u00f3n<\/li>\r\n<\/ul>","_et_gb_content_width":""},"product_brand":[],"product_cat":[214],"product_tag":[],"class_list":{"0":"post-7940","1":"product","2":"type-product","3":"status-publish","4":"has-post-thumbnail","6":"product_cat-probador-de-dureza","8":"first","9":"instock","10":"shipping-taxable","11":"purchasable","12":"product-type-simple"},"acf":[],"_links":{"self":[{"href":"https:\/\/www.acrn.fr\/es\/wp-json\/wp\/v2\/product\/7940","targetHints":{"allow":["GET"]}}],"collection":[{"href":"https:\/\/www.acrn.fr\/es\/wp-json\/wp\/v2\/product"}],"about":[{"href":"https:\/\/www.acrn.fr\/es\/wp-json\/wp\/v2\/types\/product"}],"wp:featuredmedia":[{"embeddable":true,"href":"https:\/\/www.acrn.fr\/es\/wp-json\/wp\/v2\/media\/12438"}],"wp:attachment":[{"href":"https:\/\/www.acrn.fr\/es\/wp-json\/wp\/v2\/media?parent=7940"}],"wp:term":[{"taxonomy":"product_brand","embeddable":true,"href":"https:\/\/www.acrn.fr\/es\/wp-json\/wp\/v2\/product_brand?post=7940"},{"taxonomy":"product_cat","embeddable":true,"href":"https:\/\/www.acrn.fr\/es\/wp-json\/wp\/v2\/product_cat?post=7940"},{"taxonomy":"product_tag","embeddable":true,"href":"https:\/\/www.acrn.fr\/es\/wp-json\/wp\/v2\/product_tag?post=7940"}],"curies":[{"name":"wp","href":"https:\/\/api.w.org\/{rel}","templated":true}]}}