{"id":7814,"date":"2021-04-01T07:16:58","date_gmt":"2021-04-01T07:16:58","guid":{"rendered":"https:\/\/www.acrn.fr\/product\/software-ip-xport"},"modified":"2025-11-04T14:35:58","modified_gmt":"2025-11-04T13:35:58","slug":"ip-export-connection-tool","status":"publish","type":"product","link":"https:\/\/www.acrn.fr\/es\/producto\/ip-export-connection-tool\/","title":{"rendered":"Software IP XPORT"},"content":{"rendered":"<h3>\u00bfEn qu\u00e9 situaciones debe utilizarse IP Xport?<\/h3>\n<ul>\n<li>Proyectos de la F\u00e1brica 4.0<\/li>\n<li>Centralizaci\u00f3n de los datos de control de la producci\u00f3n mediante la conexi\u00f3n de los equipos de control a la red<\/li>\n<li>Archivar en un PC de producci\u00f3n<\/li>\n<li>Implantaci\u00f3n del software SPC Plant u otros m\u00f3dulos del sistema de informaci\u00f3n<\/li>\n<\/ul>\n<p><img decoding=\"async\" class=\"size-full wp-image-7817 aligncenter\" src=\"https:\/\/www.acrn.fr\/wp-content\/uploads\/2021\/04\/Sans-titre-7.png\" alt=\"ip xport\" width=\"800\" height=\"250\" srcset=\"https:\/\/www.acrn.fr\/wp-content\/uploads\/2021\/04\/Sans-titre-7.png 800w, https:\/\/www.acrn.fr\/wp-content\/uploads\/2021\/04\/Sans-titre-7-480x150.png 480w\" sizes=\"(min-width: 0px) and (max-width: 480px) 480px, (min-width: 481px) 800px, 100vw\" \/><\/p>\n<div class='content-column one_half'><h3>Incluye :<\/h3>\n<ul>\n<li>Cable Serial to Serial<\/li>\n<li>Caja independiente<\/li>\n<li>Fuente de alimentaci\u00f3n de 5V con adaptador<\/li>\n<li>Gu\u00eda de conexi\u00f3n<\/li>\n<li>Gu\u00eda del protocolo de comunicaci\u00f3n de dispositivos ACRN<\/li>\n<\/ul><\/div>\n<div class='content-column one_half last_column'><h3>Configuraci\u00f3n del enlace en serie<\/h3>\n<table style=\"border-collapse: collapse; width: 100%; height: 92px;\">\n<tbody>\n<tr style=\"height: 23px;\">\n<td style=\"width: 50%; height: 23px; text-align: center;\">Data bits<\/td>\n<td style=\"width: 50%; height: 23px; text-align: center;\">5,6,7,8<\/td>\n<\/tr>\n<tr style=\"height: 23px;\">\n<td style=\"width: 50%; height: 23px; text-align: center;\">Stop bits<\/td>\n<td style=\"width: 50%; height: 23px; text-align: center;\">1,2<\/td>\n<\/tr>\n<tr style=\"height: 23px;\">\n<td style=\"width: 50%; height: 23px; text-align: center;\">Check bit<\/td>\n<td style=\"width: 50%; height: 23px; text-align: center;\">Ninguno, Par, Impar, Espacio, Marca<\/td>\n<\/tr>\n<tr style=\"height: 23px;\">\n<td style=\"width: 50%; height: 23px; text-align: center;\">Baud rate<\/td>\n<td style=\"width: 50%; height: 23px; text-align: center;\">600 bps~230.4Kbps<\/td>\n<\/tr>\n<\/tbody>\n<\/table><\/div><div class='clear_column'><\/div>\n<p><img decoding=\"async\" class=\"size-full wp-image-7816 aligncenter\" src=\"https:\/\/www.acrn.fr\/wp-content\/uploads\/2021\/04\/Autres-schemas-IP-XPort.png\" alt=\"Diagrama Ip Xport\" width=\"750\" height=\"350\" srcset=\"https:\/\/www.acrn.fr\/wp-content\/uploads\/2021\/04\/Autres-schemas-IP-XPort.png 750w, https:\/\/www.acrn.fr\/wp-content\/uploads\/2021\/04\/Autres-schemas-IP-XPort-480x224.png 480w\" sizes=\"(min-width: 0px) and (max-width: 480px) 480px, (min-width: 481px) 750px, 100vw\" \/><\/p>\n<div class='content-column one_half'><h3>Compatibilidad de materiales:<\/h3>\n<ul>\n<li>Torqu\u00edmetro NBA, y NCA<\/li>\n<li>Consola XA y XAm<\/li>\n<li>C\u00e1mara de vac\u00edo CTEX<\/li>\n<li>Compres\u00edmetro ATS-X<\/li>\n<li>Controlador de presi\u00f3n de aerosoles PA-X<\/li>\n<\/ul><\/div>\n<div class='content-column one_half last_column'><h3>Especificaciones de Ethernet<\/h3>\n<table style=\"border-collapse: collapse; width: 100%;\">\n<tbody>\n<tr>\n<td style=\"width: 50%;\">Modo de trabajo<\/td>\n<td style=\"width: 50%;\">Servidor TCP, TCP, Cliente UDP, Servidor UDP, Cliente HTTPD<\/td>\n<\/tr>\n<tr>\n<td style=\"width: 50%;\">N\u00famero m\u00e1ximo de clientes<\/td>\n<td style=\"width: 50%;\">En modo servidor, 16 clientes como m\u00e1ximo<\/td>\n<\/tr>\n<tr>\n<td style=\"width: 50%;\">Compatible con DHCP<\/td>\n<td style=\"width: 50%;\">S\u00ed<\/td>\n<\/tr>\n<tr>\n<td style=\"width: 50%;\">Control de la conexi\u00f3n<\/td>\n<td style=\"width: 50%;\">Funci\u00f3n Heartbeat<\/td>\n<\/tr>\n<\/tbody>\n<\/table><\/div><div class='clear_column'><\/div>\n","protected":false},"excerpt":{"rendered":"<blockquote><p>Comun\u00edquese con sus dispositivos ACRN v\u00eda ethernet\/IP<\/p><\/blockquote>\n<p>IPXPORT permite transmitir la informaci\u00f3n de un puerto serie (puerto COM) de una m\u00e1quina ACRN a una red Ethernet.<\/p>\n<p>En unos momentos, conecta tus dispositivos a tu red.<\/p>\n<p>Podr\u00e1 aprovechar las caracter\u00edsticas del <strong>protocolo de comunicaci\u00f3n de los dispositivos ACRN:<\/strong><\/p>\n<ul>\n<li>Env\u00edo del valor medido por impulso, autom\u00e1ticamente o a petici\u00f3n.<\/li>\n<li>La marca de tiempo, la unidad, &#8230;<\/li>\n<\/ul>\n<p>&nbsp;<\/p>\n","protected":false},"featured_media":7619,"template":"","meta":{"_acf_changed":false,"_et_pb_use_builder":"","_et_pb_old_content":"","_et_gb_content_width":""},"product_brand":[],"product_cat":[252],"product_tag":[],"class_list":{"0":"post-7814","1":"product","2":"type-product","3":"status-publish","4":"has-post-thumbnail","6":"product_cat-no-clasificado","8":"first","9":"instock","10":"shipping-taxable","11":"purchasable","12":"product-type-simple"},"acf":[],"_links":{"self":[{"href":"https:\/\/www.acrn.fr\/es\/wp-json\/wp\/v2\/product\/7814","targetHints":{"allow":["GET"]}}],"collection":[{"href":"https:\/\/www.acrn.fr\/es\/wp-json\/wp\/v2\/product"}],"about":[{"href":"https:\/\/www.acrn.fr\/es\/wp-json\/wp\/v2\/types\/product"}],"wp:featuredmedia":[{"embeddable":true,"href":"https:\/\/www.acrn.fr\/es\/wp-json\/wp\/v2\/media\/7619"}],"wp:attachment":[{"href":"https:\/\/www.acrn.fr\/es\/wp-json\/wp\/v2\/media?parent=7814"}],"wp:term":[{"taxonomy":"product_brand","embeddable":true,"href":"https:\/\/www.acrn.fr\/es\/wp-json\/wp\/v2\/product_brand?post=7814"},{"taxonomy":"product_cat","embeddable":true,"href":"https:\/\/www.acrn.fr\/es\/wp-json\/wp\/v2\/product_cat?post=7814"},{"taxonomy":"product_tag","embeddable":true,"href":"https:\/\/www.acrn.fr\/es\/wp-json\/wp\/v2\/product_tag?post=7814"}],"curies":[{"name":"wp","href":"https:\/\/api.w.org\/{rel}","templated":true}]}}