{"id":7804,"date":"2021-03-22T14:15:10","date_gmt":"2021-03-22T14:15:10","guid":{"rendered":"https:\/\/www.acrn.fr\/product\/software-data-xport"},"modified":"2021-12-07T16:06:07","modified_gmt":"2021-12-07T15:06:07","slug":"software-de-transferencia-de-valores","status":"publish","type":"product","link":"https:\/\/www.acrn.fr\/es\/producto\/software-de-transferencia-de-valores\/","title":{"rendered":"Software Data XPORT"},"content":{"rendered":"<div class='content-column one_half'><h3>Casos de uso:<\/h3>\n<ul>\n<li>Recoger una serie de mediciones a lo largo de las pruebas<\/li>\n<li>Rellenar una tabla (Excel\u00ae)<\/li>\n<li>Rellenar una caja de programa, p\u00e1gina web,&#8230;<\/li>\n<\/ul>\n<p>Con este software, que no requiere instalaci\u00f3n, los equipos ACRN ser\u00e1n reconocidos autom\u00e1ticamente.<\/div>\n<p><div class='content-column one_half last_column'><img decoding=\"async\" class=\"alignnone wp-image-7807 size-full\" src=\"https:\/\/www.acrn.fr\/wp-content\/uploads\/2021\/03\/pho-div-logiciel_dataXport-1.jpg\" alt=\"Uso del software\" width=\"1000\" height=\"422\" srcset=\"https:\/\/www.acrn.fr\/wp-content\/uploads\/2021\/03\/pho-div-logiciel_dataXport-1.jpg 1000w, https:\/\/www.acrn.fr\/wp-content\/uploads\/2021\/03\/pho-div-logiciel_dataXport-1-980x414.jpg 980w, https:\/\/www.acrn.fr\/wp-content\/uploads\/2021\/03\/pho-div-logiciel_dataXport-1-480x203.jpg 480w\" sizes=\"(min-width: 0px) and (max-width: 480px) 480px, (min-width: 481px) and (max-width: 980px) 980px, (min-width: 981px) 1000px, 100vw\" \/><\/div><div class='clear_column'><\/div><br \/>\n<div class='content-column one_half'><img decoding=\"async\" class=\"alignnone wp-image-7810 \" src=\"https:\/\/www.acrn.fr\/wp-content\/uploads\/2021\/03\/Logo-Windows-300x300.png\" alt=\"Logo windows\" width=\"198\" height=\"198\"><img decoding=\"async\" class=\"alignnone wp-image-7811 \" src=\"https:\/\/www.acrn.fr\/wp-content\/uploads\/2021\/03\/Usb-Png-300x300.png\" alt=\"Logo USB\" width=\"196\" height=\"196\"><\/div><br \/>\n<div class='content-column one_half last_column'><h4>Viene con:<\/h4>\n<ul>\n<li>Memoria USB con el software y las instrucciones en archivo pdf<\/li>\n<li>Cable RS232 a USB para conectar el equipo ACRN<\/li>\n<li>1 c\u00f3digo de licencia<\/li>\n<\/ul>\n<h4>Opci\u00f3nes:<\/h4>\n<ul>\n<li>Desarrollo espec\u00edfico a petici\u00f3n del interesado<\/li>\n<li>Licencia adicional<\/li>\n<\/ul><\/div><div class='clear_column'><\/div><\/p>\n","protected":false},"excerpt":{"rendered":"<h4>Basta con exportar los datos de medici\u00f3n a su software de oficina.<\/h4>\n<p>DataXport\u00ae le permite conectar los equipos ACRN a su PC y exportar los valores con s\u00f3lo pulsar un bot\u00f3n del equipo.<\/p>\n<p>Es f\u00e1cil de usar y permite que los dispositivos escriban el valor medido en su ordenador como si fuera un teclado.<\/p>\n<p>El valor se env\u00eda por impulso desde la m\u00e1quina de control o autom\u00e1ticamente. Lo \u00fanico que hay que hacer es poner la acci\u00f3n al final de la entrada (intro, punto y coma).<\/p>\n<p><a href=\"https:\/\/www.acrn.fr\/wp-content\/uploads\/2021\/12\/DATA-gb-BD.pdf\" target=\"_blank\" rel=\"noopener\">Ficha t\u00e9cnica Data Xport<\/a><\/p>\n","protected":false},"featured_media":7616,"template":"","meta":{"_acf_changed":false,"_et_pb_use_builder":"","_et_pb_old_content":"","_et_gb_content_width":""},"product_brand":[],"product_cat":[252],"product_tag":[],"class_list":{"0":"post-7804","1":"product","2":"type-product","3":"status-publish","4":"has-post-thumbnail","6":"product_cat-no-clasificado","8":"first","9":"instock","10":"shipping-taxable","11":"purchasable","12":"product-type-simple"},"acf":[],"_links":{"self":[{"href":"https:\/\/www.acrn.fr\/es\/wp-json\/wp\/v2\/product\/7804","targetHints":{"allow":["GET"]}}],"collection":[{"href":"https:\/\/www.acrn.fr\/es\/wp-json\/wp\/v2\/product"}],"about":[{"href":"https:\/\/www.acrn.fr\/es\/wp-json\/wp\/v2\/types\/product"}],"wp:featuredmedia":[{"embeddable":true,"href":"https:\/\/www.acrn.fr\/es\/wp-json\/wp\/v2\/media\/7616"}],"wp:attachment":[{"href":"https:\/\/www.acrn.fr\/es\/wp-json\/wp\/v2\/media?parent=7804"}],"wp:term":[{"taxonomy":"product_brand","embeddable":true,"href":"https:\/\/www.acrn.fr\/es\/wp-json\/wp\/v2\/product_brand?post=7804"},{"taxonomy":"product_cat","embeddable":true,"href":"https:\/\/www.acrn.fr\/es\/wp-json\/wp\/v2\/product_cat?post=7804"},{"taxonomy":"product_tag","embeddable":true,"href":"https:\/\/www.acrn.fr\/es\/wp-json\/wp\/v2\/product_tag?post=7804"}],"curies":[{"name":"wp","href":"https:\/\/api.w.org\/{rel}","templated":true}]}}