{"id":7634,"date":"2020-09-29T19:19:15","date_gmt":"2020-09-29T19:19:15","guid":{"rendered":"https:\/\/www.acrn.fr\/product\/torquimetro-electronico-nba"},"modified":"2026-03-23T10:19:14","modified_gmt":"2026-03-23T09:19:14","slug":"torquimetro-botella-nba","status":"publish","type":"product","link":"https:\/\/www.acrn.fr\/es\/producto\/torquimetro-botella-nba\/","title":{"rendered":"Torqu\u00edmetro para botella NBA"},"content":{"rendered":"<p>El <strong>torqu\u00edmetro botella<\/strong> electr\u00f3nico NBA es la herramienta esencial para medir con precisi\u00f3n el par de apriete y apertura de tapones en procesos de envasado. El torqu\u00edmetro botella NBA es utilizado por las principales empresas de los sectores cosm\u00e9tico, farmac\u00e9utico y agroalimentario como referencia en el control del par de apriete de tapones. Descubra a continuaci\u00f3n los elementos y funcionalidades del Torqu\u00edmetro Botella Electr\u00f3nico NBA.<\/p>\n<h3>Ventajas del Torqu\u00edmetro NBA<\/h3>\n<p><strong><span style=\"color: #d64914;\">Una gran variedad de abrazaderas<\/span><\/strong><\/p>\n<p><span style=\"color: #215876;\">Puede alojar la ampl\u00edsima gama de pinzas ACRN, fruto de 20 a\u00f1os de experiencia para un perfecto agarre de sus muestras.<\/span><\/p>\n<p><strong><span style=\"color: #d64914;\">Un dispositivo de comunicaci\u00f3n<\/span><\/strong><\/p>\n<p><span style=\"color: #215876;\">Con una variedad de soluciones de comunicaci\u00f3n e impresi\u00f3n, se adaptar\u00e1 perfectamente a su sistema de producci\u00f3n.<\/span><\/p>\n<p><strong><span style=\"color: #d64914;\">Calidad de la ACRN<\/span><\/strong><\/p>\n<p><span style=\"color: #215876;\">&#8211; Los componentes de nuestras m\u00e1quinas garantizan una larga vida \u00fatil y su independencia permite un servicio m\u00e1s eficiente y menos costoso.<\/span><br \/>\n<span style=\"color: #215876;\">&#8211; Evoluci\u00f3n continua gracias a la composici\u00f3n de las m\u00e1quinas.<\/span><\/p>\n<h3>Caracter\u00edsticas<\/h3>\n<table style=\"border-collapse: collapse; width: 100%; height: 176px;\">\n<tbody>\n<tr style=\"height: 22px;\">\n<td style=\"width: 50%; height: 22px;\"><strong>Medici\u00f3n del par<\/strong><\/td>\n<td style=\"width: 50%; height: 22px;\">M\u00e1ximo (Pico), M\u00e1ximo con l\u00edmite inferior, Reset<\/td>\n<\/tr>\n<tr style=\"height: 22px;\">\n<td style=\"width: 50%; height: 22px;\"><strong>Capacidad de los sensores<\/strong><\/td>\n<td style=\"width: 50%; height: 22px;\">Transductores autoestabilizadores reforzados de capacidad en N.m :<br \/>\n0,5\/ 1\/ 3\/5\/10\/25<\/td>\n<\/tr>\n<tr style=\"height: 22px;\">\n<td style=\"width: 50%; height: 22px;\"><strong>Unidades<\/strong><\/td>\n<td style=\"width: 50%; height: 22px;\">N.m \/ lbf.inch \/ N.cm \/ Kgf.cm<\/td>\n<\/tr>\n<tr style=\"height: 22px;\">\n<td style=\"width: 50%; height: 22px;\"><strong>Frecuencia de muestreo<\/strong><\/td>\n<td style=\"width: 50%; height: 22px;\">5000 Hz<\/td>\n<\/tr>\n<tr style=\"height: 22px;\">\n<td style=\"width: 50%; height: 22px;\"><strong>Informaci\u00f3n de los sensores<\/strong><\/td>\n<td style=\"width: 50%; height: 22px;\">Indicador de desplazamiento del sensor en caso de problema de hardware<\/td>\n<\/tr>\n<tr style=\"height: 22px;\">\n<td style=\"width: 50%; height: 22px;\"><strong>Fecha de calibraci\u00f3n<\/strong><\/td>\n<td style=\"width: 50%; height: 22px;\">Recordatorio de rebasamiento de calibraci\u00f3n programable<\/td>\n<\/tr>\n<tr style=\"height: 22px;\">\n<td style=\"width: 50%; height: 22px;\"><strong>L\u00edmite de acceso<\/strong><\/td>\n<td style=\"width: 50%; height: 22px;\">Acceso de administrador con contrase\u00f1a configurable<\/td>\n<\/tr>\n<tr style=\"height: 22px;\">\n<td style=\"width: 50%; height: 22px;\"><strong>Transmisi\u00f3n de datos<\/strong><\/td>\n<td style=\"width: 50%; height: 22px;\">Posibilidad de AutoOutput &#8211; Software de exportaci\u00f3n de datos opcional<\/td>\n<\/tr>\n<\/tbody>\n<\/table>\n<p>&nbsp;<\/p>\n<h3>Ejemplos de aplicaciones de apriete con el Torqu\u00edmetro Botella Electr\u00f3nico NBA<\/h3>\n[et_pb_section global_module=\"2301\"][\/et_pb_section]\n<h3>Opciones<\/h3>\n<ul>\n<li>Bater\u00eda de iones de litio para 24 horas de funcionamiento<\/li>\n<li>Protecci\u00f3n IP reforzada<\/li>\n<li>Maleta de transporte<\/li>\n<li>Herramienta de maniobra para el Torqu\u00edmetro Botella NBA, dise\u00f1ada para mejorar la repetibilidad en las mediciones de par<\/li>\n<\/ul>\n<h3>Opciones de comunicaci\u00f3n e impresi\u00f3n<\/h3>\n<div class=\"accessories\">\n<div class=\"accessory\">\n<h4>Impresora SP712<\/h4>\n<div class=\"accessory-img\"><img decoding=\"async\" class=\"alignnone\" src=\"https:\/\/www.acrn.fr\/wp-content\/uploads\/2021\/03\/SP700_front-1.jpg\" alt=\"Impresora t\u00e9rmica para Torqu\u00edmetro ACRN\" width=\"1000\" height=\"1000\" \/><\/div>\n<\/div>\n<div class=\"accessory\">\n<h4>Impresora TSP 743<\/h4>\n<div class=\"accessory-img\"><img decoding=\"async\" class=\"alignnone\" src=\"https:\/\/www.acrn.fr\/wp-content\/uploads\/2021\/03\/Sans-titre-1-2.jpg\" alt=\"Impresora matricial para Torqu\u00edmetro ACRN\" width=\"1000\" height=\"1000\" \/><\/div>\n<p class=\"accessory-btn\"><a href=\"https:\/\/www.acrn.fr\/es\/?attachment_id=7613\">Descubrir<\/a><\/p>\n<\/div>\n<div class=\"accessory\">\n<h4>Software Data Xport<\/h4>\n<div class=\"accessory-img\"><img decoding=\"async\" class=\"alignnone\" src=\"https:\/\/www.acrn.fr\/wp-content\/uploads\/2021\/03\/pho-div-logiciel_dataXport-3.jpg\" alt=\"Software Data Xport para Torqu\u00edmetro ACRN\" width=\"1000\" height=\"1000\" \/><\/div>\n<p class=\"accessory-btn\"><a href=\"https:\/\/www.acrn.fr\/produit\/data-xport\">Descubrir<\/a><\/p>\n<\/div>\n<div class=\"accessory\">\n<h4>Software IP Xport<\/h4>\n<div class=\"accessory-img\"><img decoding=\"async\" class=\"alignnone\" src=\"https:\/\/www.acrn.fr\/wp-content\/uploads\/2021\/04\/IpXPort.jpg\" alt=\"Software IP Xport para Torqu\u00edmetro ACRN\" width=\"1000\" height=\"1000\" \/><\/div>\n<p class=\"accessory-btn\"><a href=\"https:\/\/www.acrn.fr\/produit\/logiciel-ipxport\">Descubrir<\/a><\/p>\n<\/div>\n<\/div>\n<h3>Suministrado con el Torqu\u00edmetro Electr\u00f3nico NBA<\/h3>\n<ul>\n<li>Un cable de alimentaci\u00f3n<\/li>\n<li>Un certificado de calibraci\u00f3n conforme a la norma ISO6789 con las normas de conexi\u00f3n COFRAC<\/li>\n<li>Instrucciones de uso<\/li>\n<li>Soumission<\/li>\n<\/ul>\n<p>Como recordatorio, un torqu\u00edmetro botella es una herramienta esencial para medir el par en muchos sectores industriales. <a class=\"\" href=\"https:\/\/fr.wikipedia.org\/wiki\/Cl%C3%A9_dynamom%C3%A9trique\" target=\"_new\" rel=\"noopener\" data-start=\"2248\" data-end=\"2362\">Descubra m\u00e1s sobre la medici\u00f3n del par en los procesos de envasado. <\/a><\/p>\n","protected":false},"excerpt":{"rendered":"<blockquote><p>Torqu\u00edmetro Botella Electr\u00f3nico NBA, Robusto y Vers\u00e1til para el Control del Par de Apriete de Tapones<\/p><\/blockquote>\n<p>El torqu\u00edmetro botella electr\u00f3nico NBA, dise\u00f1ado para entornos de producci\u00f3n, es elegido por muchas empresas del sector del envasado para medir con precisi\u00f3n el par de apriete y apertura de tapones.<\/p>\n<p><a href=\"https:\/\/www.acrn.fr\/wp-content\/uploads\/2025\/12\/DATAS_TECNICAS_NBA.pdf-1.pdf\" target=\"_blank\" rel=\"noopener\">Ficha T\u00e9cnica del Torqu\u00edmetro Botella Electr\u00f3nico NBA<\/a><\/p>\n<p><a href=\"https:\/\/www.acrn.fr\/wp-content\/uploads\/2026\/03\/manual-de-instrucciones-torquimetro-bottela-NBA-V3.07-es-ES.pdf\">Manual de instrucciones del Torqu\u00edmetro Botella Electr\u00f3nico NBA<\/a><\/p>\n","protected":false},"featured_media":7595,"template":"","meta":{"_acf_changed":false,"_et_pb_use_builder":"","_et_pb_old_content":"","_et_gb_content_width":""},"product_brand":[],"product_cat":[190],"product_tag":[],"class_list":{"0":"post-7634","1":"product","2":"type-product","3":"status-publish","4":"has-post-thumbnail","6":"product_cat-torquimetros","8":"first","9":"instock","10":"shipping-taxable","11":"purchasable","12":"product-type-simple"},"acf":[],"_links":{"self":[{"href":"https:\/\/www.acrn.fr\/es\/wp-json\/wp\/v2\/product\/7634","targetHints":{"allow":["GET"]}}],"collection":[{"href":"https:\/\/www.acrn.fr\/es\/wp-json\/wp\/v2\/product"}],"about":[{"href":"https:\/\/www.acrn.fr\/es\/wp-json\/wp\/v2\/types\/product"}],"wp:featuredmedia":[{"embeddable":true,"href":"https:\/\/www.acrn.fr\/es\/wp-json\/wp\/v2\/media\/7595"}],"wp:attachment":[{"href":"https:\/\/www.acrn.fr\/es\/wp-json\/wp\/v2\/media?parent=7634"}],"wp:term":[{"taxonomy":"product_brand","embeddable":true,"href":"https:\/\/www.acrn.fr\/es\/wp-json\/wp\/v2\/product_brand?post=7634"},{"taxonomy":"product_cat","embeddable":true,"href":"https:\/\/www.acrn.fr\/es\/wp-json\/wp\/v2\/product_cat?post=7634"},{"taxonomy":"product_tag","embeddable":true,"href":"https:\/\/www.acrn.fr\/es\/wp-json\/wp\/v2\/product_tag?post=7634"}],"curies":[{"name":"wp","href":"https:\/\/api.w.org\/{rel}","templated":true}]}}