{"id":7594,"date":"2020-09-29T19:17:12","date_gmt":"2020-09-29T19:17:12","guid":{"rendered":"https:\/\/www.acrn.fr\/product\/torquimetro-electronico-naa"},"modified":"2025-09-03T11:58:56","modified_gmt":"2025-09-03T09:58:56","slug":"torquimetro-electronico-naa","status":"publish","type":"product","link":"https:\/\/www.acrn.fr\/es\/producto\/torquimetro-electronico-naa\/","title":{"rendered":"Torqu\u00edmetro electr\u00f3nico NAA"},"content":{"rendered":"<h3>Las ventajas del Torqu\u00edmetro electr\u00f3nico NAA<\/h3>\n<p><span style=\"color: #d64914;\"><strong>Amplia gama de opciones de sujeci\u00f3n<\/strong><\/span><\/p>\n<p><span style=\"color: #215876;\">Puede alojar la ampl\u00edsima gama de pinzas ACRN, fruto de 20 a\u00f1os de experiencia para un perfecto agarre de sus muestras. <\/span><\/p>\n<p><span style=\"color: #d64914;\"><strong>Calidad de la ACRN<\/strong><\/span><\/p>\n<p><span style=\"color: #215876;\">Los componentes de nuestras m\u00e1quinas garantizan una larga vida \u00fatil y su independencia permite un servicio m\u00e1s eficiente y menos costoso. Evoluci\u00f3n continua gracias a la composici\u00f3n de las m\u00e1quinas.<\/span><\/p>\n<p><span style=\"color: #d64914;\"><strong>Ergon\u00f3mico<\/strong><\/span><\/p>\n<p><span style=\"color: #215876;\">Adem\u00e1s de ser f\u00e1cilmente transportable, tiene un men\u00fa de tres botones f\u00e1cil de usar que proporciona la funcionalidad b\u00e1sica del torqu\u00edmetro.<\/span><\/p>\n<h3>Ejemplo de sujeci\u00f3n<\/h3>\n[et_pb_section global_module=\"2301\"][\/et_pb_section]\n<h3>Caracter\u00edsticas del Torqu\u00edmetro electr\u00f3nico NAA<\/h3>\n<table style=\"border-collapse: collapse; width: 100%;\">\n<tbody>\n<tr>\n<td style=\"width: 50%;\">Medici\u00f3n del par<\/td>\n<td style=\"width: 50%;\">Max (pico), Max con l\u00edmite inferior, reset<\/td>\n<\/tr>\n<tr>\n<td style=\"width: 50%;\">Capacidad de los sensores<\/td>\n<td style=\"width: 50%;\">Sensores reforzados autoestabilizadores con capacidad N.M.: 0,5\/1\/3\/5\/10\/25<\/td>\n<\/tr>\n<tr>\n<td style=\"width: 50%;\">Unidades<\/td>\n<td style=\"width: 50%;\">N.m \/ lbf.inch \/ N.cm \/ Kgf.cm<\/td>\n<\/tr>\n<tr>\n<td style=\"width: 50%;\">Frecuencia de muestreo<\/td>\n<td style=\"width: 50%;\">5000 Hz<\/td>\n<\/tr>\n<tr>\n<td style=\"width: 50%;\">Informaci\u00f3n de los sensores<\/td>\n<td style=\"width: 50%;\">Indicador de desplazamiento del sensor en caso de problema de hardware<\/td>\n<\/tr>\n<tr>\n<td style=\"width: 50%;\">Fecha de calibraci\u00f3n<\/td>\n<td style=\"width: 50%;\">Recordatorio de rebasamiento de calibraci\u00f3n programable<\/td>\n<\/tr>\n<tr>\n<td style=\"width: 50%;\">L\u00edmite de acceso<\/td>\n<td style=\"width: 50%;\">Acceso de administrador con contrase\u00f1a configurable<\/td>\n<\/tr>\n<\/tbody>\n<\/table>\n<h3>Opciones<\/h3>\n<table style=\"border-collapse: collapse; width: 100%;\">\n<tbody>\n<tr>\n<td style=\"width: 50%;\">Bater\u00eda<\/td>\n<td style=\"width: 50%;\">Iones de litio: 24 horas de funcionamiento<\/td>\n<\/tr>\n<tr>\n<td style=\"width: 50%;\">Protecci\u00f3n<\/td>\n<td style=\"width: 50%;\">Protecci\u00f3n IP reforzada<\/td>\n<\/tr>\n<tr>\n<td style=\"width: 50%;\">Conectividad<\/td>\n<td style=\"width: 50%;\">Cable de conexi\u00f3n<\/td>\n<\/tr>\n<\/tbody>\n<\/table>\n","protected":false},"excerpt":{"rendered":"<blockquote><p><em><strong>Un dispositivo econ\u00f3mico, robusto y sencillo<\/strong><\/em><\/p><\/blockquote>\n<p>Este torqu\u00edmetro electr\u00f3nico NAA, que mide el par de atornillado y desatornillado de productos industriales, est\u00e1 dise\u00f1ado tanto para entornos de producci\u00f3n como para laboratorios de calidad.<\/p>\n<p><a href=\"https:\/\/www.acrn.fr\/wp-content\/uploads\/2021\/12\/NAA-gb09-2020HD.pdf\" target=\"_blank\" rel=\"noopener\">Ficha t\u00e9cnica del NAA<\/a><\/p>\n<p>&nbsp;<\/p>\n","protected":false},"featured_media":7595,"template":"","meta":{"_acf_changed":false,"_et_pb_use_builder":"off","_et_pb_old_content":"<blockquote><strong><em>Un dispositivo econ\u00f3mico, robusto y sencillo<\/em><\/strong><\/blockquote>\r\n<h3>Puntos fuertes de la NAA<\/h3>\r\n<h4>Amplia gama de opciones de sujeci\u00f3n<\/h4>\r\nPuede alojar la ampl\u00edsima gama de pinzas ACRN, fruto de 20 a\u00f1os de experiencia para un perfecto agarre de sus muestras.\r\n<h4>Calidad de la ACRN<\/h4>\r\nLos componentes de nuestras m\u00e1quinas garantizan una larga vida \u00fatil y su independencia permite un servicio m\u00e1s eficiente y menos costoso.\r\n\r\nEvoluci\u00f3n continua gracias a la composici\u00f3n de las m\u00e1quinas.\r\n<h4>Ergon\u00f3mico<\/h4>\r\nAdem\u00e1s de ser f\u00e1cilmente transportable, tiene un men\u00fa de tres botones f\u00e1cil de usar que proporciona la funcionalidad b\u00e1sica del torqu\u00edmetro.\r\n\r\n<img class=\"aligncenter wp-image-7599\" src=\"https:\/\/www.acrn.fr\/wp-content\/uploads\/2020\/09\/Sans-titre.png\" alt=\"\" width=\"550\" height=\"510\">\r\n<h3>Ejemplos de sujeci\u00f3n<\/h3>\r\n<div style=\"align-items: center;justify-content: space-between\">\r\n\r\n[caption id=\"attachment_396\" align=\"alignnone\" width=\"300\"]<img class=\"size-medium wp-image-7604\" src=\"https:\/\/www.acrn.fr\/wp-content\/uploads\/2020\/09\/ex-serrage-1-e1605730413392-300x300.png\" alt=\"\" width=\"300\" height=\"251\">{%CAPTION%}[\/caption]\r\n\r\n[caption id=\"attachment_397\" align=\"alignnone\" width=\"224\"]<img class=\"size-medium wp-image-7605\" src=\"https:\/\/www.acrn.fr\/wp-content\/uploads\/2020\/09\/ex-serrage-2-e1605730467312-300x300.png\" alt=\"\" width=\"224\" height=\"300\">{%CAPTION%}[\/caption]\r\n\r\n[caption id=\"attachment_398\" align=\"alignnone\" width=\"300\"]<img class=\"size-medium wp-image-7606\" src=\"https:\/\/www.acrn.fr\/wp-content\/uploads\/2020\/09\/ex-serrage-3-e1605730505486-300x300.png\" alt=\"\" width=\"300\" height=\"300\">{%CAPTION%}[\/caption]\r\n\r\n<\/div>\r\n<div>[table id=\"1\" \/]<\/div>\r\n<div>[table id=\"2\" \/]<\/div>\r\n<img class=\"aligncenter wp-image-7601 size-medium\" src=\"https:\/\/www.acrn.fr\/wp-content\/uploads\/2020\/09\/Capture5-300x107.png\" alt=\"\" width=\"300\" height=\"107\">","_et_gb_content_width":""},"product_brand":[],"product_cat":[190],"product_tag":[],"class_list":{"0":"post-7594","1":"product","2":"type-product","3":"status-publish","4":"has-post-thumbnail","6":"product_cat-torquimetros","8":"first","9":"instock","10":"downloadable","11":"shipping-taxable","12":"purchasable","13":"product-type-simple"},"acf":[],"_links":{"self":[{"href":"https:\/\/www.acrn.fr\/es\/wp-json\/wp\/v2\/product\/7594","targetHints":{"allow":["GET"]}}],"collection":[{"href":"https:\/\/www.acrn.fr\/es\/wp-json\/wp\/v2\/product"}],"about":[{"href":"https:\/\/www.acrn.fr\/es\/wp-json\/wp\/v2\/types\/product"}],"wp:featuredmedia":[{"embeddable":true,"href":"https:\/\/www.acrn.fr\/es\/wp-json\/wp\/v2\/media\/7595"}],"wp:attachment":[{"href":"https:\/\/www.acrn.fr\/es\/wp-json\/wp\/v2\/media?parent=7594"}],"wp:term":[{"taxonomy":"product_brand","embeddable":true,"href":"https:\/\/www.acrn.fr\/es\/wp-json\/wp\/v2\/product_brand?post=7594"},{"taxonomy":"product_cat","embeddable":true,"href":"https:\/\/www.acrn.fr\/es\/wp-json\/wp\/v2\/product_cat?post=7594"},{"taxonomy":"product_tag","embeddable":true,"href":"https:\/\/www.acrn.fr\/es\/wp-json\/wp\/v2\/product_tag?post=7594"}],"curies":[{"name":"wp","href":"https:\/\/api.w.org\/{rel}","templated":true}]}}