{"id":24124,"date":"2023-06-27T12:58:59","date_gmt":"2023-06-27T10:58:59","guid":{"rendered":"https:\/\/www.acrn.fr\/product\/controlador-digital-de-llave-dinamometrica\/"},"modified":"2026-04-24T10:50:23","modified_gmt":"2026-04-24T08:50:23","slug":"controlador-digital-de-llave-dinamometrica","status":"publish","type":"product","link":"https:\/\/www.acrn.fr\/es\/producto\/controlador-digital-de-llave-dinamometrica\/","title":{"rendered":"Controlador digital de llave dinamom\u00e9trica"},"content":{"rendered":"<h2><span style=\"color: #215876;\"><strong>\u00bfPor qu\u00e9 hay que comprobar las llaves dinamom\u00e9tricas?<\/strong><\/span><\/h2>\n<p class=\"font-claude-response-body break-words whitespace-normal leading-[1.7]\">Una llave dinamom\u00e9trica es un instrumento de medici\u00f3n \u2014 como cualquier instrumento, se desajusta con el tiempo y el uso. Los golpes, el desgaste del muelle, el desgaste mec\u00e1nico y las variaciones de temperatura afectan progresivamente a la precisi\u00f3n del disparo o de la indicaci\u00f3n. Una llave que se dispara a 25 N\u00b7m cuando est\u00e1 ajustada a 20 N\u00b7m puede provocar un apriete insuficiente, fugas o fallos en el montaje que no se aprecian a simple vista.<\/p>\n<p class=\"font-claude-response-body break-words whitespace-normal leading-[1.7]\">La norma ISO 6789 exige una verificaci\u00f3n peri\u00f3dica de las llaves dinamom\u00e9tricas utilizadas en los procesos de calidad. Recomienda realizar una revisi\u00f3n tras cada golpe fuerte, tras 5 000 ciclos de uso o una vez al a\u00f1o. El Dremotest E permite realizar esta comprobaci\u00f3n internamente, sin necesidad de enviar las llaves a un laboratorio externo, lo que supone un ahorro significativo de tiempo y dinero para los talleres que cuentan con un gran n\u00famero de llaves.<\/p>\n<h2><strong><span style=\"color: #215876;\">Aplicaciones<\/span><\/strong><\/h2>\n<p class=\"font-claude-response-body break-words whitespace-normal leading-[1.7]\">El Dremotest E se utiliza en todos los sectores industriales en los que se emplean llaves dinamom\u00e9tricas para aprietes cr\u00edticos:<\/p>\n<p class=\"font-claude-response-body break-words whitespace-normal leading-[1.7]\"><span style=\"color: #95cceb;\"><strong>Industria automovil\u00edstica y aeron\u00e1utica<\/strong> <\/span><\/p>\n<p class=\"font-claude-response-body break-words whitespace-normal leading-[1.7]\">Comprobaci\u00f3n peri\u00f3dica de las cotas en las estaciones de montaje, de conformidad con los requisitos de los planes de control y las normas de calidad (ISO\/TS 16949, EN 9100).<\/p>\n<p class=\"font-claude-response-body break-words whitespace-normal leading-[1.7]\"><span style=\"color: #95cceb;\"><strong>Cosm\u00e9tica y farmac\u00e9utica<\/strong> <\/span><\/p>\n<p class=\"font-claude-response-body break-words whitespace-normal leading-[1.7]\">control de las llaves utilizadas para las operaciones de taponado y apriete en las l\u00edneas de envasado, de conformidad con los requisitos de las buenas pr\u00e1cticas de fabricaci\u00f3n (GMP) y la norma ISO 9001.<\/p>\n<p class=\"font-claude-response-body break-words whitespace-normal leading-[1.7]\"><span style=\"color: #95cceb;\"><strong>Mantenimiento industrial<\/strong> <\/span><\/p>\n<p class=\"font-claude-response-body break-words whitespace-normal leading-[1.7]\">Comprobaci\u00f3n de las llaves del personal de mantenimiento antes de intervenir en equipos cr\u00edticos (v\u00e1lvulas, bridas, fijaciones de seguridad).<\/p>\n<p class=\"font-claude-response-body break-words whitespace-normal leading-[1.7]\"><span style=\"color: #95cceb;\"><strong>Laboratorios de metrolog\u00eda<\/strong> <\/span><\/p>\n<p class=\"font-claude-response-body break-words whitespace-normal leading-[1.7]\">uso como patr\u00f3n de transferencia para la calibraci\u00f3n y verificaci\u00f3n de llaves dinamom\u00e9tricas en laboratorios acreditados o internos.<\/p>\n<hr \/>\n<p>El Dremotest E es un comprobador digital de llaves dinamom\u00e9tricas f\u00e1cil de usar que ofrece mediciones precisas. Con este instrumento de medida, puede exportar sus datos al software Hyper Terminal a trav\u00e9s de una salida RS232. Su dise\u00f1o ligero y sencillo garantiza una larga vida a este equipo. El Dremotest est\u00e1 disponible en 5 versiones diferentes que van de 0,2 a 3.000 N.m.<\/p>\n<table style=\"border-collapse: collapse; width: 100%; height: 138px;\">\n<tbody>\n<tr style=\"height: 23px;\">\n<td style=\"width: 16.6667%; height: 23px; text-align: center;\"><strong>Modelo<\/strong><\/td>\n<td style=\"width: 16.6667%; height: 23px; text-align: center;\"><strong>ISO<\/strong><\/td>\n<td style=\"width: 16.6667%; height: 23px; text-align: center;\"><strong>Resoluci\u00f3n<\/strong><\/td>\n<td style=\"width: 16.6667%; height: 23px; text-align: center;\"><strong>Imperial<\/strong><\/td>\n<td style=\"width: 16.6667%; height: 23px; text-align: center;\"><strong>Resoluci\u00f3n<\/strong><\/td>\n<td style=\"width: 16.6667%; height: 23px; text-align: center;\"><strong>Precisi\u00f3n<\/strong><\/td>\n<\/tr>\n<tr style=\"height: 23px;\">\n<td style=\"width: 16.6667%; height: 23px; text-align: center;\">Dremotest E12<\/td>\n<td style=\"width: 16.6667%; height: 23px; text-align: center;\">0,2 &#8211; 12 N.m<\/td>\n<td style=\"width: 16.6667%; height: 23px; text-align: center;\">0,001 N.m<\/td>\n<td style=\"width: 16.6667%; height: 23px; text-align: center;\">1,8 &#8211; 106 lbf.in<\/td>\n<td style=\"width: 16.6667%; height: 23px; text-align: center;\">0,001 lbf.in<\/td>\n<td style=\"width: 16.6667%; height: 23px; text-align: center;\">+ \/ &#8211; 1%<\/td>\n<\/tr>\n<tr style=\"height: 23px;\">\n<td style=\"width: 16.6667%; height: 23px; text-align: center;\">Dremotest E55<\/td>\n<td style=\"width: 16.6667%; height: 23px; text-align: center;\">0,9 &#8211; 55 N.m<\/td>\n<td style=\"width: 16.6667%; height: 23px; text-align: center;\">0,01 N.m<\/td>\n<td style=\"width: 16.6667%; height: 23px; text-align: center;\">0,7 &#8211; 40 lbf.in<\/td>\n<td style=\"width: 16.6667%; height: 23px; text-align: center;\">0,01 lbf.in<\/td>\n<td style=\"width: 16.6667%; height: 23px; text-align: center;\">+ \/ &#8211; 1%<\/td>\n<\/tr>\n<tr style=\"height: 23px;\">\n<td style=\"width: 16.6667%; height: 23px; text-align: center;\">Dremotest E320<\/td>\n<td style=\"width: 16.6667%; height: 23px; text-align: center;\">9 &#8211; 320 N.m<\/td>\n<td style=\"width: 16.6667%; height: 23px; text-align: center;\">0,1 N.m<\/td>\n<td style=\"width: 16.6667%; height: 23px; text-align: center;\">7 &#8211; 236 lbf.in<\/td>\n<td style=\"width: 16.6667%; height: 23px; text-align: center;\">0,1 lbf.in<\/td>\n<td style=\"width: 16.6667%; height: 23px; text-align: center;\">+ \/ &#8211; 1%<\/td>\n<\/tr>\n<tr style=\"height: 23px;\">\n<td style=\"width: 16.6667%; height: 23px; text-align: center;\">Dremotest E1100<\/td>\n<td style=\"width: 16.6667%; height: 23px; text-align: center;\">90 &#8211; 1100 N.m<\/td>\n<td style=\"width: 16.6667%; height: 23px; text-align: center;\">1 N.m<\/td>\n<td style=\"width: 16.6667%; height: 23px; text-align: center;\">66 &#8211; 811 lbf.in<\/td>\n<td style=\"width: 16.6667%; height: 23px; text-align: center;\">1 lbf.in<\/td>\n<td style=\"width: 16.6667%; height: 23px; text-align: center;\">+ \/ &#8211; 1%<\/td>\n<\/tr>\n<tr style=\"height: 23px;\">\n<td style=\"width: 16.6667%; height: 23px; text-align: center;\">Dremotest E3000<\/td>\n<td style=\"width: 16.6667%; height: 23px; text-align: center;\">500 &#8211; 3000 N.m<\/td>\n<td style=\"width: 16.6667%; height: 23px; text-align: center;\">1 N.m<\/td>\n<td style=\"width: 16.6667%; height: 23px; text-align: center;\">369 &#8211; 2214 lbf.in<\/td>\n<td style=\"width: 16.6667%; height: 23px; text-align: center;\">144 lbf.in<\/td>\n<td style=\"width: 16.6667%; height: 23px; text-align: center;\">+ \/ &#8211; 1%<\/td>\n<\/tr>\n<\/tbody>\n<\/table>\n<p>&nbsp;<\/p>\n<p class=\"font-claude-response-body break-words whitespace-normal leading-[1.7]\"><strong>No te pierdas tampoco :<\/strong><\/p>\n<ul class=\"[li_&amp;]:mb-0 [li_&amp;]:mt-1 [li_&amp;]:gap-1 [&amp;:not(:last-child)_ul]:pb-1 [&amp;:not(:last-child)_ol]:pb-1 list-disc flex flex-col gap-1 pl-8 mb-3\">\n<li class=\"whitespace-normal break-words pl-2\">El <strong><a class=\"underline underline underline-offset-2 decoration-1 decoration-current\/40 hover:decoration-current focus:decoration-current\" href=\"https:\/\/www.acrn.fr\/es\/producto\/controlador-de-teclas\/\">comprobador de llaves dinamom\u00e9tricas Acratork<\/a><\/strong> \u2014 alternativa mec\u00e1nica al Dremotest E para los talleres que prefieren un comprobador sin alimentaci\u00f3n el\u00e9ctrica.<\/li>\n<li class=\"whitespace-normal break-words pl-2\">La <strong><a class=\"underline underline underline-offset-2 decoration-1 decoration-current\/40 hover:decoration-current focus:decoration-current\" href=\"https:\/\/www.acrn.fr\/es\/producto\/dial-dinamometro-llave\/\">llave dinamom\u00e9trica con indicador TOK<\/a><\/strong> \u2014 llave de indicaci\u00f3n directa compatible con el Dremotest E para comprobaciones cruzadas.<\/li>\n<li class=\"whitespace-normal break-words pl-2\">La <strong><a class=\"underline underline underline-offset-2 decoration-1 decoration-current\/40 hover:decoration-current focus:decoration-current\" href=\"https:\/\/www.acrn.fr\/es\/producto\/llave-dinamometrica-preajustada-modelo-rspk\/\">llave dinamom\u00e9trica RSPK<\/a><\/strong> \u2014 llave de disparo preajustada cuyo valor se puede comprobar con el Dremotest E.<\/li>\n<li class=\"whitespace-normal break-words pl-2\">Nuestro <strong><a class=\"underline underline underline-offset-2 decoration-1 decoration-current\/40 hover:decoration-current focus:decoration-current\" href=\"https:\/\/www.acrn.fr\/es\/calibracion-y-metrologia\/\">servicio de calibraci\u00f3n<\/a><\/strong> \u2014 para la calibraci\u00f3n del propio Dremotest E en nuestro laboratorio de metrolog\u00eda.<\/li>\n<\/ul>\n","protected":false},"excerpt":{"rendered":"<blockquote><p>Controlador digital de llave dinamom\u00e9trica<\/p><\/blockquote>\n<p class=\"font-claude-response-body break-words whitespace-normal leading-[1.7]\">El Dremotest E es un comprobador digital de llaves dinamom\u00e9tricas dise\u00f1ado para verificar y ajustar el valor de disparo o de indicaci\u00f3n de las llaves dinamom\u00e9tricas en talleres o laboratorios. Mide el par aplicado por la llave con una precisi\u00f3n del \u00b11 % en todo el rango de medici\u00f3n, una precisi\u00f3n superior a la de la mayor\u00eda de las llaves que est\u00e1 destinado a controlar.<\/p>\n<p class=\"font-claude-response-body break-words whitespace-normal leading-[1.7]\">El funcionamiento es sencillo: el operario coloca la llave en el lateral del aparato y aplica el par de apriete. El valor aparece inmediatamente en la pantalla digital. El resultado se puede exportar a un ordenador a trav\u00e9s de la salida RS232 para su archivo y trazabilidad. La gama abarca 5 modelos, con rangos de 0,2 a 3 000 N\u00b7m, y resoluciones que van desde 0,001 N\u00b7m en los modelos m\u00e1s peque\u00f1os hasta 1 N\u00b7m en los m\u00e1s grandes.<\/p>\n<p class=\"font-claude-response-body break-words whitespace-normal leading-[1.7]\">El Dremotest E se entrega con todos sus accesorios (adaptador, cable de alimentaci\u00f3n, conectores y certificado de calibraci\u00f3n), por lo que est\u00e1 listo para funcionar de inmediato. Su dise\u00f1o ligero y resistente cuenta con el respaldo de una garant\u00eda de 2 a\u00f1os y del servicio posventa de ACRN.<\/p>\n<p><a href=\"https:\/\/www.acrn.fr\/wp-content\/uploads\/2025\/12\/Data_Sheet_Dremotest_GB.pdf-1.pdf\" target=\"_blank\" rel=\"noopener\">Ficha t\u00e9cnica Dremotest<\/a><\/p>\n","protected":false},"featured_media":13128,"template":"","meta":{"_acf_changed":false,"_et_pb_use_builder":"off","_et_pb_old_content":"El Dremotest E es un comprobador digital de llaves dinamom\u00e9tricas f\u00e1cil de usar que ofrece mediciones precisas.\r\n\r\nCon este instrumento de medida, puede exportar sus datos al software Hyper Terminal a trav\u00e9s de una salida RS232.\r\n\r\nSu dise\u00f1o ligero y sencillo garantiza una larga vida a este equipo.\r\n\r\nEl Dremotest est\u00e1 disponible en 5 versiones diferentes que van de 0,2 a 3.000 N.m.\r\n\r\n \r\n<table style=\"border-collapse: collapse;width: 100%;height: 138px\">\r\n<tbody>\r\n<tr style=\"height: 23px\">\r\n<td style=\"width: 16.6667%;height: 23px;text-align: center\"><strong>Modelo<\/strong><\/td>\r\n<td style=\"width: 16.6667%;height: 23px;text-align: center\"><strong>ISO<\/strong><\/td>\r\n<td style=\"width: 16.6667%;height: 23px;text-align: center\"><strong>Resoluci\u00f3n<\/strong><\/td>\r\n<td style=\"width: 16.6667%;height: 23px;text-align: center\"><strong>Imperial<\/strong><\/td>\r\n<td style=\"width: 16.6667%;height: 23px;text-align: center\"><strong>Resoluci\u00f3n<\/strong><\/td>\r\n<td style=\"width: 16.6667%;height: 23px;text-align: center\"><strong>Precisi\u00f3n<\/strong><\/td>\r\n<\/tr>\r\n<tr style=\"height: 23px\">\r\n<td style=\"width: 16.6667%;height: 23px;text-align: center\">Dremotest E12<\/td>\r\n<td style=\"width: 16.6667%;height: 23px;text-align: center\">0,2 - 12 N.m<\/td>\r\n<td style=\"width: 16.6667%;height: 23px;text-align: center\">0,001 N.m<\/td>\r\n<td style=\"width: 16.6667%;height: 23px;text-align: center\">1,8 - 106 lbf.in<\/td>\r\n<td style=\"width: 16.6667%;height: 23px;text-align: center\">0,001 lbf.in<\/td>\r\n<td style=\"width: 16.6667%;height: 23px;text-align: center\">+ \/ - 1%<\/td>\r\n<\/tr>\r\n<tr style=\"height: 23px\">\r\n<td style=\"width: 16.6667%;height: 23px;text-align: center\">Dremotest E55<\/td>\r\n<td style=\"width: 16.6667%;height: 23px;text-align: center\">0,9 - 55 N.m<\/td>\r\n<td style=\"width: 16.6667%;height: 23px;text-align: center\">0,01 N.m<\/td>\r\n<td style=\"width: 16.6667%;height: 23px;text-align: center\">0,7 - 40 lbf.in<\/td>\r\n<td style=\"width: 16.6667%;height: 23px;text-align: center\">0,01 lbf.in<\/td>\r\n<td style=\"width: 16.6667%;height: 23px;text-align: center\">  + \/ - 1%<\/td>\r\n<\/tr>\r\n<tr style=\"height: 23px\">\r\n<td style=\"width: 16.6667%;height: 23px;text-align: center\">Dremotest E320<\/td>\r\n<td style=\"width: 16.6667%;height: 23px;text-align: center\">9 - 320 N.m<\/td>\r\n<td style=\"width: 16.6667%;height: 23px;text-align: center\">0,1 N.m<\/td>\r\n<td style=\"width: 16.6667%;height: 23px;text-align: center\">7 - 236 lbf.in<\/td>\r\n<td style=\"width: 16.6667%;height: 23px;text-align: center\">0,1 lbf.in<\/td>\r\n<td style=\"width: 16.6667%;height: 23px;text-align: center\">  + \/ - 1%<\/td>\r\n<\/tr>\r\n<tr style=\"height: 23px\">\r\n<td style=\"width: 16.6667%;height: 23px;text-align: center\">Dremotest E1100<\/td>\r\n<td style=\"width: 16.6667%;height: 23px;text-align: center\">90 - 1100 N.m<\/td>\r\n<td style=\"width: 16.6667%;height: 23px;text-align: center\">1 N.m<\/td>\r\n<td style=\"width: 16.6667%;height: 23px;text-align: center\">66 - 811 lbf.in<\/td>\r\n<td style=\"width: 16.6667%;height: 23px;text-align: center\">1 lbf.in<\/td>\r\n<td style=\"width: 16.6667%;height: 23px;text-align: center\">  + \/ - 1%<\/td>\r\n<\/tr>\r\n<tr style=\"height: 23px\">\r\n<td style=\"width: 16.6667%;height: 23px;text-align: center\">Dremotest E3000<\/td>\r\n<td style=\"width: 16.6667%;height: 23px;text-align: center\">500 - 3000 N.m<\/td>\r\n<td style=\"width: 16.6667%;height: 23px;text-align: center\">1 N.m<\/td>\r\n<td style=\"width: 16.6667%;height: 23px;text-align: center\">369 - 2214 lbf.in<\/td>\r\n<td style=\"width: 16.6667%;height: 23px;text-align: center\">144 lbf.in<\/td>\r\n<td style=\"width: 16.6667%;height: 23px;text-align: center\">  + \/ - 1%<\/td>\r\n<\/tr>\r\n<\/tbody>\r\n<\/table>","_et_gb_content_width":""},"product_brand":[],"product_cat":[234],"product_tag":[],"class_list":{"0":"post-24124","1":"product","2":"type-product","3":"status-publish","4":"has-post-thumbnail","6":"product_cat-controlador-de-la-llave-de-torsion","8":"first","9":"instock","10":"shipping-taxable","11":"purchasable","12":"product-type-simple"},"acf":[],"_links":{"self":[{"href":"https:\/\/www.acrn.fr\/es\/wp-json\/wp\/v2\/product\/24124","targetHints":{"allow":["GET"]}}],"collection":[{"href":"https:\/\/www.acrn.fr\/es\/wp-json\/wp\/v2\/product"}],"about":[{"href":"https:\/\/www.acrn.fr\/es\/wp-json\/wp\/v2\/types\/product"}],"wp:featuredmedia":[{"embeddable":true,"href":"https:\/\/www.acrn.fr\/es\/wp-json\/wp\/v2\/media\/13128"}],"wp:attachment":[{"href":"https:\/\/www.acrn.fr\/es\/wp-json\/wp\/v2\/media?parent=24124"}],"wp:term":[{"taxonomy":"product_brand","embeddable":true,"href":"https:\/\/www.acrn.fr\/es\/wp-json\/wp\/v2\/product_brand?post=24124"},{"taxonomy":"product_cat","embeddable":true,"href":"https:\/\/www.acrn.fr\/es\/wp-json\/wp\/v2\/product_cat?post=24124"},{"taxonomy":"product_tag","embeddable":true,"href":"https:\/\/www.acrn.fr\/es\/wp-json\/wp\/v2\/product_tag?post=24124"}],"curies":[{"name":"wp","href":"https:\/\/api.w.org\/{rel}","templated":true}]}}