{"id":24000,"date":"2022-05-25T11:27:54","date_gmt":"2022-05-25T09:27:54","guid":{"rendered":"https:\/\/www.acrn.fr\/product\/comprobador-de-fugas-agileak\/"},"modified":"2026-04-21T09:44:35","modified_gmt":"2026-04-21T07:44:35","slug":"camara-de-vacio-avanzada-agileak","status":"publish","type":"product","link":"https:\/\/www.acrn.fr\/es\/producto\/camara-de-vacio-avanzada-agileak\/","title":{"rendered":"C\u00e1mara de vac\u00edo avanzada Agileak"},"content":{"rendered":"<h2 data-start=\"234\" data-end=\"307\">\ud83e\uddea AgiLeak \u2013 Probador de estanqueidad por vac\u00edo conforme a las normas ASTM<\/h2>\n<p data-start=\"309\" data-end=\"648\">El <strong data-start=\"311\" data-end=\"322\">AgiLeak<\/strong> es un comprobador de <strong data-start=\"330\" data-end=\"366\">estanqueidad por vac\u00edo <\/strong> dise\u00f1ado para realizar pruebas fiables, automatizadas y trazables en sus envases flexibles, semirr\u00edgidos y r\u00edgidos. Se ha consolidado como una soluci\u00f3n de referencia para las pruebas de conformidad en los sectores <strong data-start=\"576\" data-end=\"594\">farmac\u00e9utico<\/strong>, <strong data-start=\"596\" data-end=\"610\">cosm\u00e9tica<\/strong>, <strong data-start=\"612\" data-end=\"631\">agroalimentario<\/strong> y <strong data-start=\"635\" data-end=\"647\">qu\u00edmico<\/strong>.<\/p>\n<p data-start=\"650\" data-end=\"915\"><strong data-start=\"650\" data-end=\"711\">Un comprobador de estanqueidad potente, pero al alcance de todos.<\/strong><br data-start=\"711\" data-end=\"714\" \/>Gracias a su <strong data-start=\"726\" data-end=\"752\">pantalla t\u00e1ctil intuitiva<\/strong>, sus <strong data-start=\"758\" data-end=\"786\"> programas preconfigurados<\/strong> y su l\u00f3gica clara, AgiLeak es muy <strong data-start=\"823\" data-end=\"852\">f\u00e1cil de usar<\/strong>: sus operadores pueden iniciar una prueba en menos de 5 minutos.<\/p>\n<p data-start=\"917\" data-end=\"1028\">Integra de forma nativa los protocolos de las principales <strong data-start=\"970\" data-end=\"1026\">normas ASTM relativas a los ensayos de envases al vac\u00edo<\/strong> :<\/p>\n<ul data-start=\"1029\" data-end=\"1237\">\n<li data-start=\"1029\" data-end=\"1092\">\n<p data-start=\"1031\" data-end=\"1092\"><a href=\"https:\/\/www.acrn.fr\/es\/astm-d3078-una-norma-esencial-para-las-pruebas-de-estanqueidad\/\"><strong data-start=\"1031\" data-end=\"1045\">ASTM D3078<\/strong><\/a> : ensayo mediante el m\u00e9todo de la prueba de burbujas (inmersi\u00f3n)<\/p>\n<\/li>\n<li data-start=\"1093\" data-end=\"1169\">\n<p data-start=\"1095\" data-end=\"1169\"><a href=\"https:\/\/www.acrn.fr\/es\/como-puede-garantizar-la-estanqueidad-de-sus-envases-descubra-la-norma-astm-f3039\/\"><strong data-start=\"1525\" data-end=\"1539\">ASTM F3039<\/strong><\/a> : m\u00e9todo est\u00e1ndar para la evaluaci\u00f3n visual de fugas en envases flexibles sumergidos al vac\u00edo<\/p>\n<\/li>\n<li data-start=\"1170\" data-end=\"1237\">\n<p data-start=\"1172\" data-end=\"1237\"><a href=\"https:\/\/www.acrn.fr\/es\/centrarse-en-astm-6653\/\"><strong data-start=\"1172\" data-end=\"1186\">ASTM D6653<\/strong><\/a> : simulaci\u00f3n de altitud\/transporte a\u00e9reo en vac\u00edo<\/p>\n<\/li>\n<li data-start=\"1170\" data-end=\"1237\"><a href=\"https:\/\/store.astm.org\/d4991-07r15.html\" target=\"_blank\" rel=\"noopener\"><strong data-start=\"1387\" data-end=\"1401\">ASTM D4991<\/strong><\/a>: Ensayo de envases flexibles en vac\u00edo sin inmersi\u00f3n<\/li>\n<\/ul>\n<hr data-start=\"966\" data-end=\"969\" \/>\n<h2 data-start=\"971\" data-end=\"1008\">\ud83c\udfaf Las principales ventajas del comprobador de estanqueidad AgiLeak<\/h2>\n<ul data-start=\"1010\" data-end=\"1559\">\n<li data-start=\"1010\" data-end=\"1051\">\n<p data-start=\"1012\" data-end=\"1051\">Interfaz t\u00e1ctil fluida e intuitiva<\/p>\n<\/li>\n<li data-start=\"1052\" data-end=\"1128\">\n<p data-start=\"1054\" data-end=\"1128\"><strong data-start=\"1054\" data-end=\"1092\">14 tama\u00f1os de cajones disponibles<\/strong> : 11 modelos de armarios y 3 cofres<\/p>\n<\/li>\n<li data-start=\"1129\" data-end=\"1210\">\n<p data-start=\"1131\" data-end=\"1210\">Trazabilidad completa: n\u00famero de lote, usuario, validaci\u00f3n, derechos de acceso<\/p>\n<\/li>\n<li data-start=\"1211\" data-end=\"1274\">\n<p data-start=\"1213\" data-end=\"1274\">Conexiones USB y TCP\/IP para la exportaci\u00f3n segura de los resultados<\/p>\n<\/li>\n<li data-start=\"1275\" data-end=\"1328\">\n<p data-start=\"1277\" data-end=\"1328\">Visualizaci\u00f3n en tiempo real de las curvas de presi\u00f3n<\/p>\n<\/li>\n<li data-start=\"1329\" data-end=\"1396\">\n<p data-start=\"1331\" data-end=\"1396\"><strong data-start=\"1331\" data-end=\"1357\">Autodiagn\u00f3stico integrado<\/strong> (desviaci\u00f3n del sensor, error del sistema\u2026)<\/p>\n<\/li>\n<li data-start=\"1397\" data-end=\"1503\">\n<p data-start=\"1399\" data-end=\"1503\">Caja de control <strong data-start=\"1419\" data-end=\"1433\">desmontable<\/strong> para facilitar el servicio t\u00e9cnico o para su uso en entornos dif\u00edciles<\/p>\n<\/li>\n<li data-start=\"1504\" data-end=\"1559\">\n<p data-start=\"1506\" data-end=\"1559\">Cumple con los requisitos de <strong data-start=\"1520\" data-end=\"1538\">integridad de los datos<\/strong> (FDA 21 CFR Parte 11)<\/p>\n<\/li>\n<\/ul>\n<hr data-start=\"1561\" data-end=\"1564\" \/>\n<h2 data-start=\"1566\" data-end=\"1621\">\ud83d\udd2c Las pruebas de estanqueidad que se pueden realizar con el AgiLeak<\/h2>\n<h3 data-start=\"1623\" data-end=\"1643\">\ud83d\udd38 Prueba de fugas<\/h3>\n<p data-start=\"1644\" data-end=\"1805\">Mediante prueba de vac\u00edo o prueba de burbujas.<br data-start=\"1678\" data-end=\"1681\" \/>Detecci\u00f3n de microfugas en frascos, sobres, envases tipo \u00abdoypack\u00bb, etc.<br data-start=\"1743\" data-end=\"1746\" \/>\u27a1\ufe0f Funci\u00f3n Quickstart con vac\u00edo y tiempo programados.<\/p>\n<h3 data-start=\"1807\" data-end=\"1842\">\ud83d\udd38 Ensayo de resistencia mec\u00e1nica<\/h3>\n<p data-start=\"1843\" data-end=\"1930\">Prueba de ciclos repetidos al vac\u00edo, para simular las condiciones de transporte o almacenamiento.<\/p>\n<h3 data-start=\"1932\" data-end=\"1972\">\ud83d\udd38 Ensayos seg\u00fan las normas ISO \/ ASTM<\/h3>\n<p data-start=\"1973\" data-end=\"2032\">Normas integradas en el dispositivo con protocolo paso a paso:<\/p>\n<ul data-start=\"2033\" data-end=\"2168\">\n<li data-start=\"2033\" data-end=\"2061\">\n<p data-start=\"2035\" data-end=\"2061\">ASTM D3078 \u2013 Prueba de burbujas<\/p>\n<\/li>\n<li data-start=\"2062\" data-end=\"2103\">\n<p data-start=\"2064\" data-end=\"2103\">ASTM D4991 \u2013 Impermeabilizaci\u00f3n por inmersi\u00f3n<\/p>\n<\/li>\n<li data-start=\"2104\" data-end=\"2151\">\n<p data-start=\"2106\" data-end=\"2151\">ASTM D6653 \u2013 Simulaci\u00f3n de transporte a\u00e9reo<\/p>\n<\/li>\n<li data-start=\"2152\" data-end=\"2168\">\n<p data-start=\"2154\" data-end=\"2168\">IATA, USP, EP\u2026<\/p>\n<\/li>\n<\/ul>\n<h3 data-start=\"2170\" data-end=\"2193\">\ud83d\udd38 Prueba de explosi\u00f3n<\/h3>\n<p data-start=\"2194\" data-end=\"2282\">Identificaci\u00f3n autom\u00e1tica del umbral de rotura de un envase flexible o de sus soldaduras.<\/p>\n<h3 data-start=\"2284\" data-end=\"2318\">\ud83d\udd38 Prueba avanzada o personalizada<\/h3>\n<p data-start=\"2319\" data-end=\"2468\">Simulaci\u00f3n de vuelo, repetici\u00f3n de ciclos, depresi\u00f3n controlada\u2026<br data-start=\"2381\" data-end=\"2384\" \/>\u27a1\ufe0f Posibilidad de crear <strong data-start=\"2412\" data-end=\"2437\">programas a medida<\/strong> seg\u00fan sus protocolos internos.<\/p>\n<hr data-start=\"2470\" data-end=\"2473\" \/>\n<h2 data-start=\"2475\" data-end=\"2511\">\ud83d\udce6 Tipos de envases compatibles con el comprobador de estanqueidad<\/h2>\n<p data-start=\"2513\" data-end=\"2564\">El AgiLeak se adapta a todos los formatos de envase:<\/p>\n<ul data-start=\"2565\" data-end=\"2762\">\n<li data-start=\"2565\" data-end=\"2625\">\n<p data-start=\"2567\" data-end=\"2625\">Envases <strong data-start=\"2578\" data-end=\"2589\"> flexibles<\/strong>: doypacks, bolsitas, bolsas, etc.<\/p>\n<\/li>\n<li data-start=\"2626\" data-end=\"2691\">\n<p data-start=\"2628\" data-end=\"2691\">Envases <strong data-start=\"2639\" data-end=\"2655\"> semirr\u00edgidos<\/strong>: tubos de pl\u00e1stico, frascos de PE\/PP<\/p>\n<\/li>\n<li data-start=\"2692\" data-end=\"2762\">\n<p data-start=\"2694\" data-end=\"2762\">Envases <strong data-start=\"2705\" data-end=\"2716\"> r\u00edgidos<\/strong>: frascos de vidrio, aerosoles, latas con tapa de rosca\u2026<\/p>\n<\/li>\n<\/ul>\n<p><iframe title=\"CAISSON D&#039;ETANCHEITE AGILEAK - ACRN\" width=\"1080\" height=\"608\" src=\"https:\/\/www.youtube.com\/embed\/MHI9P9CfxVA?feature=oembed\"  allow=\"accelerometer; autoplay; clipboard-write; encrypted-media; gyroscope; picture-in-picture; web-share\" referrerpolicy=\"strict-origin-when-cross-origin\" allowfullscreen><\/iframe><\/p>\n<hr data-start=\"2764\" data-end=\"2767\" \/>\n<h2 data-start=\"2769\" data-end=\"2817\">\ud83d\udccf Tallas disponibles: 14 modelos est\u00e1ndar<\/h2>\n<div class=\"_tableContainer_16hzy_1\">\n<div class=\"_tableWrapper_16hzy_14 group flex w-fit flex-col-reverse\" tabindex=\"-1\">\n<table class=\"w-fit min-w-(--thread-content-width)\" data-start=\"2819\" data-end=\"4193\">\n<thead data-start=\"2819\" data-end=\"2903\">\n<tr data-start=\"2819\" data-end=\"2903\">\n<th data-start=\"2819\" data-end=\"2828\" data-col-size=\"sm\">Modelo<\/th>\n<th data-start=\"2828\" data-end=\"2853\" data-col-size=\"sm\">Dimensiones \u00fatiles (mm)<\/th>\n<th data-start=\"2853\" data-end=\"2862\" data-col-size=\"sm\">Tronco<\/th>\n<th data-start=\"2862\" data-end=\"2872\" data-col-size=\"sm\">Gabinete<\/th>\n<th data-start=\"2872\" data-end=\"2884\" data-col-size=\"sm\">Inmersi\u00f3n<\/th>\n<th data-start=\"2884\" data-end=\"2894\" data-col-size=\"sm\">Carro<\/th>\n<th data-start=\"2894\" data-end=\"2903\" data-col-size=\"sm\">Cilindro<\/th>\n<\/tr>\n<\/thead>\n<tbody data-start=\"2990\" data-end=\"4193\">\n<tr data-start=\"2990\" data-end=\"3075\">\n<td data-start=\"2990\" data-end=\"2999\" data-col-size=\"sm\">A1<\/td>\n<td data-start=\"2999\" data-end=\"3024\" data-col-size=\"sm\">300 \u00d7 300 \u00d7 400<\/td>\n<td data-col-size=\"sm\" data-start=\"3024\" data-end=\"3033\"><\/td>\n<td data-col-size=\"sm\" data-start=\"3033\" data-end=\"3043\">\u2714\ufe0f<\/td>\n<td data-col-size=\"sm\" data-start=\"3043\" data-end=\"3055\">\u2714\ufe0f<\/td>\n<td data-col-size=\"sm\" data-start=\"3055\" data-end=\"3065\">\u2714\ufe0f<\/td>\n<td data-col-size=\"sm\" data-start=\"3065\" data-end=\"3075\"><\/td>\n<\/tr>\n<tr data-start=\"3076\" data-end=\"3161\">\n<td data-start=\"3076\" data-end=\"3085\" data-col-size=\"sm\">A2<\/td>\n<td data-start=\"3085\" data-end=\"3110\" data-col-size=\"sm\">400 \u00d7 400 \u00d7 400<\/td>\n<td data-col-size=\"sm\" data-start=\"3110\" data-end=\"3119\"><\/td>\n<td data-col-size=\"sm\" data-start=\"3119\" data-end=\"3129\">\u2714\ufe0f<\/td>\n<td data-col-size=\"sm\" data-start=\"3129\" data-end=\"3141\">\u2714\ufe0f<\/td>\n<td data-col-size=\"sm\" data-start=\"3141\" data-end=\"3151\">\u2714\ufe0f<\/td>\n<td data-col-size=\"sm\" data-start=\"3151\" data-end=\"3161\"><\/td>\n<\/tr>\n<tr data-start=\"3162\" data-end=\"3247\">\n<td data-start=\"3162\" data-end=\"3171\" data-col-size=\"sm\">A3<\/td>\n<td data-start=\"3171\" data-end=\"3196\" data-col-size=\"sm\">500 \u00d7 450 \u00d7 500<\/td>\n<td data-col-size=\"sm\" data-start=\"3196\" data-end=\"3205\"><\/td>\n<td data-col-size=\"sm\" data-start=\"3205\" data-end=\"3215\">\u2714\ufe0f<\/td>\n<td data-col-size=\"sm\" data-start=\"3215\" data-end=\"3227\">\u2714\ufe0f<\/td>\n<td data-col-size=\"sm\" data-start=\"3227\" data-end=\"3237\">\u2714\ufe0f<\/td>\n<td data-col-size=\"sm\" data-start=\"3237\" data-end=\"3247\">\u2714\ufe0f<\/td>\n<\/tr>\n<tr data-start=\"3248\" data-end=\"3333\">\n<td data-start=\"3248\" data-end=\"3257\" data-col-size=\"sm\">C1<\/td>\n<td data-start=\"3257\" data-end=\"3282\" data-col-size=\"sm\">250 \u00d7 200 \u00d7 150<\/td>\n<td data-col-size=\"sm\" data-start=\"3282\" data-end=\"3291\">\u2714\ufe0f<\/td>\n<td data-col-size=\"sm\" data-start=\"3291\" data-end=\"3301\"><\/td>\n<td data-col-size=\"sm\" data-start=\"3301\" data-end=\"3313\">\u2714\ufe0f<\/td>\n<td data-col-size=\"sm\" data-start=\"3313\" data-end=\"3323\">\u2714\ufe0f<\/td>\n<td data-col-size=\"sm\" data-start=\"3323\" data-end=\"3333\">\u2714\ufe0f<\/td>\n<\/tr>\n<tr data-start=\"3334\" data-end=\"3419\">\n<td data-start=\"3334\" data-end=\"3343\" data-col-size=\"sm\">C2<\/td>\n<td data-start=\"3343\" data-end=\"3368\" data-col-size=\"sm\">350 \u00d7 250 \u00d7 80<\/td>\n<td data-start=\"3368\" data-end=\"3377\" data-col-size=\"sm\">\u2714\ufe0f<\/td>\n<td data-col-size=\"sm\" data-start=\"3377\" data-end=\"3387\"><\/td>\n<td data-col-size=\"sm\" data-start=\"3387\" data-end=\"3399\"><\/td>\n<td data-col-size=\"sm\" data-start=\"3399\" data-end=\"3409\">\u2714\ufe0f<\/td>\n<td data-col-size=\"sm\" data-start=\"3409\" data-end=\"3419\">\u2714\ufe0f<\/td>\n<\/tr>\n<tr data-start=\"3420\" data-end=\"3505\">\n<td data-start=\"3420\" data-end=\"3429\" data-col-size=\"sm\">C3<\/td>\n<td data-start=\"3429\" data-end=\"3454\" data-col-size=\"sm\">350 \u00d7 250 \u00d7 150<\/td>\n<td data-col-size=\"sm\" data-start=\"3454\" data-end=\"3463\">\u2714\ufe0f<\/td>\n<td data-col-size=\"sm\" data-start=\"3463\" data-end=\"3473\"><\/td>\n<td data-col-size=\"sm\" data-start=\"3473\" data-end=\"3485\">\u2714\ufe0f<\/td>\n<td data-col-size=\"sm\" data-start=\"3485\" data-end=\"3495\">\u2714\ufe0f<\/td>\n<td data-col-size=\"sm\" data-start=\"3495\" data-end=\"3505\">\u2714\ufe0f<\/td>\n<\/tr>\n<tr data-start=\"3506\" data-end=\"3591\">\n<td data-start=\"3506\" data-end=\"3515\" data-col-size=\"sm\">C4<\/td>\n<td data-start=\"3515\" data-end=\"3540\" data-col-size=\"sm\">350 \u00d7 250 \u00d7 250<\/td>\n<td data-col-size=\"sm\" data-start=\"3540\" data-end=\"3549\">\u2714\ufe0f<\/td>\n<td data-col-size=\"sm\" data-start=\"3549\" data-end=\"3559\"><\/td>\n<td data-col-size=\"sm\" data-start=\"3559\" data-end=\"3571\">\u2714\ufe0f<\/td>\n<td data-col-size=\"sm\" data-start=\"3571\" data-end=\"3581\">\u2714\ufe0f<\/td>\n<td data-col-size=\"sm\" data-start=\"3581\" data-end=\"3591\">\u2714\ufe0f<\/td>\n<\/tr>\n<tr data-start=\"3592\" data-end=\"3677\">\n<td data-start=\"3592\" data-end=\"3601\" data-col-size=\"sm\">C5<\/td>\n<td data-start=\"3601\" data-end=\"3626\" data-col-size=\"sm\">450 \u00d7 350 \u00d7 100<\/td>\n<td data-col-size=\"sm\" data-start=\"3626\" data-end=\"3635\">\u2714\ufe0f<\/td>\n<td data-col-size=\"sm\" data-start=\"3635\" data-end=\"3645\"><\/td>\n<td data-col-size=\"sm\" data-start=\"3645\" data-end=\"3657\"><\/td>\n<td data-col-size=\"sm\" data-start=\"3657\" data-end=\"3667\">\u2714\ufe0f<\/td>\n<td data-col-size=\"sm\" data-start=\"3667\" data-end=\"3677\">\u2714\ufe0f<\/td>\n<\/tr>\n<tr data-start=\"3678\" data-end=\"3763\">\n<td data-start=\"3678\" data-end=\"3687\" data-col-size=\"sm\">C6<\/td>\n<td data-start=\"3687\" data-end=\"3712\" data-col-size=\"sm\">450 \u00d7 350 \u00d7 150<\/td>\n<td data-col-size=\"sm\" data-start=\"3712\" data-end=\"3721\">\u2714\ufe0f<\/td>\n<td data-col-size=\"sm\" data-start=\"3721\" data-end=\"3731\"><\/td>\n<td data-col-size=\"sm\" data-start=\"3731\" data-end=\"3743\">\u2714\ufe0f<\/td>\n<td data-col-size=\"sm\" data-start=\"3743\" data-end=\"3753\">\u2714\ufe0f<\/td>\n<td data-col-size=\"sm\" data-start=\"3753\" data-end=\"3763\">\u2714\ufe0f<\/td>\n<\/tr>\n<tr data-start=\"3764\" data-end=\"3849\">\n<td data-start=\"3764\" data-end=\"3773\" data-col-size=\"sm\">C7<\/td>\n<td data-start=\"3773\" data-end=\"3798\" data-col-size=\"sm\">450 \u00d7 350 \u00d7 200<\/td>\n<td data-start=\"3798\" data-end=\"3807\" data-col-size=\"sm\">\u2714\ufe0f<\/td>\n<td data-start=\"3807\" data-end=\"3817\" data-col-size=\"sm\"><\/td>\n<td data-start=\"3817\" data-end=\"3829\" data-col-size=\"sm\">\u2714\ufe0f<\/td>\n<td data-col-size=\"sm\" data-start=\"3829\" data-end=\"3839\">\u2714\ufe0f<\/td>\n<td data-col-size=\"sm\" data-start=\"3839\" data-end=\"3849\">\u2714\ufe0f<\/td>\n<\/tr>\n<tr data-start=\"3850\" data-end=\"3935\">\n<td data-start=\"3850\" data-end=\"3859\" data-col-size=\"sm\">C8<\/td>\n<td data-start=\"3859\" data-end=\"3884\" data-col-size=\"sm\">450 \u00d7 350 \u00d7 300<\/td>\n<td data-col-size=\"sm\" data-start=\"3884\" data-end=\"3893\">\u2714\ufe0f<\/td>\n<td data-col-size=\"sm\" data-start=\"3893\" data-end=\"3903\"><\/td>\n<td data-col-size=\"sm\" data-start=\"3903\" data-end=\"3915\">\u2714\ufe0f<\/td>\n<td data-col-size=\"sm\" data-start=\"3915\" data-end=\"3925\">\u2714\ufe0f<\/td>\n<td data-col-size=\"sm\" data-start=\"3925\" data-end=\"3935\">\u2714\ufe0f<\/td>\n<\/tr>\n<tr data-start=\"3936\" data-end=\"4021\">\n<td data-start=\"3936\" data-end=\"3945\" data-col-size=\"sm\">C9<\/td>\n<td data-start=\"3945\" data-end=\"3970\" data-col-size=\"sm\">500 \u00d7 400 \u00d7 100<\/td>\n<td data-col-size=\"sm\" data-start=\"3970\" data-end=\"3979\">\u2714\ufe0f<\/td>\n<td data-col-size=\"sm\" data-start=\"3979\" data-end=\"3989\"><\/td>\n<td data-col-size=\"sm\" data-start=\"3989\" data-end=\"4001\"><\/td>\n<td data-col-size=\"sm\" data-start=\"4001\" data-end=\"4011\">\u2714\ufe0f<\/td>\n<td data-col-size=\"sm\" data-start=\"4011\" data-end=\"4021\">\u2714\ufe0f<\/td>\n<\/tr>\n<tr data-start=\"4022\" data-end=\"4107\">\n<td data-start=\"4022\" data-end=\"4031\" data-col-size=\"sm\">C10<\/td>\n<td data-start=\"4031\" data-end=\"4056\" data-col-size=\"sm\">500 \u00d7 400 \u00d7 200<\/td>\n<td data-col-size=\"sm\" data-start=\"4056\" data-end=\"4065\">\u2714\ufe0f<\/td>\n<td data-col-size=\"sm\" data-start=\"4065\" data-end=\"4075\"><\/td>\n<td data-col-size=\"sm\" data-start=\"4075\" data-end=\"4087\">\u2714\ufe0f<\/td>\n<td data-col-size=\"sm\" data-start=\"4087\" data-end=\"4097\">\u2714\ufe0f<\/td>\n<td data-col-size=\"sm\" data-start=\"4097\" data-end=\"4107\">\u2714\ufe0f<\/td>\n<\/tr>\n<tr data-start=\"4108\" data-end=\"4193\">\n<td data-start=\"4108\" data-end=\"4117\" data-col-size=\"sm\">C11<\/td>\n<td data-col-size=\"sm\" data-start=\"4117\" data-end=\"4142\">500 \u00d7 400 \u00d7 300<\/td>\n<td data-col-size=\"sm\" data-start=\"4142\" data-end=\"4151\">\u2714\ufe0f<\/td>\n<td data-col-size=\"sm\" data-start=\"4151\" data-end=\"4161\"><\/td>\n<td data-col-size=\"sm\" data-start=\"4161\" data-end=\"4173\">\u2714\ufe0f<\/td>\n<td data-col-size=\"sm\" data-start=\"4173\" data-end=\"4183\">\u2714\ufe0f<\/td>\n<td data-col-size=\"sm\" data-start=\"4183\" data-end=\"4193\">\u2714\ufe0f<\/td>\n<\/tr>\n<\/tbody>\n<\/table>\n<\/div>\n<\/div>\n","protected":false},"excerpt":{"rendered":"<blockquote><p>Detector de fugas al vac\u00edo para envases industriales<\/p><\/blockquote>\n<p>El Agileak es un dispositivo de nueva generaci\u00f3n con una carcasa de plexigl\u00e1s transparente conectada a una caja de control t\u00e1ctil.<\/p>\n<p>Mide la resistencia de las soldaduras por vaci\u00f3 y permite la detecci\u00f3n localizada de fugas en muchos tipos de envases (flexibles, semirr\u00edgidos y r\u00edgidos).<\/p>\n<p>De hecho, esta prueba ultrarr\u00e1pida parece ser esencial en diversos sectores de actividad, como el cosmetic\u00f3, el farmac\u00e9utico (para garantizar la esterilidad de los productos), el alimentario (seguridad de los alimentos) o el aeron\u00e1utico (para garantizar la integridad de los productos electr\u00f3nicos).<\/p>\n<p><a href=\"https:\/\/www.acrn.fr\/wp-content\/uploads\/2026\/01\/Fiche-Technique_AGILEAK_FR_V3.pdf-2.pdf\" target=\"_blank\" rel=\"noopener\">Ficha t\u00e9cnica AgiLeak<\/a><\/p>\n","protected":false},"featured_media":9623,"template":"","meta":{"_acf_changed":false,"_et_pb_use_builder":"","_et_pb_old_content":"","_et_gb_content_width":""},"product_brand":[],"product_cat":[247,206,248,249],"product_tag":[],"class_list":{"0":"post-24000","1":"product","2":"type-product","3":"status-publish","4":"has-post-thumbnail","6":"product_cat-prueba-en-seco","7":"product_cat-productos-inicio","8":"product_cat-prueba-de-inmersion","9":"product_cat-prueba-del-azul-de-metileno","11":"first","12":"instock","13":"shipping-taxable","14":"purchasable","15":"product-type-simple"},"acf":[],"_links":{"self":[{"href":"https:\/\/www.acrn.fr\/es\/wp-json\/wp\/v2\/product\/24000","targetHints":{"allow":["GET"]}}],"collection":[{"href":"https:\/\/www.acrn.fr\/es\/wp-json\/wp\/v2\/product"}],"about":[{"href":"https:\/\/www.acrn.fr\/es\/wp-json\/wp\/v2\/types\/product"}],"wp:featuredmedia":[{"embeddable":true,"href":"https:\/\/www.acrn.fr\/es\/wp-json\/wp\/v2\/media\/9623"}],"wp:attachment":[{"href":"https:\/\/www.acrn.fr\/es\/wp-json\/wp\/v2\/media?parent=24000"}],"wp:term":[{"taxonomy":"product_brand","embeddable":true,"href":"https:\/\/www.acrn.fr\/es\/wp-json\/wp\/v2\/product_brand?post=24000"},{"taxonomy":"product_cat","embeddable":true,"href":"https:\/\/www.acrn.fr\/es\/wp-json\/wp\/v2\/product_cat?post=24000"},{"taxonomy":"product_tag","embeddable":true,"href":"https:\/\/www.acrn.fr\/es\/wp-json\/wp\/v2\/product_tag?post=24000"}],"curies":[{"name":"wp","href":"https:\/\/api.w.org\/{rel}","templated":true}]}}