{"id":22525,"date":"2025-12-22T15:03:59","date_gmt":"2025-12-22T14:03:59","guid":{"rendered":"https:\/\/www.acrn.fr\/product\/medidor-digital-de-espesor-interno-g313\/"},"modified":"2025-12-22T15:39:07","modified_gmt":"2025-12-22T14:39:07","slug":"medidor-digital-de-espesor-interno-g313","status":"publish","type":"product","link":"https:\/\/www.acrn.fr\/es\/producto\/medidor-digital-de-espesor-interno-g313\/","title":{"rendered":"Medidor digital de espesor interno G313"},"content":{"rendered":"<p><img decoding=\"async\" class=\"wp-image-5387 aligncenter\" src=\"https:\/\/www.acrn.fr\/wp-content\/uploads\/2021\/05\/test.png\" alt=\"Medidor digital de espesor interno G313\" width=\"655\" height=\"364\" srcset=\"https:\/\/www.acrn.fr\/wp-content\/uploads\/2021\/05\/test.png 655w, https:\/\/www.acrn.fr\/wp-content\/uploads\/2021\/05\/test-480x267.png 480w\" sizes=\"(min-width: 0px) and (max-width: 480px) 480px, (min-width: 481px) 655px, 100vw\" \/><\/p>\n<h3>Informaci\u00f3n t\u00e9cnica<\/h3>\n<table style=\"border-collapse: collapse; width: 100%;\">\n<tbody>\n<tr>\n<td style=\"width: 14.2857%;\">Espectro de apertura<\/td>\n<td style=\"width: 14.2857%;\">Intervalo num\u00e9rico<\/td>\n<td style=\"width: 14.2857%;\">Fuerza de la medida<\/td>\n<td style=\"width: 14.2857%;\">Peso<\/td>\n<td style=\"width: 14.2857%;\">L\u00edmite de error<\/td>\n<td style=\"width: 14.2857%;\">Incertidumbre de repetibilidad<\/td>\n<td style=\"width: 14.2857%;\">Temperatura de funcionamiento<\/td>\n<\/tr>\n<tr>\n<td style=\"width: 14.2857%;\">13 &#8211; 43 mm<\/td>\n<td style=\"width: 14.2857%;\">0.02 mm<\/td>\n<td style=\"width: 14.2857%;\">1.2 &#8211; 1.7 N<\/td>\n<td style=\"width: 14.2857%;\">360 g<\/td>\n<td style=\"width: 14.2857%;\">0.04 mm<\/td>\n<td style=\"width: 14.2857%;\">0.02 mm<\/td>\n<td style=\"width: 14.2857%;\">10 \u00b0C &#8211; 30 \u00b0C<\/td>\n<\/tr>\n<\/tbody>\n<\/table>\n","protected":false},"excerpt":{"rendered":"<p>Informaci\u00f3n t\u00e9cnica Espectro de apertura Intervalo num\u00e9rico Fuerza de la medida Peso L\u00edmite de error Incertidumbre de repetibilidad Temperatura de funcionamiento 13 &#8211; 43 mm 0.02 mm 1.2 &#8211; 1.7 N 360 g 0.04 mm 0.02 mm 10 \u00b0C &#8211; 30 \u00b0C<\/p>\n","protected":false},"featured_media":8917,"template":"","meta":{"_acf_changed":false,"_et_pb_use_builder":"","_et_pb_old_content":"","_et_gb_content_width":""},"product_brand":[],"product_cat":[252],"product_tag":[],"class_list":{"0":"post-22525","1":"product","2":"type-product","3":"status-publish","4":"has-post-thumbnail","6":"product_cat-no-clasificado","8":"first","9":"instock","10":"shipping-taxable","11":"purchasable","12":"product-type-simple"},"acf":[],"_links":{"self":[{"href":"https:\/\/www.acrn.fr\/es\/wp-json\/wp\/v2\/product\/22525","targetHints":{"allow":["GET"]}}],"collection":[{"href":"https:\/\/www.acrn.fr\/es\/wp-json\/wp\/v2\/product"}],"about":[{"href":"https:\/\/www.acrn.fr\/es\/wp-json\/wp\/v2\/types\/product"}],"wp:featuredmedia":[{"embeddable":true,"href":"https:\/\/www.acrn.fr\/es\/wp-json\/wp\/v2\/media\/8917"}],"wp:attachment":[{"href":"https:\/\/www.acrn.fr\/es\/wp-json\/wp\/v2\/media?parent=22525"}],"wp:term":[{"taxonomy":"product_brand","embeddable":true,"href":"https:\/\/www.acrn.fr\/es\/wp-json\/wp\/v2\/product_brand?post=22525"},{"taxonomy":"product_cat","embeddable":true,"href":"https:\/\/www.acrn.fr\/es\/wp-json\/wp\/v2\/product_cat?post=22525"},{"taxonomy":"product_tag","embeddable":true,"href":"https:\/\/www.acrn.fr\/es\/wp-json\/wp\/v2\/product_tag?post=22525"}],"curies":[{"name":"wp","href":"https:\/\/api.w.org\/{rel}","templated":true}]}}