{"id":22122,"date":"2021-05-27T08:56:38","date_gmt":"2021-05-27T06:56:38","guid":{"rendered":"https:\/\/www.acrn.fr\/product\/medidor-digital-de-espesor-exterior-k4r50-k\/"},"modified":"2025-11-04T12:37:13","modified_gmt":"2025-11-04T11:37:13","slug":"medidor-digital-de-espesor-exterior-k4r50-k","status":"publish","type":"product","link":"https:\/\/www.acrn.fr\/es\/producto\/medidor-digital-de-espesor-exterior-k4r50-k\/","title":{"rendered":"Medidor digital de espesor exterior K4R50-K"},"content":{"rendered":"<h3><img decoding=\"async\" class=\"size-full wp-image-5409 aligncenter\" src=\"https:\/\/www.acrn.fr\/wp-content\/uploads\/2021\/05\/C4R50-1.png\" alt=\"C4R50\" width=\"900\" height=\"500\" srcset=\"https:\/\/www.acrn.fr\/wp-content\/uploads\/2021\/05\/C4R50-1.png 900w, https:\/\/www.acrn.fr\/wp-content\/uploads\/2021\/05\/C4R50-1-480x267.png 480w\" sizes=\"(min-width: 0px) and (max-width: 480px) 480px, (min-width: 481px) 900px, 100vw\" \/><\/h3>\n<h3>Informaci\u00f3n t\u00e9cnica<\/h3>\n<table style=\"border-collapse: collapse; width: 100%;\">\n<tbody>\n<tr>\n<td style=\"width: 14.2857%; text-align: center;\">Espectro de apertura<\/td>\n<td style=\"width: 14.2857%; text-align: center;\">Resoluci\u00f3n<\/td>\n<td style=\"width: 14.2857%; text-align: center;\">Fuerza de la medida<\/td>\n<td style=\"width: 14.2857%; text-align: center;\">Peso<\/td>\n<td style=\"width: 14.2857%; text-align: center;\">L\u00edmite de error<\/td>\n<td style=\"width: 14.2857%; text-align: center;\">Incertidumbre de repetibilidad<\/td>\n<td style=\"width: 14.2857%; text-align: center;\">Temperatura de funcionamiento<\/td>\n<\/tr>\n<tr>\n<td style=\"width: 14.2857%; text-align: center;\">0 &#8211; 50 mm<\/td>\n<td style=\"width: 14.2857%; text-align: center;\">0.02 mm<\/td>\n<td style=\"width: 14.2857%; text-align: center;\">0.8 &#8211; 1.7 N<\/td>\n<td style=\"width: 14.2857%; text-align: center;\">460 g<\/td>\n<td style=\"width: 14.2857%; text-align: center;\">0.06 mm<\/td>\n<td style=\"width: 14.2857%; text-align: center;\">0.04 mm<\/td>\n<td style=\"width: 14.2857%; text-align: center;\">10 \u00b0C &#8211; 30 \u00b0C<\/td>\n<\/tr>\n<\/tbody>\n<\/table>\n","protected":false},"excerpt":{"rendered":"<p>Informaci\u00f3n t\u00e9cnica Espectro de apertura Resoluci\u00f3n Fuerza de la medida Peso L\u00edmite de error Incertidumbre de repetibilidad Temperatura de funcionamiento 0 &#8211; 50 mm 0.02 mm 0.8 &#8211; 1.7 N 460 g 0.06 mm 0.04 mm 10 \u00b0C &#8211; 30 \u00b0C<\/p>\n","protected":false},"featured_media":8905,"template":"","meta":{"_acf_changed":false,"_et_pb_use_builder":"","_et_pb_old_content":"","_et_gb_content_width":""},"product_brand":[],"product_cat":[242],"product_tag":[],"class_list":{"0":"post-22122","1":"product","2":"type-product","3":"status-publish","4":"has-post-thumbnail","6":"product_cat-herramientas-de-control-dimensional","8":"first","9":"instock","10":"shipping-taxable","11":"purchasable","12":"product-type-simple"},"acf":[],"_links":{"self":[{"href":"https:\/\/www.acrn.fr\/es\/wp-json\/wp\/v2\/product\/22122","targetHints":{"allow":["GET"]}}],"collection":[{"href":"https:\/\/www.acrn.fr\/es\/wp-json\/wp\/v2\/product"}],"about":[{"href":"https:\/\/www.acrn.fr\/es\/wp-json\/wp\/v2\/types\/product"}],"wp:featuredmedia":[{"embeddable":true,"href":"https:\/\/www.acrn.fr\/es\/wp-json\/wp\/v2\/media\/8905"}],"wp:attachment":[{"href":"https:\/\/www.acrn.fr\/es\/wp-json\/wp\/v2\/media?parent=22122"}],"wp:term":[{"taxonomy":"product_brand","embeddable":true,"href":"https:\/\/www.acrn.fr\/es\/wp-json\/wp\/v2\/product_brand?post=22122"},{"taxonomy":"product_cat","embeddable":true,"href":"https:\/\/www.acrn.fr\/es\/wp-json\/wp\/v2\/product_cat?post=22122"},{"taxonomy":"product_tag","embeddable":true,"href":"https:\/\/www.acrn.fr\/es\/wp-json\/wp\/v2\/product_tag?post=22122"}],"curies":[{"name":"wp","href":"https:\/\/api.w.org\/{rel}","templated":true}]}}