{"id":22096,"date":"2020-09-29T19:34:36","date_gmt":"2020-09-29T19:34:36","guid":{"rendered":"https:\/\/www.acrn.fr\/product\/camara-de-prueba-de-fugas-ctex\/"},"modified":"2026-01-05T15:11:31","modified_gmt":"2026-01-05T14:11:31","slug":"camara-de-prueba-de-fugas-ctex","status":"publish","type":"product","link":"https:\/\/www.acrn.fr\/es\/producto\/camara-de-prueba-de-fugas-ctex\/","title":{"rendered":"C\u00e1mara de prueba de fugas CTEX"},"content":{"rendered":"<h3>Beneficios<\/h3>\n<ul>\n<li>R\u00e1pido, ergon\u00f3mico y f\u00e1cil de usar<\/li>\n<li>Lectura visual<\/li>\n<li>Fiable y econ\u00f3mico<\/li>\n<li>Adaptado al entorno de producci\u00f3n \/ Robusto<\/li>\n<li>Pruebas a la recepci\u00f3n de las materias primas, en la producci\u00f3n, antes del env\u00edo<\/li>\n<li>Sensor de presi\u00f3n en la caja de control<\/li>\n<li>Trazabilidad a trav\u00e9s de un ticket impreso con sello de tiempo que contiene la informaci\u00f3n de la prueba o a trav\u00e9s de un software de exportaci\u00f3n de datos<\/li>\n<\/ul>\n<h3>Informaci\u00f3n t\u00e9cnica<\/h3>\n<table style=\"border-collapse: collapse;\">\n<tbody>\n<tr style=\"height: 23px;\">\n<td style=\"width: 50%; height: 23px;\">C\u00e1mara<\/td>\n<td style=\"width: 50%; height: 23px;\">C\u00e1mara PMMA transparente con bisagras<\/td>\n<\/tr>\n<tr style=\"height: 23px;\">\n<td style=\"width: 50%; height: 23px;\">Rango de medici\u00f3n y precisi\u00f3n<\/td>\n<td style=\"width: 50%; height: 23px;\">De -0,1 a -0,85 Bar (presi\u00f3n relativa) como est\u00e1ndar. Precisi\u00f3n + \/ -2 %.<\/td>\n<\/tr>\n<tr style=\"height: 23px;\">\n<td style=\"width: 50%; height: 23px;\">Dimensiones \u00fatiles<\/td>\n<td style=\"width: 50%; height: 23px;\">Seg\u00fan el tama\u00f1o de la carcasa<\/td>\n<\/tr>\n<tr style=\"height: 23px;\">\n<td style=\"width: 50%; height: 23px;\">Leer la depresi\u00f3n<\/td>\n<td style=\"width: 50%; height: 23px;\">Pantalla digital: men\u00fa ergon\u00f3mico con s\u00f3lo 3 teclas<\/td>\n<\/tr>\n<tr style=\"height: 23px;\">\n<td style=\"width: 50%; height: 23px;\">Unidades<\/td>\n<td style=\"width: 50%; height: 23px;\">Bar, Psi<\/td>\n<\/tr>\n<tr style=\"height: 23px;\">\n<td style=\"width: 50%; height: 23px;\">Alimentaci\u00f3n<\/td>\n<td style=\"width: 50%; height: 23px;\">-Aire comprimido de 6 a 8 bar \/ Bomba de vac\u00edo<\/td>\n<\/tr>\n<tr>\n<td style=\"width: 50%;\">Peso<\/td>\n<td style=\"width: 50%;\">Depende del armario elegido<\/td>\n<\/tr>\n<tr>\n<td style=\"width: 50%;\">Espesor<\/td>\n<td style=\"width: 50%;\">20, 25 o 30 mm, seg\u00fan el estudio RDM<\/td>\n<\/tr>\n<tr style=\"height: 23px;\">\n<td style=\"width: 50%; height: 23px;\">Ajuste del vac\u00edo<\/td>\n<td style=\"width: 50%; height: 23px;\">Electrov\u00e1lvula<\/td>\n<\/tr>\n<tr>\n<td style=\"width: 50%;\">Impresi\u00f3n<\/td>\n<td style=\"width: 50%;\">Impresora integrada con boleto con sello de tiempo<\/td>\n<\/tr>\n<tr style=\"height: 23px;\">\n<td style=\"width: 50%; height: 23px;\">Duraci\u00f3n de la depresi\u00f3n<\/td>\n<td style=\"width: 50%; height: 23px;\">Tiempo de retardo ajustable de 0 a 4000 segundos<\/td>\n<\/tr>\n<tr style=\"height: 23px;\">\n<td style=\"width: 50%; height: 23px;\">Principio de la prueba<\/td>\n<td style=\"width: 50%; height: 23px;\">Visual<\/td>\n<\/tr>\n<tr style=\"height: 23px;\">\n<td style=\"width: 50%; height: 23px;\">Temperatura<\/td>\n<td style=\"width: 50%; height: 23px;\">De 0 a 40\u00b0C<\/td>\n<\/tr>\n<tr style=\"height: 24px;\">\n<td style=\"width: 50%; height: 24px;\">Normas<\/td>\n<td style=\"width: 50%; height: 24px;\">ASTM D3078, ASTM D6653<\/td>\n<\/tr>\n<tr>\n<td style=\"width: 50%;\">Programa<\/td>\n<td style=\"width: 50%;\">Hasta 8 programas de ciclismo<\/td>\n<\/tr>\n<\/tbody>\n<\/table>\n<h3>Opciones<\/h3>\n<table style=\"border-collapse: collapse; width: 100%; height: 184px;\">\n<tbody>\n<tr style=\"height: 23px;\">\n<td style=\"width: 100%; height: 23px;\">Disminuci\u00f3n del tiempo de vac\u00edo para una prueba m\u00e1s r\u00e1pida (venturi m\u00e1s potente)<\/td>\n<\/tr>\n<tr style=\"height: 23px;\">\n<td style=\"width: 100%; height: 23px;\">Sustituci\u00f3n del sistema de conexi\u00f3n de aire comprimido de f\u00e1brica por una bomba de vac\u00edo (ver ficha t\u00e9cnica)<\/td>\n<\/tr>\n<tr style=\"height: 23px;\">\n<td style=\"width: 100%; height: 23px;\">Versi\u00f3n sin impresora<\/td>\n<\/tr>\n<tr style=\"height: 23px;\">\n<td style=\"width: 100%; height: 23px;\">Software de adquisici\u00f3n punto a punto a todo el software de PC: Data Xport<\/td>\n<\/tr>\n<tr style=\"height: 23px;\">\n<td style=\"width: 100%; height: 23px;\">V\u00e1lvula de drenaje de aire para facilitar el retorno al AP<\/td>\n<\/tr>\n<tr style=\"height: 23px;\">\n<td style=\"width: 100%; height: 23px;\">Cilindro neum\u00e1tico de seguridad<\/td>\n<\/tr>\n<tr style=\"height: 23px;\">\n<td style=\"width: 100%; height: 23px;\">Bomba de vac\u00edo que sustituye al aire comprimido<\/td>\n<\/tr>\n<tr style=\"height: 23px;\">\n<td style=\"width: 100%; height: 23px;\">Dise\u00f1o interior personalizado<\/td>\n<\/tr>\n<\/tbody>\n<\/table>\n<h3>Viene con:<\/h3>\n<p>Un certificado de calibraci\u00f3n conectado al LNE \/ COFRAC<\/p>\n","protected":false},"excerpt":{"rendered":"<blockquote><p>Modelo robusto y vers\u00e1til<\/p><\/blockquote>\n<p>Permite <strong>comprobar la estanqueidad de los envases<\/strong> que contienen <strong>productos l\u00edquidos o semi-viscosos<\/strong>, por vac\u00edo, directamente en el borde de la l\u00ednea de producci\u00f3n con total visibilidad, gracias a su dise\u00f1o de <strong>plexigl\u00e1s<\/strong>.<\/p>\n<p>Basta con colocar la muestra para <strong>sumergir el tap\u00f3n<\/strong>. El uso de papel secante, por ejemplo, permite ver si se ha filtrado alg\u00fan producto de la muestra durante la prueba.<\/p>\n<p>Este modelo est\u00e1 disponible con un sistema de bomba de vac\u00edo para aspirar.<\/p>\n<p><a href=\"https:\/\/www.acrn.fr\/wp-content\/uploads\/2020\/09\/CTEX-fr-BD.pdf\" target=\"_blank\" rel=\"noopener\">Ficha t\u00e9cnica de CTEX<\/a><\/p>\n","protected":false},"featured_media":22102,"template":"","meta":{"_acf_changed":false,"_et_pb_use_builder":"","_et_pb_old_content":"","_et_gb_content_width":""},"product_brand":[],"product_cat":[247],"product_tag":[],"class_list":{"0":"post-22096","1":"product","2":"type-product","3":"status-publish","4":"has-post-thumbnail","6":"product_cat-prueba-en-seco","8":"first","9":"instock","10":"shipping-taxable","11":"purchasable","12":"product-type-simple"},"acf":[],"_links":{"self":[{"href":"https:\/\/www.acrn.fr\/es\/wp-json\/wp\/v2\/product\/22096","targetHints":{"allow":["GET"]}}],"collection":[{"href":"https:\/\/www.acrn.fr\/es\/wp-json\/wp\/v2\/product"}],"about":[{"href":"https:\/\/www.acrn.fr\/es\/wp-json\/wp\/v2\/types\/product"}],"wp:featuredmedia":[{"embeddable":true,"href":"https:\/\/www.acrn.fr\/es\/wp-json\/wp\/v2\/media\/22102"}],"wp:attachment":[{"href":"https:\/\/www.acrn.fr\/es\/wp-json\/wp\/v2\/media?parent=22096"}],"wp:term":[{"taxonomy":"product_brand","embeddable":true,"href":"https:\/\/www.acrn.fr\/es\/wp-json\/wp\/v2\/product_brand?post=22096"},{"taxonomy":"product_cat","embeddable":true,"href":"https:\/\/www.acrn.fr\/es\/wp-json\/wp\/v2\/product_cat?post=22096"},{"taxonomy":"product_tag","embeddable":true,"href":"https:\/\/www.acrn.fr\/es\/wp-json\/wp\/v2\/product_tag?post=22096"}],"curies":[{"name":"wp","href":"https:\/\/api.w.org\/{rel}","templated":true}]}}