{"id":22075,"date":"2020-09-29T19:35:40","date_gmt":"2020-09-29T19:35:40","guid":{"rendered":"https:\/\/www.acrn.fr\/product\/camara-de-pruebas-de-estanqueidad-ctex-i\/"},"modified":"2025-11-04T09:41:01","modified_gmt":"2025-11-04T08:41:01","slug":"camara-de-pruebas-de-estanqueidad-ctex-i","status":"publish","type":"product","link":"https:\/\/www.acrn.fr\/es\/producto\/camara-de-pruebas-de-estanqueidad-ctex-i\/","title":{"rendered":"C\u00e1mara de pruebas de estanqueidad CTEX-I"},"content":{"rendered":"<h3>Beneficios<\/h3>\n<ul>\n<li>R\u00e1pido, ergon\u00f3mico y f\u00e1cil de usar<\/li>\n<li>Lectura visual (aparici\u00f3n de burbujas)<\/li>\n<li>Fiable y econ\u00f3mico &#8211; Adecuado para el entorno de producci\u00f3n \/ Robusto<\/li>\n<li>Pruebas a la recepci\u00f3n de las materias primas, en la producci\u00f3n, antes del env\u00edo<\/li>\n<li>Sensor de presi\u00f3n en la caja de control<\/li>\n<li>Trazabilidad a trav\u00e9s de un ticket impreso con sello de tiempo que contiene la informaci\u00f3n de la prueba o a trav\u00e9s de un software de exportaci\u00f3n de datos<\/li>\n<li>Cilindros de seguridad de un volumen de c\u00e1mara definido<\/li>\n<li>Numerosos accesorios y complementos disponibles para adaptarse a las necesidades del cliente<\/li>\n<\/ul>\n<h3>Informaci\u00f3n t\u00e9cnica<\/h3>\n<table style=\"border-collapse: collapse; width: 106.393%; height: 254px;\">\n<tbody>\n<tr style=\"height: 23px;\">\n<td style=\"width: 50%; height: 23px;\">C\u00e1mara<\/td>\n<td style=\"width: 50%; height: 23px;\">C\u00e1mara de PMMA transparente con bisagras<\/td>\n<\/tr>\n<tr style=\"height: 23px;\">\n<td style=\"width: 50%; height: 23px;\">Rango de medici\u00f3n y precisi\u00f3n<\/td>\n<td style=\"width: 50%; height: 23px;\">De -0,1 a -0,85 Bar (presi\u00f3n relativa) como est\u00e1ndar. Precisi\u00f3n + \/ -2 %.<\/td>\n<\/tr>\n<tr style=\"height: 23px;\">\n<td style=\"width: 50%; height: 23px;\">Dimensiones \u00fatiles<\/td>\n<td style=\"width: 50%; height: 23px;\">Seg\u00fan el tama\u00f1o de la carcasa<\/td>\n<\/tr>\n<tr style=\"height: 23px;\">\n<td style=\"width: 50%; height: 23px;\">Leer la depresi\u00f3n<\/td>\n<td style=\"width: 50%; height: 23px;\">Pantalla digital: men\u00fa ergon\u00f3mico con s\u00f3lo 3 teclas<\/td>\n<\/tr>\n<tr style=\"height: 23px;\">\n<td style=\"width: 50%; height: 23px;\">Unidades<\/td>\n<td style=\"width: 50%; height: 23px;\">Bar, Psi<\/td>\n<\/tr>\n<tr style=\"height: 23px;\">\n<td style=\"width: 50%; height: 23px;\">Alimentaci\u00f3n<\/td>\n<td style=\"width: 50%; height: 23px;\">-Aire comprimido de 6 a 8 bar \/ Bomba de vac\u00edo<\/td>\n<\/tr>\n<tr>\n<td style=\"width: 50%;\">Peso<\/td>\n<td style=\"width: 50%;\">Depende del armario elegido<\/td>\n<\/tr>\n<tr>\n<td style=\"width: 50%;\">Espesor<\/td>\n<td style=\"width: 50%;\">20, 25 o 30 mm, seg\u00fan el estudio RDM<\/td>\n<\/tr>\n<tr style=\"height: 23px;\">\n<td style=\"width: 50%; height: 23px;\">Ajuste del vac\u00edo<\/td>\n<td style=\"width: 50%; height: 23px;\">Electrov\u00e1lvula<\/td>\n<\/tr>\n<tr>\n<td style=\"width: 50%;\">Impresi\u00f3n<\/td>\n<td style=\"width: 50%;\">Impresora integrada con boleto con sello de tiempo<\/td>\n<\/tr>\n<tr style=\"height: 23px;\">\n<td style=\"width: 50%; height: 23px;\">Duraci\u00f3n de la depresi\u00f3n<\/td>\n<td style=\"width: 50%; height: 23px;\">Tiempo de retardo ajustable de 0 a 4000 segundos<\/td>\n<\/tr>\n<tr style=\"height: 23px;\">\n<td style=\"width: 50%; height: 23px;\">Principio de la prueba<\/td>\n<td style=\"width: 50%; height: 23px;\">Visual<\/td>\n<\/tr>\n<tr style=\"height: 23px;\">\n<td style=\"width: 50%; height: 23px;\">Temperatura<\/td>\n<td style=\"width: 50%; height: 23px;\">De 0 a 40\u00b0C<\/td>\n<\/tr>\n<tr style=\"height: 24px;\">\n<td style=\"width: 50%; height: 24px;\">Normas<\/td>\n<td style=\"width: 50%; height: 24px;\">ASTM D3078, ASTM D6653<\/td>\n<\/tr>\n<tr>\n<td style=\"width: 50%;\">Programa<\/td>\n<td style=\"width: 50%;\">Hasta 8 programas de ciclismo<\/td>\n<\/tr>\n<\/tbody>\n<\/table>\n<h3>Opciones<\/h3>\n<table style=\"border-collapse: collapse; width: 100%; height: 138px;\">\n<tbody>\n<tr style=\"height: 23px;\">\n<td style=\"width: 100%; height: 23px;\">Disminuci\u00f3n del tiempo de depresi\u00f3n<\/td>\n<\/tr>\n<tr style=\"height: 23px;\">\n<td style=\"width: 100%; height: 23px;\">Versi\u00f3n sin impresora<\/td>\n<\/tr>\n<tr style=\"height: 23px;\">\n<td style=\"width: 100%; height: 23px;\">Software de adquisici\u00f3n punto a punto a todo el software de PC<\/td>\n<\/tr>\n<tr style=\"height: 23px;\">\n<td style=\"width: 100%; height: 23px;\">V\u00e1lvula de desag\u00fce para drenar el agua<\/td>\n<\/tr>\n<tr style=\"height: 23px;\">\n<td style=\"width: 100%; height: 23px;\">Pruebas no destructivas<\/td>\n<\/tr>\n<tr style=\"height: 23px;\">\n<td style=\"width: 100%; height: 23px;\">Dise\u00f1o interior especial<\/td>\n<\/tr>\n<tr>\n<td style=\"width: 100%;\">Bomba de vac\u00edo que sustituye al aire comprimido<\/td>\n<\/tr>\n<\/tbody>\n<\/table>\n<h3>Viene con:<\/h3>\n<p>Certificado de calibraci\u00f3n conectado al LNE \/ COFRAC<\/p>\n[et_pb_section global_module=\"5150\"][\/et_pb_section]\n","protected":false},"excerpt":{"rendered":"<blockquote><p>Modelo adaptable y evolutivo<\/p><\/blockquote>\n<p>Se utiliza para comprobar, por vac\u00edo, la estanqueidad de los envases de productos s\u00f3lidos cerrados o sellados en un envase que contiene aire, como bl\u00edsteres, sobres, doypacks, yogures, bandejas, etc.<\/p>\n<p>La presencia de una fuga se detecta por la aparici\u00f3n de burbujas en el agua durante el vac\u00edo y as\u00ed se localiza con precisi\u00f3n. Una placa de plexigl\u00e1s perforada, llamada prensador, permite mantener el producto en inmersi\u00f3n.<\/p>\n<p>Este modelo est\u00e1 disponible con un sistema de bomba de vac\u00edo para aspirar.<\/p>\n<p><a href=\"https:\/\/www.acrn.fr\/wp-content\/uploads\/2020\/09\/CTEX-I-fr-BD.pdf\" target=\"_blank\" rel=\"noopener\">Ficha t\u00e9cnica CTEX-I<\/a><\/p>\n","protected":false},"featured_media":22077,"template":"","meta":{"_acf_changed":false,"_et_pb_use_builder":"","_et_pb_old_content":"","_et_gb_content_width":""},"product_brand":[],"product_cat":[248],"product_tag":[],"class_list":{"0":"post-22075","1":"product","2":"type-product","3":"status-publish","4":"has-post-thumbnail","6":"product_cat-prueba-de-inmersion","8":"first","9":"instock","10":"shipping-taxable","11":"purchasable","12":"product-type-simple"},"acf":[],"_links":{"self":[{"href":"https:\/\/www.acrn.fr\/es\/wp-json\/wp\/v2\/product\/22075","targetHints":{"allow":["GET"]}}],"collection":[{"href":"https:\/\/www.acrn.fr\/es\/wp-json\/wp\/v2\/product"}],"about":[{"href":"https:\/\/www.acrn.fr\/es\/wp-json\/wp\/v2\/types\/product"}],"wp:featuredmedia":[{"embeddable":true,"href":"https:\/\/www.acrn.fr\/es\/wp-json\/wp\/v2\/media\/22077"}],"wp:attachment":[{"href":"https:\/\/www.acrn.fr\/es\/wp-json\/wp\/v2\/media?parent=22075"}],"wp:term":[{"taxonomy":"product_brand","embeddable":true,"href":"https:\/\/www.acrn.fr\/es\/wp-json\/wp\/v2\/product_brand?post=22075"},{"taxonomy":"product_cat","embeddable":true,"href":"https:\/\/www.acrn.fr\/es\/wp-json\/wp\/v2\/product_cat?post=22075"},{"taxonomy":"product_tag","embeddable":true,"href":"https:\/\/www.acrn.fr\/es\/wp-json\/wp\/v2\/product_tag?post=22075"}],"curies":[{"name":"wp","href":"https:\/\/api.w.org\/{rel}","templated":true}]}}