{"id":20529,"date":"2025-06-24T14:49:39","date_gmt":"2025-06-24T12:49:39","guid":{"rendered":"https:\/\/www.acrn.fr\/product\/torquimetro-tapones-skilltork\/"},"modified":"2026-01-05T15:26:52","modified_gmt":"2026-01-05T14:26:52","slug":"torquimetro-tapones-skilltork","status":"publish","type":"product","link":"https:\/\/www.acrn.fr\/es\/producto\/torquimetro-tapones-skilltork\/","title":{"rendered":"Torqu\u00edmetro tapones SkillTork: la nueva era del control del par"},"content":{"rendered":"<p data-start=\"234\" data-end=\"307\"><span style=\"color: #000000;\">Descubra nuestro nuevo torqu\u00edmetro tapones skilltork.<\/span><\/p>\n<h2 data-start=\"234\" data-end=\"307\">\ud83e\uddea <span style=\"color: #215876;\"><strong>SkillTork<\/strong> \u2013 <strong>El torqu\u00edmetro inteligente y comunicativo de nueva generaci\u00f3n<\/strong><\/span><\/h2>\n<h3><span style=\"color: #ee7f00;\"><strong>\u00bfQu\u00e9 es SkillTork?<\/strong><\/span><\/h3>\n<p><span style=\"color: #000000;\">El SkillTork es el torqu\u00edmetro de nueva generaci\u00f3n dise\u00f1ado por ACRN. Nuestro nuevo equipo nos permite medir el par de apriete al enroscar y desenroscar tapones en envases atornillados. Cuenta con un sistema de sujeci\u00f3n y una pantalla t\u00e1ctil intuitiva para un manejo r\u00e1pido y sencillo. Diversos sistemas de sujeci\u00f3n, disponibles opcionalmente, son compatibles con nuestros equipos y permiten una adaptabilidad ilimitada a los tipos de muestras ensayadas, en funci\u00f3n de su altura, di\u00e1metro, etc.<\/span><\/p>\n<hr data-start=\"966\" data-end=\"969\" \/>\n<h2 data-start=\"971\" data-end=\"1008\">\ud83c\udfaf <span style=\"color: #215876;\"><strong>Las principales ventajas del torqu\u00edmetro tapones SkillTork<\/strong><\/span><\/h2>\n<p><span style=\"color: #000000;\">Gracias a nuestro nuevo equipo, podr\u00e1 evaluar la fuerza necesaria para abrir o cerrar un corcho y detectar cualquier diferencia de estanqueidad. El SkillTork tambi\u00e9n dispone de una funci\u00f3n de registro autom\u00e1tico de los resultados de cada producto analizado. <\/span><\/p>\n<p><span style=\"color: #000000;\">Gracias a nuestro avanzado sistema de programaci\u00f3n, usted mismo podr\u00e1 crear y registrar las condiciones espec\u00edficas necesarias para sus pruebas.<\/span> <span style=\"color: #000000;\">Nuestro men\u00fa de detecci\u00f3n de sobrecargas, desarrollado por nuestro departamento de investigaci\u00f3n, puede utilizarse para detectar si se ha producido una malformaci\u00f3n del sensor durante sus pruebas.<\/span><\/p>\n<p><span style=\"color: #000000;\"> Si se detectan da\u00f1os en el sensor, se mostrar\u00e1 una notificaci\u00f3n cuando se inicie el dispositivo. Esto permite a nuestro equipo ser mucho m\u00e1s reactivo, de modo que el aparato le sea devuelto lo antes posible tras su env\u00edo a reparaci\u00f3n.<\/span> <span style=\"color: #000000;\">Adem\u00e1s de ahorrar tiempo y garantizar la repetibilidad, nuestros equipos ofrecen muchas otras ventajas:<\/span><\/p>\n<ul>\n<li><span style=\"color: #000000;\">Una sencilla interfaz t\u00e1ctil para un aprendizaje r\u00e1pido<\/span><\/li>\n<li><span style=\"color: #000000;\">Estad\u00edsticas integradas (media, m\u00edn.\/m\u00e1x., doble pico)<\/span><\/li>\n<li><span style=\"color: #000000;\">Detecci\u00f3n autom\u00e1tica de desviaciones de par (Pasa\/Falla)<\/span><\/li>\n<li><span style=\"color: #000000;\">Compatible con una amplia gama de cierres: viales, tarros, tubos, latas, botellas, etc.<\/span><\/li>\n<li><span style=\"color: #000000;\">Integridad de los datos: an\u00e1lisis\/exportaci\u00f3n de resultados avanzados (USB)<\/span><\/li>\n<li><span style=\"color: #000000;\">Funciona con pilas, por lo que es port\u00e1til<\/span><\/li>\n<\/ul>\n<p>&nbsp;<\/p>\n<hr data-start=\"966\" data-end=\"969\" \/>\n<h2 data-start=\"1566\" data-end=\"1621\">\ud83d\udd2c<span style=\"color: #215876;\"><strong> Las diferentes pruebas que se pueden realizar con el SkillTork<\/strong><\/span><\/h2>\n<h3 data-start=\"1623\" data-end=\"1643\">\ud83d\udd38 <span style=\"color: #95ccff;\"><strong>La prueba de medici\u00f3n simple<\/strong><\/span><\/h3>\n<p><span style=\"color: #000000;\">Medici\u00f3n del par de apertura y cierre de tapones de botellas, tarros, tubos, etc.<\/span><\/p>\n<h3 data-start=\"1623\" data-end=\"1643\">\ud83d\udd38 <span style=\"color: #95ccff;\"><strong>La prueba del doble pico<\/strong><\/span><\/h3>\n<p><span style=\"color: #000000;\">Medici\u00f3n comparativa de dos picos de par (por ejemplo, descensos sucesivos o par de rotura seguido de deslizamiento)<\/span><\/p>\n<h3 data-start=\"1623\" data-end=\"1643\">\ud83d\udd38 <span style=\"color: #95ccff;\"><strong>Pruebas de aprobado\/suspenso<\/strong><\/span><\/h3>\n<p><span style=\"color: #000000;\">Cumplimiento automatizado con tolerancias personalizables<\/span><\/p>\n<h3 data-start=\"1623\" data-end=\"1643\">\ud83d\udd38 <span style=\"color: #95ccff;\"><strong>Pruebas por receta de producto<\/strong><\/span><\/h3>\n<p><span style=\"color: #000000;\">Creaci\u00f3n de perfiles de productos con umbrales almacenados (ilimitados), lanzamiento r\u00e1pido por simple selecci\u00f3n<\/span><\/p>\n<h3 data-start=\"1623\" data-end=\"1643\">\ud83d\udd38 <span style=\"color: #95ccff;\"><strong>Gesti\u00f3n de lotes<\/strong><\/span><\/h3>\n<p><span style=\"color: #000000;\">Resultados agrupados por nombre de lote, exportables para trazabilidad o auditor\u00eda.<\/span><\/p>\n<hr data-start=\"966\" data-end=\"969\" \/>\n<h3 data-start=\"191\" data-end=\"497\"><span style=\"color: #ee7f00;\"><strong>Opte por una mayor precisi\u00f3n y repetibilidad<\/strong><\/span> <span style=\"color: #ee7f00;\"><strong>con una versi\u00f3n motorizada<\/strong><\/span><\/h3>\n<div class='content-column one_half'><p style=\"text-align: left;\" data-start=\"191\" data-end=\"497\"><span style=\"color: #000000;\">Nuestros torqu\u00edmetros manuales ofrecen una soluci\u00f3n fiable e intuitiva para medir el par de atornillado y desatornillado. Sin embargo, para satisfacer las crecientes demandas de repetibilidad y facilidad de uso, es posible actualizar su torqu\u00edmetro manual a una versi\u00f3n motorizada con el <a href=\"https:\/\/www.acrn.fr\/es\/producto\/torquimetro-motorizado-repeatork\/\"><strong data-start=\"481\" data-end=\"494\">RepeaTork.<\/strong><\/a><\/span><\/p>\n<p style=\"text-align: left;\" data-start=\"499\" data-end=\"993\"><span style=\"color: #000000;\">Este torqu\u00edmetro motorizado tiene todas las funciones de un modelo manual, pero con el a\u00f1adido de una motorizaci\u00f3n controlada para garantizar mediciones m\u00e1s uniformes, precisas y reproducibles. Dispone de tres modos de funcionamiento adaptados a las necesidades de los fabricantes de envases:<\/span><\/p>\n<p style=\"text-align: left;\" data-start=\"499\" data-end=\"993\"><br data-start=\"793\" data-end=\"796\" \/><span style=\"color: #000000;\">\u2705 <span style=\"color: #ff0000;\"><strong data-start=\"798\" data-end=\"813\">Modo sencillo<\/strong><\/span> : atornillado\/desatornillado convencional<\/span><\/p>\n<p style=\"text-align: left;\" data-start=\"499\" data-end=\"993\"><br data-start=\"844\" data-end=\"847\" \/><span style=\"color: #000000;\">\u2705 <span style=\"color: #ff0000;\"><strong data-start=\"849\" data-end=\"864\">Modo avanzado<\/strong><\/span> : control de \u00e1ngulo o par<\/span><\/p>\n<p style=\"text-align: left;\" data-start=\"499\" data-end=\"993\"><br data-start=\"900\" data-end=\"903\" \/><span style=\"color: #000000;\">\u2705 <span style=\"color: #ff0000;\"><strong data-start=\"905\" data-end=\"921\">Modo de calidad<\/strong><\/span> : compruebe el par de apertura y, a continuaci\u00f3n, vuelva a apretar.<\/span><\/p>\n<p style=\"text-align: left;\" data-start=\"995\" data-end=\"1360\"><span style=\"color: #000000;\">Gracias a este desarrollo, usted se beneficia de un considerable ahorro de tiempo, al tiempo que se asegura un control de calidad m\u00e1s riguroso y acorde con las normas del mercado. Esta soluci\u00f3n ya ha sido adoptada por numerosos actores de las industrias cosm\u00e9tica, farmac\u00e9utica y alimentaria, que buscan tanto fiabilidad como eficacia en sus procesos de control. <\/span><\/p><\/div> <div class='content-column one_half last_column'><img decoding=\"async\" class=\"wp-image-20087 alignright\" src=\"https:\/\/www.acrn.fr\/wp-content\/uploads\/2025\/06\/skilltorksansfond-473x1024.png\" alt=\"\" width=\"297\" height=\"643\" data-wp-editing=\"1\" \/><\/div><div class='clear_column'><\/div><\/p>\n<p>Nuestros equipos son capaces de cumplir una serie de normas, entre ellas :<\/p>\n<p>La norma<a href=\"https:\/\/store.astm.org\/d3474-90r18.html\" target=\"_blank\" rel=\"noopener\"><b class=\"sku\">ASTM D3474-90<\/b><\/a><\/p>\n<p>Normas <a href=\"https:\/\/store.astm.org\/d3198-97r02.html\" target=\"_blank\" rel=\"noopener\"><b class=\"sku\">ASTM D3198-97<\/b><\/a><\/p>\n","protected":false},"excerpt":{"rendered":"<blockquote><p>Medici\u00f3n del par de enroscado y desenroscado de tapones en envases roscados<\/p><\/blockquote>\n<p>El Skilltork es un torqu\u00edmetro tapones de nueva generaci\u00f3n dise\u00f1ado por ACRN.<\/p>\n<p>Este equipo mide la fuerza necesaria para abrir y cerrar, detecta cualquier desviaci\u00f3n en el apriete y registra autom\u00e1ticamente los resultados de cada producto probado.<\/p>\n<p><a href=\"https:\/\/www.acrn.fr\/wp-content\/uploads\/2025\/12\/Datas_tecnicas_SKILLTORK_V2.pdf\">Ficha t\u00e9cnica Skilltork<\/a><\/p>\n<p>Eche un vistazo a nuestra p\u00e1gina de productos para obtener m\u00e1s informaci\u00f3n.<\/p>\n<div id=\"gtx-trans\" style=\"position: absolute; left: -9px; top: 240.4px;\">\n<div class=\"gtx-trans-icon\"><\/div>\n<\/div>\n","protected":false},"featured_media":20776,"template":"","meta":{"_acf_changed":false,"_et_pb_use_builder":"off","_et_pb_old_content":"<h2 data-start=\"234\" data-end=\"307\">\ud83e\uddea <span style=\"color: #215876\"><strong>SkillTork<\/strong> \u2013 <strong>El torqu\u00edmetro tapones inteligente y comunicativo de nueva generaci\u00f3n<\/strong><\/span><\/h2>\r\n<h3><span style=\"color: #ee7f00\"><strong>\u00bfQu\u00e9 es SkillTork?<\/strong><\/span><\/h3>\r\n<span style=\"color: #000000\">El SkillTork es el torqu\u00edmetro tapones de nueva generaci\u00f3n dise\u00f1ado por ACRN. Nuestro nuevo equipo nos permite medir el par de apriete al enroscar y desenroscar tapones en envases atornillados. Cuenta con un sistema de sujeci\u00f3n y una pantalla t\u00e1ctil intuitiva para un manejo r\u00e1pido y sencillo. Diversos sistemas de sujeci\u00f3n, disponibles opcionalmente, son compatibles con nuestros equipos y permiten una adaptabilidad ilimitada a los tipos de muestras ensayadas, en funci\u00f3n de su altura, di\u00e1metro, etc.<\/span>\r\n\r\n<hr data-start=\"966\" data-end=\"969\">\r\n\r\n<h2 data-start=\"971\" data-end=\"1008\">\ud83c\udfaf <span style=\"color: #215876\"><strong>Principales ventajas del torqu\u00edmetro tapones SkillTork<\/strong><\/span><\/h2>\r\n \r\n\r\n<span style=\"color: #000000\">Gracias a nuestro nuevo equipo, podr\u00e1 evaluar la fuerza necesaria para abrir o cerrar un corcho y detectar cualquier diferencia de estanqueidad. El SkillTork tambi\u00e9n dispone de una funci\u00f3n de registro autom\u00e1tico de los resultados de cada producto analizado. Gracias a nuestro avanzado sistema de programaci\u00f3n, usted mismo podr\u00e1 crear y registrar las condiciones espec\u00edficas necesarias para sus pruebas.<\/span>\r\n<span style=\"color: #000000\">Nuestro men\u00fa de detecci\u00f3n de sobrecargas, desarrollado por nuestro departamento de investigaci\u00f3n, puede utilizarse para detectar si se ha producido una malformaci\u00f3n del sensor durante sus pruebas. Si se detectan da\u00f1os en el sensor, se mostrar\u00e1 una notificaci\u00f3n cuando se inicie el dispositivo. Esto permite a nuestro equipo ser mucho m\u00e1s reactivo, de modo que el aparato le sea devuelto lo antes posible tras su env\u00edo a reparaci\u00f3n.<\/span>\r\n<span style=\"color: #000000\">Adem\u00e1s de ahorrar tiempo y garantizar la repetibilidad, nuestros equipos ofrecen muchas otras ventajas:<\/span>\r\n\r\n \r\n<ul>\r\n \t<li><span style=\"color: #000000\">Una sencilla interfaz t\u00e1ctil para un aprendizaje r\u00e1pido<\/span><\/li>\r\n \t<li><span style=\"color: #000000\">Estad\u00edsticas integradas (media, m\u00edn.\/m\u00e1x., doble pico)<\/span><\/li>\r\n \t<li><span style=\"color: #000000\">Detecci\u00f3n autom\u00e1tica de desviaciones de par (Pasa\/Falla)<\/span><\/li>\r\n \t<li><span style=\"color: #000000\">Compatible con una amplia gama de cierres: viales, tarros, tubos, latas, botellas, etc.<\/span><\/li>\r\n \t<li><span style=\"color: #000000\">Integridad de los datos: an\u00e1lisis\/exportaci\u00f3n de resultados avanzados (USB)<\/span><\/li>\r\n \t<li><span style=\"color: #000000\">Funciona con pilas, por lo que es port\u00e1til<\/span><\/li>\r\n<\/ul>\r\n \r\n\r\n<hr data-start=\"966\" data-end=\"969\">\r\n\r\n<h2 data-start=\"1566\" data-end=\"1621\">\ud83d\udd2c<span style=\"color: #215876\"><strong> Las diferentes pruebas que se pueden realizar con SkillTork<\/strong><\/span><\/h2>\r\n<h3 data-start=\"1623\" data-end=\"1643\">\ud83d\udd38 <span style=\"color: #95ccff\"><strong>La prueba de medici\u00f3n simple<\/strong><\/span><\/h3>\r\n<span style=\"color: #000000\">Medici\u00f3n del par de apertura y cierre de tapones de botellas, tarros, tubos, etc.<\/span>\r\n<h3 data-start=\"1623\" data-end=\"1643\">\ud83d\udd38 <span style=\"color: #95ccff\"><strong>La prueba del doble pico<\/strong><\/span><\/h3>\r\n<span style=\"color: #000000\">Medici\u00f3n comparativa de dos picos de par (por ejemplo, descensos sucesivos o par de rotura seguido de deslizamiento)<\/span>\r\n<h3 data-start=\"1623\" data-end=\"1643\">\ud83d\udd38 <span style=\"color: #95ccff\"><strong>Pruebas de aprobado\/suspenso<\/strong><\/span><\/h3>\r\n<span style=\"color: #000000\">Cumplimiento automatizado con tolerancias personalizables<\/span>\r\n<h3 data-start=\"1623\" data-end=\"1643\">\ud83d\udd38 <span style=\"color: #95ccff\"><strong>Pruebas por receta de producto<\/strong><\/span><\/h3>\r\n<span style=\"color: #000000\">Creaci\u00f3n de perfiles de productos con umbrales almacenados (ilimitados), lanzamiento r\u00e1pido por simple selecci\u00f3n<\/span>\r\n<h3 data-start=\"1623\" data-end=\"1643\">\ud83d\udd38 <span style=\"color: #95ccff\"><strong>Gesti\u00f3n de lotes<\/strong><\/span><\/h3>\r\n<span style=\"color: #000000\">Resultados agrupados por nombre de lote, exportables para trazabilidad o auditor\u00eda.<\/span>\r\n\r\n \r\n\r\n<hr data-start=\"966\" data-end=\"969\">\r\n\r\n<h3 data-start=\"191\" data-end=\"497\"><span style=\"color: #ee7f00\"><strong>Opte por una mayor precisi\u00f3n y repetibilidad<\/strong><\/span>\r\n<span style=\"color: #ee7f00\"><strong>con una versi\u00f3n motorizada<\/strong><\/span><\/h3>\r\n[one_half]\r\n<p style=\"text-align: left\" data-start=\"191\" data-end=\"497\"><span style=\"color: #000000\">Nuestros torqu\u00edmetros manuales ofrecen una soluci\u00f3n fiable e intuitiva para medir el par de atornillado y desatornillado. Sin embargo, para satisfacer las crecientes demandas de repetibilidad y facilidad de uso, es posible actualizar su torqu\u00edmetro manual a una versi\u00f3n motorizada con el <strong data-start=\"481\" data-end=\"494\">RepeaTork<\/strong>.<\/span><\/p>\r\n<p style=\"text-align: left\" data-start=\"499\" data-end=\"993\"><span style=\"color: #000000\">Este torqu\u00edmetro motorizado tiene todas las funciones de un modelo manual, pero con el a\u00f1adido de una motorizaci\u00f3n controlada para garantizar mediciones m\u00e1s uniformes, precisas y reproducibles. Dispone de tres modos de funcionamiento adaptados a las necesidades de los fabricantes de envases:<\/span><\/p>\r\n<p style=\"text-align: left\" data-start=\"499\" data-end=\"993\"><br data-start=\"793\" data-end=\"796\"><span style=\"color: #000000\">\u2705 <span style=\"color: #ff0000\"><strong data-start=\"798\" data-end=\"813\">Modo sencillo<\/strong><\/span> : atornillado\/desatornillado convencional<\/span><\/p>\r\n<p style=\"text-align: left\" data-start=\"499\" data-end=\"993\"><br data-start=\"844\" data-end=\"847\"><span style=\"color: #000000\">\u2705 <span style=\"color: #ff0000\"><strong data-start=\"849\" data-end=\"864\">Modo avanzado<\/strong><\/span> : control de \u00e1ngulo o par<\/span><\/p>\r\n<p style=\"text-align: left\" data-start=\"499\" data-end=\"993\"><br data-start=\"900\" data-end=\"903\"><span style=\"color: #000000\">\u2705 <span style=\"color: #ff0000\"><strong data-start=\"905\" data-end=\"921\">Modo de calidad<\/strong><\/span> : compruebe el par de apertura y, a continuaci\u00f3n, vuelva a apretar.<\/span><\/p>\r\n<p style=\"text-align: left\" data-start=\"995\" data-end=\"1360\"><span style=\"color: #000000\">Gracias a este desarrollo, usted se beneficia de un considerable ahorro de tiempo, al tiempo que se asegura un control de calidad m\u00e1s riguroso y acorde con las normas del mercado. Esta soluci\u00f3n ya ha sido adoptada por numerosos actores de las industrias cosm\u00e9tica, farmac\u00e9utica y alimentaria, que buscan tanto fiabilidad como eficacia en sus procesos de control. <\/span><\/p>\r\n[\/one_half]\r\n\r\n[one_half_last]\r\n\r\n<img class=\"alignnone wp-image-20078 size-full\" src=\"https:\/\/www.acrn.fr\/wp-content\/uploads\/2025\/06\/ReapeatorkSkilttorksansfond-scaled.png\" alt=\"SkillTork motorizado\" width=\"2880\" height=\"2160\">\r\n\r\n[\/one_half_last]\r\n\r\n ","_et_gb_content_width":""},"product_brand":[],"product_cat":[190],"product_tag":[],"class_list":{"0":"post-20529","1":"product","2":"type-product","3":"status-publish","4":"has-post-thumbnail","6":"product_cat-torquimetros","8":"first","9":"outofstock","10":"shipping-taxable","11":"purchasable","12":"product-type-variable"},"acf":[],"_links":{"self":[{"href":"https:\/\/www.acrn.fr\/es\/wp-json\/wp\/v2\/product\/20529","targetHints":{"allow":["GET"]}}],"collection":[{"href":"https:\/\/www.acrn.fr\/es\/wp-json\/wp\/v2\/product"}],"about":[{"href":"https:\/\/www.acrn.fr\/es\/wp-json\/wp\/v2\/types\/product"}],"wp:featuredmedia":[{"embeddable":true,"href":"https:\/\/www.acrn.fr\/es\/wp-json\/wp\/v2\/media\/20776"}],"wp:attachment":[{"href":"https:\/\/www.acrn.fr\/es\/wp-json\/wp\/v2\/media?parent=20529"}],"wp:term":[{"taxonomy":"product_brand","embeddable":true,"href":"https:\/\/www.acrn.fr\/es\/wp-json\/wp\/v2\/product_brand?post=20529"},{"taxonomy":"product_cat","embeddable":true,"href":"https:\/\/www.acrn.fr\/es\/wp-json\/wp\/v2\/product_cat?post=20529"},{"taxonomy":"product_tag","embeddable":true,"href":"https:\/\/www.acrn.fr\/es\/wp-json\/wp\/v2\/product_tag?post=20529"}],"curies":[{"name":"wp","href":"https:\/\/api.w.org\/{rel}","templated":true}]}}