{"id":15388,"date":"2024-10-09T15:08:00","date_gmt":"2024-10-09T13:08:00","guid":{"rendered":"https:\/\/www.acrn.fr\/product\/comprobador-de-soldadura-para-tubos-y-bolsas-trituradora-de-tubos-acrn\/"},"modified":"2026-01-05T15:39:27","modified_gmt":"2026-01-05T14:39:27","slug":"comprobador-de-soldadura-para-tubos-y-bolsas","status":"publish","type":"product","link":"https:\/\/www.acrn.fr\/es\/producto\/comprobador-de-soldadura-para-tubos-y-bolsas\/","title":{"rendered":"Probador de soldadura para tubos y bolsas &#8211; CrushTube"},"content":{"rendered":"<h2><strong>PouchTube &#8211; Comprobador de soldadura para tubos y bolsas<\/strong><\/h2>\n<p>El <strong>triturador de tubos<\/strong>, <strong>un comprobador de soldaduras para tubos y bolsas<\/strong>, es una pieza esencial del equipo de control de calidad de envases. Puede utilizarse para comprobar la integridad de las soldaduras en tubos, bolsas o sacos. Adecuado tanto para entornos de producci\u00f3n como de laboratorio, el triturador de tubos garantiza resultados fiables y repetibles. Este comprobador verifica r\u00e1pidamente la calidad de las soldaduras para evitar defectos de termosellado y el riesgo de fugas.<\/p>\n<h3><strong>Principales ventajas :<\/strong><\/h3>\n<ul>\n<li><strong>Pruebas r\u00e1pidas y fiables :<\/strong> las pruebas son sencillas, s\u00f3lidas y repetibles. Esto significa que la soldadura puede comprobarse r\u00e1pidamente.<\/li>\n<li><strong>Versatilidad :<\/strong> Adecuado para una amplia gama de pruebas, incluidas pruebas de resistencia al aplastamiento, pruebas de tensi\u00f3n y pruebas de fugas.<\/li>\n<li><strong>Adecuado para la producci\u00f3n :<\/strong> de dise\u00f1o ergon\u00f3mico, el <strong>triturador de tubos<\/strong> se integra f\u00e1cilmente en entornos de producci\u00f3n.<\/li>\n<li><strong>Trazabilidad completa :<\/strong> Exportaci\u00f3n de resultados v\u00eda USB o TCPIP, con compatibilidad con sistemas SPC (Freeweigh, SAP).<\/li>\n<li><strong>Sin mantenimiento :<\/strong> la trituradora tubular es duradera y no requiere mantenimiento peri\u00f3dico, lo que reduce los costes.<\/li>\n<li><strong>Modularidad :<\/strong> las prensas son intercambiables en funci\u00f3n del envase probado, lo que garantiza la m\u00e1xima flexibilidad.<\/li>\n<li><strong>Seguridad y conformidad :<\/strong> gesti\u00f3n del acceso de los usuarios e inviolabilidad de los datos mediante registro de auditor\u00eda y copia de seguridad autom\u00e1tica.<\/li>\n<\/ul>\n<h4><strong>Amplias posibilidades de ensayo :<\/strong><\/h4>\n<p>El <strong>TubeCrusher<\/strong>, un probador de soldadura para tubos y bolsas, ofrece una amplia gama de pruebas para satisfacer necesidades espec\u00edficas:<\/p>\n<ul>\n<li><strong>Prueba de resistencia al aplastamiento :<\/strong> Verificaci\u00f3n de la integridad de la soldadura bajo presi\u00f3n.<\/li>\n<li><strong>Prueba c\u00edclica :<\/strong> simulaci\u00f3n de ciclos de apertura y cierre para probar la durabilidad del envase.<\/li>\n<li><strong>Prueba manual\/presi\u00f3n interna :<\/strong> medici\u00f3n precisa de la presi\u00f3n interna de las muestras.<\/li>\n<li><strong>Pruebas a medida :<\/strong> Pruebas adaptadas a las necesidades de los clientes.<\/li>\n<li><strong>Pruebas de escalera :<\/strong> realizaci\u00f3n de pruebas de desarrollo para determinar los valores de conformidad del producto.<\/li>\n<\/ul>\n<h3>La <strong>trituradora de tubos<\/strong> se suministra con :<\/h3>\n<ul>\n<li>Un <strong>certificado de calibraci\u00f3n<\/strong> LNE\/COFRAC, que garantiza la conformidad de las pruebas realizadas.<\/li>\n<li>Un<strong> prensador est\u00e1ndar<\/strong> para tubos de ensayo.<\/li>\n<li>Una <strong>disposici\u00f3n interior<\/strong> con un tope ajustable para colocar las muestras con precisi\u00f3n.<\/li>\n<\/ul>\n<h4><strong>Aplicaciones de la trituradora tubular :<\/strong><\/h4>\n<p>El <strong>Tube Crusher<\/strong>, un comprobador de soldaduras para tubos y bolsas, se utiliza en muchos sectores industriales para garantizar la calidad de las soldaduras, evitar fugas y asegurar la integridad de los envases. Este vers\u00e1til comprobador ayuda a garantizar la conformidad y la seguridad del producto.<\/p>\n[et_pb_section global_module=\"14170\"][\/et_pb_section]\n<p><iframe title=\"PouchTube ACRN \u2013 Prueba de resistencia y presi\u00f3n en tubos flexibles\" width=\"1080\" height=\"608\" src=\"https:\/\/www.youtube.com\/embed\/PKtujJBt7-g?feature=oembed&#038;enablejsapi=1&#038;origin=https:\/\/www.acrn.fr\"  allow=\"accelerometer; autoplay; clipboard-write; encrypted-media; gyroscope; picture-in-picture; web-share\" referrerpolicy=\"strict-origin-when-cross-origin\" allowfullscreen><\/iframe><\/p>\n","protected":false},"excerpt":{"rendered":"<blockquote><p>CrushTube<\/p><\/blockquote>\n<p style=\"text-align: left;\">El PouchTube Tester puede utilizarse para comprobar la resistencia de tubos, bolsas y otros recambios directamente en la l\u00ednea de producci\u00f3n o en el laboratorio. Puede utilizarse para sustituir a los comprobadores de soldadura de tubos ATS.<\/p>\n<p>Durante el termosellado, pueden producirse defectos en la soldadura debido a las temperaturas del electrodo y a la presencia de impurezas.<\/p>\n<p>La realizaci\u00f3n de una prueba de aplastamiento permite comprobar la integridad de la soldadura de la muestra y, por tanto, la ausencia de fugas o microfugas.<\/p>\n<p>Esta prueba es esencial para garantizar que la muestra est\u00e1 bien soldada.<\/p>\n<p><a href=\"https:\/\/www.acrn.fr\/wp-content\/uploads\/2025\/11\/DATA_TECNICAS_POUCHTUBE_TESTER.pdf.pdf\">Ficha t\u00e9cnica de PouchTubeTester<\/a><\/p>\n","protected":false},"featured_media":14167,"template":"","meta":{"_acf_changed":false,"_et_pb_use_builder":"off","_et_pb_old_content":"<h2><strong>CrushTube - Comprobador de soldadura para tubos y bolsas<\/strong><\/h2>\r\nEl <strong>\u00c9craseTube<\/strong>, <strong>un comprobador de soldaduras para tubos y bolsas<\/strong>, es una pieza esencial del equipo de control de calidad de envases. Puede utilizarse para comprobar la integridad de las soldaduras en tubos, bolsas o sacos. Adecuado tanto para entornos de producci\u00f3n como de laboratorio, el \u00c9craseTube garantiza resultados fiables y repetibles. Este comprobador verifica r\u00e1pidamente la calidad de las soldaduras para evitar los defectos de termosellado y el riesgo de fugas.   \r\n<h3><strong>Principales ventajas :<\/strong><\/h3>\r\n<ul>\r\n \t<li><strong>Pruebas r\u00e1pidas y fiables :<\/strong> las pruebas son sencillas, s\u00f3lidas y repetibles. Esto significa que la soldadura puede comprobarse r\u00e1pidamente. <\/li>\r\n \t<li><strong>Versatilidad :<\/strong> Adecuado para una amplia gama de pruebas, incluidas pruebas de resistencia al aplastamiento, pruebas de tensi\u00f3n y pruebas de fugas.<\/li>\r\n \t<li><strong>Adaptado a la producci\u00f3n :<\/strong> de dise\u00f1o ergon\u00f3mico, el <strong>\u00c9craseTube<\/strong> se integra f\u00e1cilmente en los entornos de producci\u00f3n.<\/li>\r\n \t<li><strong>Trazabilidad completa :<\/strong> Exportaci\u00f3n de resultados v\u00eda USB o TCPIP, con compatibilidad con sistemas SPC (Freeweigh, SAP).<\/li>\r\n \t<li><strong>Sin mantenimiento :<\/strong> la trituradora tubular es duradera y no requiere mantenimiento peri\u00f3dico, lo que reduce los costes.<\/li>\r\n \t<li><strong>Modularidad :<\/strong> las prensas son intercambiables en funci\u00f3n del envase probado, lo que garantiza la m\u00e1xima flexibilidad.<\/li>\r\n \t<li><strong>Seguridad y conformidad :<\/strong> gesti\u00f3n del acceso de los usuarios e inviolabilidad de los datos mediante registro de auditor\u00eda y copia de seguridad autom\u00e1tica.<\/li>\r\n<\/ul>\r\n<h4><strong>Amplias posibilidades de ensayo :<\/strong><\/h4>\r\nEl <strong>Crushtube<\/strong>, un probador de soldadura para tubos y bolsas, ofrece una amplia gama de pruebas para satisfacer necesidades espec\u00edficas:\r\n<ul>\r\n \t<li><strong>Prueba de resistencia al aplastamiento :<\/strong> Verificaci\u00f3n de la integridad de la soldadura bajo presi\u00f3n.<\/li>\r\n \t<li><strong>Prueba c\u00edclica :<\/strong> simulaci\u00f3n de ciclos de apertura y cierre para probar la durabilidad del envase.<\/li>\r\n \t<li><strong>Prueba manual\/presi\u00f3n interna :<\/strong> medici\u00f3n precisa de la presi\u00f3n interna de las muestras.<\/li>\r\n \t<li><strong>Pruebas a medida :<\/strong> Pruebas adaptadas a las necesidades de los clientes.<\/li>\r\n \t<li><strong>Pruebas de escalera :<\/strong> realizaci\u00f3n de pruebas de desarrollo para determinar los valores de conformidad del producto.<\/li>\r\n<\/ul>\r\n<h3>La <strong>trituradora de tubos<\/strong> se suministra con :<\/h3>\r\n<ul>\r\n \t<li>Un <strong>certificado de calibraci\u00f3n<\/strong> LNE\/COFRAC, que garantiza la conformidad de las pruebas realizadas.<\/li>\r\n \t<li>Un<strong> prensador est\u00e1ndar<\/strong> para tubos de ensayo.<\/li>\r\n \t<li>Una <strong>disposici\u00f3n interior<\/strong> con un tope ajustable para colocar las muestras con precisi\u00f3n.<\/li>\r\n<\/ul>\r\n<h4><strong>Aplicaciones de la trituradora tubular :<\/strong><\/h4>\r\nEl <strong>Tube Crusher<\/strong>, un comprobador de soldaduras para tubos y bolsas, se utiliza en muchos sectores industriales para garantizar la calidad de las soldaduras, evitar fugas y asegurar la integridad de los envases. Este vers\u00e1til comprobador ayuda a garantizar la conformidad y seguridad del producto. ","_et_gb_content_width":""},"product_brand":[],"product_cat":[213],"product_tag":[],"class_list":{"0":"post-15388","1":"product","2":"type-product","3":"status-publish","4":"has-post-thumbnail","6":"product_cat-trituradora-de-tubos","8":"first","9":"instock","10":"shipping-taxable","11":"purchasable","12":"product-type-simple"},"acf":[],"_links":{"self":[{"href":"https:\/\/www.acrn.fr\/es\/wp-json\/wp\/v2\/product\/15388","targetHints":{"allow":["GET"]}}],"collection":[{"href":"https:\/\/www.acrn.fr\/es\/wp-json\/wp\/v2\/product"}],"about":[{"href":"https:\/\/www.acrn.fr\/es\/wp-json\/wp\/v2\/types\/product"}],"wp:featuredmedia":[{"embeddable":true,"href":"https:\/\/www.acrn.fr\/es\/wp-json\/wp\/v2\/media\/14167"}],"wp:attachment":[{"href":"https:\/\/www.acrn.fr\/es\/wp-json\/wp\/v2\/media?parent=15388"}],"wp:term":[{"taxonomy":"product_brand","embeddable":true,"href":"https:\/\/www.acrn.fr\/es\/wp-json\/wp\/v2\/product_brand?post=15388"},{"taxonomy":"product_cat","embeddable":true,"href":"https:\/\/www.acrn.fr\/es\/wp-json\/wp\/v2\/product_cat?post=15388"},{"taxonomy":"product_tag","embeddable":true,"href":"https:\/\/www.acrn.fr\/es\/wp-json\/wp\/v2\/product_tag?post=15388"}],"curies":[{"name":"wp","href":"https:\/\/api.w.org\/{rel}","templated":true}]}}