{"id":13616,"date":"2023-07-03T11:59:27","date_gmt":"2023-07-03T09:59:27","guid":{"rendered":"https:\/\/www.acrn.fr\/?post_type=product&#038;p=13616"},"modified":"2026-03-23T10:47:36","modified_gmt":"2026-03-23T09:47:36","slug":"torquimetro-motorizado-repeatork","status":"publish","type":"product","link":"https:\/\/www.acrn.fr\/es\/producto\/torquimetro-motorizado-repeatork\/","title":{"rendered":"Torqu\u00edmetro motorizado RepeaTork"},"content":{"rendered":"<p>El Repeatork es un torqu\u00edmetro motorizado que elimina el efecto humano al desenroscar el tap\u00f3n. Garantiza un centrado perfecto, una velocidad constante y un agarre \u00f3ptimo del corcho. Los valores de par obtenidos son fiables y repetibles.<\/p>\n<p>Est\u00e1 dise\u00f1ado para envases como botellas, frascos, recipientes con bomba, latas, perfumes, latas con tap\u00f3n de rosca &#8230;. En los sectores agroalimentario, farmac\u00e9utico, cosm\u00e9tico y petroqu\u00edmico&#8230;<\/p>\n<div class=\"product-video\"><video autoplay=\"autoplay\" loop=\"loop\" muted=\"muted\" width=\"auto\" height=\"auto\"><source src=\"\/wp-content\/uploads\/2023\/12\/repeatork_entier.mp4\" type=\"video\/mp4\" \/><\/video><\/div>\n<h3>Funcionamiento e instalaci\u00f3n<\/h3>\n<p>El Repeatork incorpora todas las funciones de un torqu\u00edmetro de sobremesa convencional, con el a\u00f1adido de la motorizaci\u00f3n:<\/p>\n<ul>\n<li><strong>Modo simple de apriete\/desapriete<\/strong>: el operario desenrosca o atornilla a una velocidad preestablecida y recupera el valor de par medido.<\/li>\n<li><strong>Modo de apriete\/apriete en \u00e1ngulo o par<\/strong>: ajuste los umbrales de \u00e1ngulo, par y velocidad en ambas direcciones para adaptarlos a sus protocolos de control. Recupera el valor.<\/li>\n<li><strong>Control de par abierto y luego apriete al par<\/strong>: ideal para comprobar productos acabados al final de la l\u00ednea, este modo le permite apretar al par objetivo una vez que ha desenroscado el perno y ya no extrae la muestra sometida a prueba.<\/li>\n<\/ul>\n<h3>Beneficios del Torqu\u00edmetro Motorizado Repeatork<\/h3>\n<p><strong>Mediciones repetibles<\/strong> que neutralizan los efectos humanos de los torqu\u00edmetros manuales.<\/p>\n<p>El equipo es compatible con todas las generaciones de torqu\u00edmetros manuales ACRN, pasadas y futuras.<\/p>\n<p>El RepeaTork est\u00e1 dise\u00f1ado para <strong>gestionar la diversidad de sus muestras<\/strong>: un innovador sistema de sujeci\u00f3n con mordazas intercambiables \u00abFAST\u00bb le permite gestionar la diversidad de productos en un tiempo r\u00e9cord, garantizando al mismo tiempo una sujeci\u00f3n \u00f3ptima del tap\u00f3n sin deformaciones.<\/p>\n<p><strong> Control r\u00e1pido<\/strong> para liberar el m\u00e1ximo tiempo del operario.<\/p>\n<p>Un precio asequible.<\/p>\n<p>Una<strong> reducci\u00f3n de los <\/strong>trastornos musculoesquel\u00e9ticos<\/p>\n<h3>ACRN a su lado para su proyecto<\/h3>\n<p>Lo \u00fanico que tiene que hacer es enviarnos ejemplos de cada muestra que vaya a someter a prueba, incluidas la m\u00e1s grande y la m\u00e1s peque\u00f1a. ACRN puede ofrecerle soluciones para la sujeci\u00f3n inferior y el accionamiento superior.<\/p>\n<p>Repeatork se adaptar\u00e1 a sus muestras de productos (nuevos envases, nuevos tapones). En caso necesario, se pueden pedir nuevas mordazas.<\/p>\n<p>ACRN ofrecer\u00e1 un apoyo m\u00e1s avanzado y personalizado para la transici\u00f3n de las mediciones manuales a las motorizadas (estudio de impacto, etc.).<\/p>\n<div class=\"product-video\"><video autoplay=\"autoplay\" loop=\"loop\" muted=\"muted\" width=\"auto\" height=\"auto\"><source src=\"\/wp-content\/uploads\/2023\/12\/test_1.mp4\" type=\"video\/mp4\" \/><\/video><\/div>\n","protected":false},"excerpt":{"rendered":"<blockquote><p>El torqu\u00edmetro para envases atornillados<\/p><\/blockquote>\n<p>El RepeaTork es un torqu\u00edmetro motorizado dise\u00f1ado para medir el par de desenroscado de tapones roscados y bombas de forma precisa y fiable. Incorpora todas las funciones de un torqu\u00edmetro de sobremesa convencional, con el a\u00f1adido de la motorizaci\u00f3n. Dispone de tres modos de funcionamiento: un modo simple de atornillado\/desatornillado, un modo de atornillado\/desatornillado con \u00e1ngulo o par y un modo de control de par para abrir y volver a atornillar con par.<\/p>\n<p>Repeatork es una soluci\u00f3n r\u00e1pida, sencilla y totalmente repetible que utilizan muchos fabricantes de envases. Permite a los fabricantes mejorar r\u00e1pida y f\u00e1cilmente la calidad de sus mediciones de par y consolidar su garant\u00eda de calidad.<\/p>\n<p>Tambi\u00e9n es asequible y ayuda a reducir las RSI relacionadas con los movimientos repetitivos de los operarios.<\/p>\n<p><a href=\"https:\/\/www.acrn.fr\/wp-content\/uploads\/2023\/12\/Repeatork-fr-v2.pdf\" target=\"_blank\" rel=\"noopener\">Ficha t\u00e9cnica de Repeatork<\/a><\/p>\n<p><a href=\"https:\/\/www.acrn.fr\/wp-content\/uploads\/2026\/03\/REPEATORK-Manual-de-usuario-V3-ES.pdf\">Manual de usario<\/a><\/p>\n","protected":false},"featured_media":21460,"template":"","meta":{"_acf_changed":false,"_et_pb_use_builder":"off","_et_pb_old_content":"","_et_gb_content_width":""},"product_brand":[],"product_cat":[216,206],"product_tag":[],"class_list":{"0":"post-13616","1":"product","2":"type-product","3":"status-publish","4":"has-post-thumbnail","6":"product_cat-torquimetros-motorizados","7":"product_cat-productos-inicio","9":"first","10":"instock","11":"shipping-taxable","12":"purchasable","13":"product-type-simple"},"acf":[],"_links":{"self":[{"href":"https:\/\/www.acrn.fr\/es\/wp-json\/wp\/v2\/product\/13616","targetHints":{"allow":["GET"]}}],"collection":[{"href":"https:\/\/www.acrn.fr\/es\/wp-json\/wp\/v2\/product"}],"about":[{"href":"https:\/\/www.acrn.fr\/es\/wp-json\/wp\/v2\/types\/product"}],"wp:featuredmedia":[{"embeddable":true,"href":"https:\/\/www.acrn.fr\/es\/wp-json\/wp\/v2\/media\/21460"}],"wp:attachment":[{"href":"https:\/\/www.acrn.fr\/es\/wp-json\/wp\/v2\/media?parent=13616"}],"wp:term":[{"taxonomy":"product_brand","embeddable":true,"href":"https:\/\/www.acrn.fr\/es\/wp-json\/wp\/v2\/product_brand?post=13616"},{"taxonomy":"product_cat","embeddable":true,"href":"https:\/\/www.acrn.fr\/es\/wp-json\/wp\/v2\/product_cat?post=13616"},{"taxonomy":"product_tag","embeddable":true,"href":"https:\/\/www.acrn.fr\/es\/wp-json\/wp\/v2\/product_tag?post=13616"}],"curies":[{"name":"wp","href":"https:\/\/api.w.org\/{rel}","templated":true}]}}