{"id":13503,"date":"2023-06-27T12:58:59","date_gmt":"2023-06-27T10:58:59","guid":{"rendered":"https:\/\/www.acrn.fr\/?post_type=product&#038;p=13503"},"modified":"2025-12-05T09:49:26","modified_gmt":"2025-12-05T08:49:26","slug":"dynamometric-ring-controller","status":"publish","type":"product","link":"https:\/\/www.acrn.fr\/es\/producto\/dynamometric-ring-controller\/","title":{"rendered":"Controlador digital de llave dinamom\u00e9trica"},"content":{"rendered":"<p>El Dremotest E es un comprobador digital de llaves dinamom\u00e9tricas f\u00e1cil de usar que ofrece mediciones precisas. Con este instrumento de medida, puede exportar sus datos al software Hyper Terminal a trav\u00e9s de una salida RS232. Su dise\u00f1o ligero y sencillo garantiza una larga vida a este equipo. El Dremotest est\u00e1 disponible en 5 versiones diferentes que van de 0,2 a 3.000 N.m.<\/p>\n<table style=\"border-collapse: collapse; width: 100%; height: 138px;\">\n<tbody>\n<tr style=\"height: 23px;\">\n<td style=\"width: 16.6667%; height: 23px; text-align: center;\"><strong>Modelo<\/strong><\/td>\n<td style=\"width: 16.6667%; height: 23px; text-align: center;\"><strong>ISO<\/strong><\/td>\n<td style=\"width: 16.6667%; height: 23px; text-align: center;\"><strong>Resoluci\u00f3n<\/strong><\/td>\n<td style=\"width: 16.6667%; height: 23px; text-align: center;\"><strong>Imperial<\/strong><\/td>\n<td style=\"width: 16.6667%; height: 23px; text-align: center;\"><strong>Resoluci\u00f3n<\/strong><\/td>\n<td style=\"width: 16.6667%; height: 23px; text-align: center;\"><strong>Precisi\u00f3n<\/strong><\/td>\n<\/tr>\n<tr style=\"height: 23px;\">\n<td style=\"width: 16.6667%; height: 23px; text-align: center;\">Dremotest E12<\/td>\n<td style=\"width: 16.6667%; height: 23px; text-align: center;\">0,2 &#8211; 12 N.m<\/td>\n<td style=\"width: 16.6667%; height: 23px; text-align: center;\">0,001 N.m<\/td>\n<td style=\"width: 16.6667%; height: 23px; text-align: center;\">1,8 &#8211; 106 lbf.in<\/td>\n<td style=\"width: 16.6667%; height: 23px; text-align: center;\">0,001 lbf.in<\/td>\n<td style=\"width: 16.6667%; height: 23px; text-align: center;\">+ \/ &#8211; 1%<\/td>\n<\/tr>\n<tr style=\"height: 23px;\">\n<td style=\"width: 16.6667%; height: 23px; text-align: center;\">Dremotest E55<\/td>\n<td style=\"width: 16.6667%; height: 23px; text-align: center;\">0,9 &#8211; 55 N.m<\/td>\n<td style=\"width: 16.6667%; height: 23px; text-align: center;\">0,01 N.m<\/td>\n<td style=\"width: 16.6667%; height: 23px; text-align: center;\">0,7 &#8211; 40 lbf.in<\/td>\n<td style=\"width: 16.6667%; height: 23px; text-align: center;\">0,01 lbf.in<\/td>\n<td style=\"width: 16.6667%; height: 23px; text-align: center;\">+ \/ &#8211; 1%<\/td>\n<\/tr>\n<tr style=\"height: 23px;\">\n<td style=\"width: 16.6667%; height: 23px; text-align: center;\">Dremotest E320<\/td>\n<td style=\"width: 16.6667%; height: 23px; text-align: center;\">9 &#8211; 320 N.m<\/td>\n<td style=\"width: 16.6667%; height: 23px; text-align: center;\">0,1 N.m<\/td>\n<td style=\"width: 16.6667%; height: 23px; text-align: center;\">7 &#8211; 236 lbf.in<\/td>\n<td style=\"width: 16.6667%; height: 23px; text-align: center;\">0,1 lbf.in<\/td>\n<td style=\"width: 16.6667%; height: 23px; text-align: center;\">+ \/ &#8211; 1%<\/td>\n<\/tr>\n<tr style=\"height: 23px;\">\n<td style=\"width: 16.6667%; height: 23px; text-align: center;\">Dremotest E1100<\/td>\n<td style=\"width: 16.6667%; height: 23px; text-align: center;\">90 &#8211; 1100 N.m<\/td>\n<td style=\"width: 16.6667%; height: 23px; text-align: center;\">1 N.m<\/td>\n<td style=\"width: 16.6667%; height: 23px; text-align: center;\">66 &#8211; 811 lbf.in<\/td>\n<td style=\"width: 16.6667%; height: 23px; text-align: center;\">1 lbf.in<\/td>\n<td style=\"width: 16.6667%; height: 23px; text-align: center;\">+ \/ &#8211; 1%<\/td>\n<\/tr>\n<tr style=\"height: 23px;\">\n<td style=\"width: 16.6667%; height: 23px; text-align: center;\">Dremotest E3000<\/td>\n<td style=\"width: 16.6667%; height: 23px; text-align: center;\">500 &#8211; 3000 N.m<\/td>\n<td style=\"width: 16.6667%; height: 23px; text-align: center;\">1 N.m<\/td>\n<td style=\"width: 16.6667%; height: 23px; text-align: center;\">369 &#8211; 2214 lbf.in<\/td>\n<td style=\"width: 16.6667%; height: 23px; text-align: center;\">144 lbf.in<\/td>\n<td style=\"width: 16.6667%; height: 23px; text-align: center;\">+ \/ &#8211; 1%<\/td>\n<\/tr>\n<\/tbody>\n<\/table>\n","protected":false},"excerpt":{"rendered":"<p>El Dremotest E es un dispositivo sencillo y preciso de comprobaci\u00f3n y ajuste de llaves dinamom\u00e9tricas.<\/p>\n<p>Modelo econ\u00f3mico con pantalla digital y salida RS232. El operador coloca la llave en el lateral, lo que permite solo el control de apriete.<\/p>\n<p><a href=\"https:\/\/www.acrn.fr\/wp-content\/uploads\/2025\/12\/Data_Sheet_Dremotest_GB.pdf-1.pdf\" target=\"_blank\" rel=\"noopener\">Ficha t\u00e9cnica Dremotest<\/a><\/p>\n<p>&nbsp;<\/p>\n","protected":false},"featured_media":13128,"template":"","meta":{"_acf_changed":false,"_et_pb_use_builder":"off","_et_pb_old_content":"El Dremotest E es un comprobador digital de llaves dinamom\u00e9tricas f\u00e1cil de usar que ofrece mediciones precisas.\r\n\r\nCon este instrumento de medida, puede exportar sus datos al software Hyper Terminal a trav\u00e9s de una salida RS232.\r\n\r\nSu dise\u00f1o ligero y sencillo garantiza una larga vida a este equipo.\r\n\r\nEl Dremotest est\u00e1 disponible en 5 versiones diferentes que van de 0,2 a 3.000 N.m.\r\n\r\n \r\n<table style=\"border-collapse: collapse;width: 100%;height: 138px\">\r\n<tbody>\r\n<tr style=\"height: 23px\">\r\n<td style=\"width: 16.6667%;height: 23px;text-align: center\"><strong>Modelo<\/strong><\/td>\r\n<td style=\"width: 16.6667%;height: 23px;text-align: center\"><strong>ISO<\/strong><\/td>\r\n<td style=\"width: 16.6667%;height: 23px;text-align: center\"><strong>Resoluci\u00f3n<\/strong><\/td>\r\n<td style=\"width: 16.6667%;height: 23px;text-align: center\"><strong>Imperial<\/strong><\/td>\r\n<td style=\"width: 16.6667%;height: 23px;text-align: center\"><strong>Resoluci\u00f3n<\/strong><\/td>\r\n<td style=\"width: 16.6667%;height: 23px;text-align: center\"><strong>Precisi\u00f3n<\/strong><\/td>\r\n<\/tr>\r\n<tr style=\"height: 23px\">\r\n<td style=\"width: 16.6667%;height: 23px;text-align: center\">Dremotest E12<\/td>\r\n<td style=\"width: 16.6667%;height: 23px;text-align: center\">0,2 - 12 N.m<\/td>\r\n<td style=\"width: 16.6667%;height: 23px;text-align: center\">0,001 N.m<\/td>\r\n<td style=\"width: 16.6667%;height: 23px;text-align: center\">1,8 - 106 lbf.in<\/td>\r\n<td style=\"width: 16.6667%;height: 23px;text-align: center\">0,001 lbf.in<\/td>\r\n<td style=\"width: 16.6667%;height: 23px;text-align: center\">+ \/ - 1%<\/td>\r\n<\/tr>\r\n<tr style=\"height: 23px\">\r\n<td style=\"width: 16.6667%;height: 23px;text-align: center\">Dremotest E55<\/td>\r\n<td style=\"width: 16.6667%;height: 23px;text-align: center\">0,9 - 55 N.m<\/td>\r\n<td style=\"width: 16.6667%;height: 23px;text-align: center\">0,01 N.m<\/td>\r\n<td style=\"width: 16.6667%;height: 23px;text-align: center\">0,7 - 40 lbf.in<\/td>\r\n<td style=\"width: 16.6667%;height: 23px;text-align: center\">0,01 lbf.in<\/td>\r\n<td style=\"width: 16.6667%;height: 23px;text-align: center\">  + \/ - 1%<\/td>\r\n<\/tr>\r\n<tr style=\"height: 23px\">\r\n<td style=\"width: 16.6667%;height: 23px;text-align: center\">Dremotest E320<\/td>\r\n<td style=\"width: 16.6667%;height: 23px;text-align: center\">9 - 320 N.m<\/td>\r\n<td style=\"width: 16.6667%;height: 23px;text-align: center\">0,1 N.m<\/td>\r\n<td style=\"width: 16.6667%;height: 23px;text-align: center\">7 - 236 lbf.in<\/td>\r\n<td style=\"width: 16.6667%;height: 23px;text-align: center\">0,1 lbf.in<\/td>\r\n<td style=\"width: 16.6667%;height: 23px;text-align: center\">  + \/ - 1%<\/td>\r\n<\/tr>\r\n<tr style=\"height: 23px\">\r\n<td style=\"width: 16.6667%;height: 23px;text-align: center\">Dremotest E1100<\/td>\r\n<td style=\"width: 16.6667%;height: 23px;text-align: center\">90 - 1100 N.m<\/td>\r\n<td style=\"width: 16.6667%;height: 23px;text-align: center\">1 N.m<\/td>\r\n<td style=\"width: 16.6667%;height: 23px;text-align: center\">66 - 811 lbf.in<\/td>\r\n<td style=\"width: 16.6667%;height: 23px;text-align: center\">1 lbf.in<\/td>\r\n<td style=\"width: 16.6667%;height: 23px;text-align: center\">  + \/ - 1%<\/td>\r\n<\/tr>\r\n<tr style=\"height: 23px\">\r\n<td style=\"width: 16.6667%;height: 23px;text-align: center\">Dremotest E3000<\/td>\r\n<td style=\"width: 16.6667%;height: 23px;text-align: center\">500 - 3000 N.m<\/td>\r\n<td style=\"width: 16.6667%;height: 23px;text-align: center\">1 N.m<\/td>\r\n<td style=\"width: 16.6667%;height: 23px;text-align: center\">369 - 2214 lbf.in<\/td>\r\n<td style=\"width: 16.6667%;height: 23px;text-align: center\">144 lbf.in<\/td>\r\n<td style=\"width: 16.6667%;height: 23px;text-align: center\">  + \/ - 1%<\/td>\r\n<\/tr>\r\n<\/tbody>\r\n<\/table>","_et_gb_content_width":""},"product_brand":[],"product_cat":[234],"product_tag":[],"class_list":{"0":"post-13503","1":"product","2":"type-product","3":"status-publish","4":"has-post-thumbnail","6":"product_cat-controlador-de-la-llave-de-torsion","8":"first","9":"instock","10":"shipping-taxable","11":"purchasable","12":"product-type-simple"},"acf":[],"_links":{"self":[{"href":"https:\/\/www.acrn.fr\/es\/wp-json\/wp\/v2\/product\/13503","targetHints":{"allow":["GET"]}}],"collection":[{"href":"https:\/\/www.acrn.fr\/es\/wp-json\/wp\/v2\/product"}],"about":[{"href":"https:\/\/www.acrn.fr\/es\/wp-json\/wp\/v2\/types\/product"}],"wp:featuredmedia":[{"embeddable":true,"href":"https:\/\/www.acrn.fr\/es\/wp-json\/wp\/v2\/media\/13128"}],"wp:attachment":[{"href":"https:\/\/www.acrn.fr\/es\/wp-json\/wp\/v2\/media?parent=13503"}],"wp:term":[{"taxonomy":"product_brand","embeddable":true,"href":"https:\/\/www.acrn.fr\/es\/wp-json\/wp\/v2\/product_brand?post=13503"},{"taxonomy":"product_cat","embeddable":true,"href":"https:\/\/www.acrn.fr\/es\/wp-json\/wp\/v2\/product_cat?post=13503"},{"taxonomy":"product_tag","embeddable":true,"href":"https:\/\/www.acrn.fr\/es\/wp-json\/wp\/v2\/product_tag?post=13503"}],"curies":[{"name":"wp","href":"https:\/\/api.w.org\/{rel}","templated":true}]}}