{"id":13101,"date":"2023-03-21T10:18:22","date_gmt":"2023-03-21T09:18:22","guid":{"rendered":"https:\/\/www.acrn.fr\/?post_type=product&#038;p=13101"},"modified":"2025-01-07T11:19:04","modified_gmt":"2025-01-07T10:19:04","slug":"lectura-consola-vfti","status":"publish","type":"product","link":"https:\/\/www.acrn.fr\/es\/producto\/lectura-consola-vfti\/","title":{"rendered":"Consola de reproducci\u00f3n VFTI"},"content":{"rendered":"<h3>Un dispositivo que ofrece ergonom\u00eda y precisi\u00f3n<\/h3>\n<p style=\"text-align: justify;\">La consola de medici\u00f3n VFTI est\u00e1 equipada con una pantalla t\u00e1ctil y una serie de funciones innovadoras para satisfacer los requisitos clave de la mayor\u00eda de las aplicaciones <strong>de medici\u00f3n de fuerza y par<\/strong>.<\/p>\n<p style=\"text-align: justify;\">Se conecta mediante un adaptador espec\u00edfico a los distintos <a href=\"https:\/\/www.acrn.fr\/es\/categoria-de-productos\/sensores-e-instrumentacion\/sensores-de-fuerza\/\">sensores de fuerza<\/a> y par. Gracias a su reconocimiento autom\u00e1tico de los par\u00e1metros de calibraci\u00f3n de todos sus sensores, podr\u00e1 medir con la mayor precisi\u00f3n y sensibilidad posibles.<\/p>\n<p style=\"text-align: justify;\">Su robusta y ligera carcasa de aluminio y la bater\u00eda de iones de litio recargable incorporada confieren al indicador de par y fuerza VFTI una larga vida \u00fatil. <strong>ergonom\u00eda<\/strong> ideal para su uso como dispositivo port\u00e1til tanto dentro como fuera de la f\u00e1brica. Tambi\u00e9n puede integrarse en un banco de pruebas como dispositivo de medici\u00f3n para su uso en laboratorios de producci\u00f3n, control de calidad o investigaci\u00f3n y desarrollo.<\/p>\n<h3>Equipado con tecnolog\u00eda Vector OS<\/h3>\n<p style=\"text-align: justify;\">La pantalla t\u00e1ctil de 5&#8243; funciona con el sistema operativo Vector OS: una interfaz para simplificar el uso a todos los usuarios. Basta con deslizar el dedo por la pantalla para acceder a los men\u00fas de configuraci\u00f3n y configurar pruebas avanzadas seleccionando en la lista de funciones mediante iconos. Puede configurar la pantalla para que s\u00f3lo incluya las opciones que desea ver. Pellizca y ampl\u00eda la pantalla para ver el gr\u00e1fico en directo.<\/p>\n<h3>Caracter\u00edsticas<\/h3>\n<p>Este equipo ofrece una funcionalidad de prueba mejorada y capacidades de an\u00e1lisis de datos:<\/p>\n<ul>\n<li>Modo gr\u00e1fico: identifique los eventos cr\u00edticos de la prueba mediante una curva generada en directo en la pantalla<\/li>\n<li>Captura de picos: registra los valores clave de una prueba, como el primer y el \u00faltimo pico.<\/li>\n<li>Captura precisa de las fuerzas de rotura gracias a la alta velocidad de adquisici\u00f3n<\/li>\n<li>Una alarma visual avisa a los operarios del \u00e9xito o fracaso de una prueba.<\/li>\n<li>Riesgo de da\u00f1os accidentales en la c\u00e9lula de carga minimizado por un sistema de aviso de sobrecarga<\/li>\n<li>Memoria integrada para almacenar resultados<\/li>\n<li>Exportaci\u00f3n de datos por ordenador o impresora<\/li>\n<\/ul>\n<h3>Caracter\u00edsticas<\/h3>\n<p style=\"text-align: justify;\">La consola de reproducci\u00f3n VFTI tiene una pantalla de dos zonas, en la que la zona superior muestra claramente <strong>los valores m\u00e1ximos<\/strong> en una unidad de medida preseleccionada. La zona inferior dibuja un <strong>gr\u00e1fico<\/strong> en vivo de la fuerza o el par. Esto facilita la identificaci\u00f3n de sucesos cr\u00edticos, que no pueden determinarse \u00fanicamente por un valor de pico. La disposici\u00f3n de la zona inferior puede modificarse para mostrar un resumen estad\u00edstico, que calcula el m\u00e1ximo, el m\u00ednimo, la media y la desviaci\u00f3n est\u00e1ndar a partir de los valores pico capturados y almacenados en la memoria interna del equipo.<\/p>\n","protected":false},"excerpt":{"rendered":"<blockquote><p>La consola de reproducci\u00f3n de \u00faltima generaci\u00f3n<\/p><\/blockquote>\n<p style=\"text-align: justify;\">La consola de lectura VFTI dispone de una potente y vers\u00e1til pantalla t\u00e1ctil y puede utilizarse con sensores de fuerza y par. Es ideal para pruebas en las que la precisi\u00f3n y la flexibilidad son requisitos fundamentales.<\/p>\n<p style=\"text-align: justify;\">Esta consola de lectura, que funciona con la plataforma Vector OS, reconoce al instante los sensores conectados sin intervenci\u00f3n del operador. Ideal como dispositivo port\u00e1til para realizar pruebas sobre la marcha o como dispositivo de medici\u00f3n integrado en su propio banco de pruebas.<\/p>\n","protected":false},"featured_media":12564,"template":"","meta":{"_acf_changed":false,"_et_pb_use_builder":"","_et_pb_old_content":"","_et_gb_content_width":""},"product_brand":[],"product_cat":[229],"product_tag":[],"class_list":{"0":"post-13101","1":"product","2":"type-product","3":"status-publish","4":"has-post-thumbnail","6":"product_cat-consola-de-medicion-y-adquisicion","8":"first","9":"instock","10":"shipping-taxable","11":"purchasable","12":"product-type-simple"},"acf":[],"_links":{"self":[{"href":"https:\/\/www.acrn.fr\/es\/wp-json\/wp\/v2\/product\/13101","targetHints":{"allow":["GET"]}}],"collection":[{"href":"https:\/\/www.acrn.fr\/es\/wp-json\/wp\/v2\/product"}],"about":[{"href":"https:\/\/www.acrn.fr\/es\/wp-json\/wp\/v2\/types\/product"}],"wp:featuredmedia":[{"embeddable":true,"href":"https:\/\/www.acrn.fr\/es\/wp-json\/wp\/v2\/media\/12564"}],"wp:attachment":[{"href":"https:\/\/www.acrn.fr\/es\/wp-json\/wp\/v2\/media?parent=13101"}],"wp:term":[{"taxonomy":"product_brand","embeddable":true,"href":"https:\/\/www.acrn.fr\/es\/wp-json\/wp\/v2\/product_brand?post=13101"},{"taxonomy":"product_cat","embeddable":true,"href":"https:\/\/www.acrn.fr\/es\/wp-json\/wp\/v2\/product_cat?post=13101"},{"taxonomy":"product_tag","embeddable":true,"href":"https:\/\/www.acrn.fr\/es\/wp-json\/wp\/v2\/product_tag?post=13101"}],"curies":[{"name":"wp","href":"https:\/\/api.w.org\/{rel}","templated":true}]}}