{"id":10095,"date":"2022-02-08T11:06:57","date_gmt":"2022-02-08T10:06:57","guid":{"rendered":"https:\/\/www.acrn.fr\/product\/dinamometro-digital-vfg"},"modified":"2022-12-21T09:27:57","modified_gmt":"2022-12-21T08:27:57","slug":"dinamometro-digital-vfg","status":"publish","type":"product","link":"https:\/\/www.acrn.fr\/es\/producto\/dinamometro-digital-vfg\/","title":{"rendered":"Dinam\u00f3metro digital VFG"},"content":{"rendered":"<h3>Caracter\u00edsticas de VFG<\/h3>\n<p>El dinam\u00f3metro electr\u00f3nico VFG ofrece funciones mejoradas de an\u00e1lisis de datos, como el registro de los valores clave de la prueba (primer y \u00faltimo pico), as\u00ed como un modo gr\u00e1fico que permite generar una curva en vivo en la pantalla del dinam\u00f3metro para identificar los eventos cr\u00edticos que se producen durante la prueba.<\/p>\n<p>Una alarma visual avisa a los operadores del \u00e9xito o fracaso de su prueba, mientras que la advertencia de sobrecarga minimiza el riesgo de da\u00f1os accidentales en la c\u00e9lula de carga.<\/p>\n<p>Los datos de las pruebas se almacenan en una memoria externa (micro-SDHC de 32 GB) y se pueden exportar posteriormente al ordenador o a una impresora para analizar los resultados.<\/p>\n<p>Monte el dinam\u00f3metro en bancos de pruebas y con\u00e9ctelo a sensores externos de fuerza y par, ideal para cientos de aplicaciones diferentes<\/p>\n<h3>Vector OS<\/h3>\n<p>El software Vector OS es el n\u00facleo del VFG, ya que permite a los operadores configurar el dinam\u00f3metro seg\u00fan sus necesidades de medici\u00f3n y personalizar la interfaz de la pantalla t\u00e1ctil para analizar r\u00e1pidamente los resultados de las pruebas.<\/p>\n<p><img decoding=\"async\" class=\"wp-image-9336 size-medium aligncenter\" src=\"https:\/\/www.acrn.fr\/wp-content\/uploads\/2022\/02\/vfg-150x300.png\" alt=\"\" width=\"150\" height=\"300\" srcset=\"https:\/\/www.acrn.fr\/wp-content\/uploads\/2022\/02\/vfg-150x300.png 150w, https:\/\/www.acrn.fr\/wp-content\/uploads\/2022\/02\/vfg-64x128.png 64w, https:\/\/www.acrn.fr\/wp-content\/uploads\/2022\/02\/vfg.png 200w\" sizes=\"(max-width: 150px) 100vw, 150px\" \/><\/p>\n<h3>Capacidades de 2,5 a 2500 N<\/h3>\n<p>El VFG est\u00e1 disponible en 10 modelos que se adaptan a una amplia gama de aplicaciones industriales.<br \/>\nOfrece una mayor precisi\u00f3n (\u00b1 0,1% del fondo de escala) con lecturas visualizadas en 7 unidades de medida diferentes: N, kN, mN, gf, kgf, lbf y ozf.<\/p>\n<table style=\"border-collapse: collapse; width: 100%; height: 92px;\">\n<tbody>\n<tr style=\"height: 23px;\">\n<td style=\"width: 4.18998%; height: 23px; text-align: center;\"><\/td>\n<td style=\"width: 9.86006%; height: 23px; text-align: center;\"><strong>VFG 2,5<\/strong><\/td>\n<td style=\"width: 8.74815%; height: 23px; text-align: center;\"><strong>VFG 5<\/strong><\/td>\n<td style=\"width: 8.82179%; height: 23px; text-align: center;\"><strong>VFG 10<\/strong><\/td>\n<td style=\"width: 9.18997%; height: 23px; text-align: center;\"><strong>VFG 25<\/strong><\/td>\n<td style=\"width: 9.92639%; height: 23px; text-align: center;\"><strong>VFG 50<\/strong><\/td>\n<td style=\"width: 10.0736%; height: 23px; text-align: center;\"><strong>VFG 100<\/strong><\/td>\n<td style=\"width: 9.99999%; height: 23px; text-align: center;\"><strong>VFG 250<\/strong><\/td>\n<td style=\"width: 10.3682%; height: 23px; text-align: center;\"><strong>VFG 500<\/strong><\/td>\n<td style=\"width: 9.4845%; height: 23px; text-align: center;\"><strong>VFG 1000<\/strong><\/td>\n<td style=\"width: 9.33726%; height: 23px; text-align: center;\"><strong>VFG 2500<\/strong><\/td>\n<\/tr>\n<tr style=\"height: 23px;\">\n<td style=\"width: 4.18998%; height: 23px; text-align: center;\"><strong>N<\/strong><\/td>\n<td style=\"width: 9.86006%; height: 23px; text-align: center;\">2,5<\/td>\n<td style=\"width: 8.74815%; height: 23px; text-align: center;\">5<\/td>\n<td style=\"width: 8.82179%; height: 23px; text-align: center;\">10<\/td>\n<td style=\"width: 9.18997%; height: 23px; text-align: center;\">25<\/td>\n<td style=\"width: 9.92639%; height: 23px; text-align: center;\">50<\/td>\n<td style=\"width: 10.0736%; height: 23px; text-align: center;\">100<\/td>\n<td style=\"width: 9.99999%; height: 23px; text-align: center;\">250<\/td>\n<td style=\"width: 10.3682%; height: 23px; text-align: center;\">500<\/td>\n<td style=\"width: 9.4845%; height: 23px; text-align: center;\">1000<\/td>\n<td style=\"width: 9.33726%; height: 23px; text-align: center;\">2500<\/td>\n<\/tr>\n<tr style=\"height: 23px;\">\n<td style=\"width: 4.18998%; height: 23px; text-align: center;\"><strong>lbf<\/strong><\/td>\n<td style=\"width: 9.86006%; height: 23px; text-align: center;\">0,55<\/td>\n<td style=\"width: 8.74815%; height: 23px; text-align: center;\">1,1<\/td>\n<td style=\"width: 8.82179%; height: 23px; text-align: center;\">2,2<\/td>\n<td style=\"width: 9.18997%; height: 23px; text-align: center;\">5,5<\/td>\n<td style=\"width: 9.92639%; height: 23px; text-align: center;\">11<\/td>\n<td style=\"width: 10.0736%; height: 23px; text-align: center;\">22<\/td>\n<td style=\"width: 9.99999%; height: 23px; text-align: center;\">55<\/td>\n<td style=\"width: 10.3682%; height: 23px; text-align: center;\">110<\/td>\n<td style=\"width: 9.4845%; height: 23px; text-align: center;\">220<\/td>\n<td style=\"width: 9.33726%; height: 23px; text-align: center;\">550<\/td>\n<\/tr>\n<tr style=\"height: 23px;\">\n<td style=\"width: 4.18998%; height: 23px; text-align: center;\"><strong>kgf<\/strong><\/td>\n<td style=\"width: 9.86006%; height: 23px; text-align: center;\">0,25<\/td>\n<td style=\"width: 8.74815%; height: 23px; text-align: center;\">0,5<\/td>\n<td style=\"width: 8.82179%; height: 23px; text-align: center;\">1<\/td>\n<td style=\"width: 9.18997%; height: 23px; text-align: center;\">2,5<\/td>\n<td style=\"width: 9.92639%; height: 23px; text-align: center;\">5<\/td>\n<td style=\"width: 10.0736%; height: 23px; text-align: center;\">10<\/td>\n<td style=\"width: 9.99999%; height: 23px; text-align: center;\">25<\/td>\n<td style=\"width: 10.3682%; height: 23px; text-align: center;\">50<\/td>\n<td style=\"width: 9.4845%; height: 23px; text-align: center;\">100<\/td>\n<td style=\"width: 9.33726%; height: 23px; text-align: center;\">250<\/td>\n<\/tr>\n<\/tbody>\n<\/table>\n<h3>Compatible con el software Vector Pro Lite<\/h3>\n<p>Al igual que con los dinam\u00f3metros digitales AFG y BFG, el avanzado software de trazado y adquisici\u00f3n de datos <a href=\"https:\/\/www.acrn.fr\/produit\/logiciel-pour-couplemetres-motorises\">Vector Pro Lite est\u00e1<\/a> disponible como opci\u00f3n. La conexi\u00f3n se realiza simplemente con un cable de interfaz desde el ordenador al instrumento de medici\u00f3n de fuerza.<\/p>\n","protected":false},"excerpt":{"rendered":"<blockquote><p>El modelo m\u00e1s avanzado de dinam\u00f3metro electr\u00f3nico<\/p><\/blockquote>\n<p>El dinam\u00f3metro digital VFG es una versi\u00f3n avanzada de los <a href=\"https:\/\/www.acrn.fr\/categorie-produit\/dynamometres-et-bancs-pour-tests-qualite\/dynamometres-electroniques\"><span style=\"color: #ffffff;\">dinam\u00f3metros electr\u00f3nicos<\/span><\/a> AFG y BFG. De hecho, gracias a su intuitiva pantalla t\u00e1ctil y a sus innovadoras funciones, este modelo facilitar\u00e1 las necesidades de medici\u00f3n de su operador.<\/p>\n<p>El dinam\u00f3metro VFG puede utilizarse solo o con un banco de pruebas para realizar ensayos de tracci\u00f3n\/compresi\u00f3n en el laboratorio y en I+D.<\/p>\n<p>Este dinam\u00f3metro funciona con la versi\u00f3n de software Vector OS, as\u00ed como con la pantalla digital VFTI.<\/p>\n","protected":false},"featured_media":9328,"template":"","meta":{"_acf_changed":false,"_et_pb_use_builder":"","_et_pb_old_content":"","_et_gb_content_width":""},"product_brand":[],"product_cat":[211],"product_tag":[],"class_list":{"0":"post-10095","1":"product","2":"type-product","3":"status-publish","4":"has-post-thumbnail","6":"product_cat-dinamometros-electronicos","8":"first","9":"instock","10":"shipping-taxable","11":"purchasable","12":"product-type-simple"},"acf":[],"_links":{"self":[{"href":"https:\/\/www.acrn.fr\/es\/wp-json\/wp\/v2\/product\/10095","targetHints":{"allow":["GET"]}}],"collection":[{"href":"https:\/\/www.acrn.fr\/es\/wp-json\/wp\/v2\/product"}],"about":[{"href":"https:\/\/www.acrn.fr\/es\/wp-json\/wp\/v2\/types\/product"}],"wp:featuredmedia":[{"embeddable":true,"href":"https:\/\/www.acrn.fr\/es\/wp-json\/wp\/v2\/media\/9328"}],"wp:attachment":[{"href":"https:\/\/www.acrn.fr\/es\/wp-json\/wp\/v2\/media?parent=10095"}],"wp:term":[{"taxonomy":"product_brand","embeddable":true,"href":"https:\/\/www.acrn.fr\/es\/wp-json\/wp\/v2\/product_brand?post=10095"},{"taxonomy":"product_cat","embeddable":true,"href":"https:\/\/www.acrn.fr\/es\/wp-json\/wp\/v2\/product_cat?post=10095"},{"taxonomy":"product_tag","embeddable":true,"href":"https:\/\/www.acrn.fr\/es\/wp-json\/wp\/v2\/product_tag?post=10095"}],"curies":[{"name":"wp","href":"https:\/\/api.w.org\/{rel}","templated":true}]}}