{"id":10029,"date":"2022-09-06T08:56:26","date_gmt":"2022-09-06T06:56:26","guid":{"rendered":"https:\/\/www.acrn.fr\/product\/probador-de-bolsas-compresspack-y-de-sellos-doypack"},"modified":"2025-12-02T15:27:12","modified_gmt":"2025-12-02T14:27:12","slug":"compresspack","status":"publish","type":"product","link":"https:\/\/www.acrn.fr\/es\/producto\/compresspack\/","title":{"rendered":"Compres\u00edmetro CompressPack bolsita y doypack"},"content":{"rendered":"<p>El CompressPack es un medidor de resistencia a la compresi\u00f3n, ideal para comprobar la integridad de las soldaduras en una gran variedad de envases, como doypacks, bolsas y tubos. Con funciones avanzadas como las pruebas c\u00edclicas, manuales y de explosi\u00f3n, este equipo garantiza una validaci\u00f3n r\u00e1pida y eficaz de la calidad de la soldadura en la producci\u00f3n. Dise\u00f1ado para entornos industriales, el CompressPack, un verdadero compresi\u00f3metro, tambi\u00e9n es capaz de gestionar la trazabilidad de los datos y exportar los resultados para mejorar el an\u00e1lisis de conformidad.<\/p>\n<h3>Ventajas del compresi\u00f3metro CompressPack<\/h3>\n<p>He aqu\u00ed las diferentes ventajas del compresi\u00f3metro<\/p>\n<div class='content-column one_half'>&#8211; Interfaz digital t\u00e1ctil <strong>f\u00e1cil de usar<\/strong><br \/>\n&#8211; Dise\u00f1ado para muchos tipos de pruebas (prueba de fatiga, prueba de esfuerzo, prueba de rotura, prueba de fugas, etc.)<br \/>\n&#8211; <strong>Apto para entornos de producci\u00f3n<\/strong> gracias a su dise\u00f1o innovador e intuitivo<br \/>\n&#8211; Trazabilidad y validaci\u00f3n del cumplimiento de las pruebas; gesti\u00f3n del n\u00famero de lote; identificaci\u00f3n de usuarios con l\u00edmites de acceso<br \/>\n&#8211; <strong>Prensas r\u00e1pidamente intercambiables<\/strong> seg\u00fan el tipo de envase<br \/>\n&#8211; Mayor capacidad de limpieza gracias a su puerta de apertura m\u00faltiple o al uso de una pr\u00e1ctica bandeja de retenci\u00f3n para las pruebas de desarrollo<br \/>\n&#8211; <strong>Integridad de los datos<\/strong>: an\u00e1lisis\/exportaci\u00f3n de resultados avanzados (USB, TCPIP)<br \/>\n&#8211; Capacidad de autodiagn\u00f3stico (deriva del sensor,&#8230;)<br \/>\n&#8211; Gr\u00e1fico de depresi\u00f3n de la prueba simult\u00e1nea<br \/>\n&#8211; Caja de control desmontable para <strong>SAV f\u00e1cil<\/strong> pero tambi\u00e9n desmontable para entornos hostiles o desordenados.<\/div>\n<div class='content-column one_half last_column'><img decoding=\"async\" class=\"alignnone wp-image-9661 size-full\" src=\"https:\/\/www.acrn.fr\/wp-content\/uploads\/2022\/05\/CONCUpour.png\" alt=\"pictogramas normas iso astm\" width=\"400\" height=\"300\" srcset=\"https:\/\/www.acrn.fr\/wp-content\/uploads\/2022\/05\/CONCUpour.png 400w, https:\/\/www.acrn.fr\/wp-content\/uploads\/2022\/05\/CONCUpour-64x48.png 64w, https:\/\/www.acrn.fr\/wp-content\/uploads\/2022\/05\/CONCUpour-300x225.png 300w\" sizes=\"(max-width: 400px) 100vw, 400px\" \/><\/div><div class='clear_column'><\/div>\n<h3>Se pueden realizar diferentes pruebas:<\/h3>\n<p><strong><span style=\"color: #215876;\">La prueba de resistencia<\/span><\/strong><\/p>\n<p>Prueba su embalaje con la funci\u00f3n ciclo para comprobar la integridad de su embalaje.<\/p>\n<p><strong><span style=\"color: #215876;\">Pruebas c\u00edclicas<\/span><\/strong><\/p>\n<p>Realice una prueba de fuerza subiendo y bajando el cilindro neum\u00e1tico.<\/p>\n<p><strong><span style=\"color: #215876;\">Prueba manual\/presi\u00f3n interna<\/span><\/strong><\/p>\n<p>Realice una prueba paso a paso para facilitar la medici\u00f3n interna para una prueba fiable y precisa.<\/p>\n<p><strong><span style=\"color: #215876;\">La prueba de explosi\u00f3n<\/span><\/strong><\/p>\n<p>Realice una prueba con detecci\u00f3n del umbral de ruptura.<\/p>\n<p><strong><span style=\"color: #215876;\">Pruebas a medida<\/span><\/strong><\/p>\n<p>El CompressPack puede integrar un programa desarrollado espec\u00edficamente para el cliente (por ejemplo, un protocolo de prueba interno de un fabricante que puede desplegarse en todos los centros de producci\u00f3n mediante un archivo de origen en una llave USB).<\/p>\n<p><strong><span style=\"color: #215876;\">La prueba de la escalera<\/span><\/strong><\/p>\n<p>Realizar una prueba de desarrollo\/cualificaci\u00f3n para determinar los valores de conformidad de un producto.<\/p>\n<div class='content-column one_half'><h3>Tipos de envases<\/h3>\n<p><span style=\"color: #215876;\"><strong>Envases flexibles, semirr\u00edgidos y r\u00edgidos<\/strong><\/span><br \/><\/div>\n<div class='content-column one_half last_column'><img decoding=\"async\" class=\"alignnone wp-image-9903 size-full\" src=\"https:\/\/www.acrn.fr\/wp-content\/uploads\/2022\/09\/emballage-compresspack450x150.png\" alt=\"emballage-compressiometre\" width=\"450\" height=\"150\" srcset=\"https:\/\/www.acrn.fr\/wp-content\/uploads\/2022\/09\/emballage-compresspack450x150.png 450w, https:\/\/www.acrn.fr\/wp-content\/uploads\/2022\/09\/emballage-compresspack450x150-64x21.png 64w, https:\/\/www.acrn.fr\/wp-content\/uploads\/2022\/09\/emballage-compresspack450x150-300x100.png 300w\" sizes=\"(max-width: 450px) 100vw, 450px\" \/><\/div><div class='clear_column'><\/div>\n<h3>Especificaciones t\u00e9cnicas seg\u00fan la fuerza de apoyo:<\/h3>\n<table style=\"border-collapse: collapse; width: 92.5301%; height: 241px;\">\n<tbody>\n<tr style=\"height: 23px;\">\n<td style=\"width: 14.2857%; height: 23px; text-align: center;\"><\/td>\n<td style=\"width: 9.56755%; height: 23px; text-align: center;\">L75<\/td>\n<td style=\"width: 9.89501%; height: 23px; text-align: center;\">L190<\/td>\n<td style=\"width: 9.82963%; height: 23px; text-align: center;\">L300<\/td>\n<td style=\"width: 9.82959%; height: 23px; text-align: center;\">L1600<\/td>\n<td style=\"width: 9.76416%; height: 23px; text-align: center;\">L3000<\/td>\n<td style=\"width: 9.87868%; height: 23px; text-align: center;\">S190<\/td>\n<td style=\"width: 9.29861%; text-align: center;\">S300<\/td>\n<td style=\"width: 10.0065%; text-align: center;\">S1600<\/td>\n<\/tr>\n<tr style=\"height: 23px;\">\n<td style=\"width: 14.2857%; height: 23px; text-align: center;\">Fuerza m\u00ednima (daN)<\/p>\n<p>Presi\u00f3n m\u00ednima (bar)<\/td>\n<td style=\"width: 9.56755%; height: 23px; text-align: center;\">2<\/p>\n<p>0,2<\/td>\n<td style=\"width: 9.89501%; height: 23px; text-align: center;\">6<\/p>\n<p>0,2<\/td>\n<td style=\"width: 9.82963%; height: 23px; text-align: center;\">10<\/p>\n<p>0,2<\/td>\n<td style=\"width: 9.82959%; height: 23px; text-align: center;\">50<\/p>\n<p>0,2<\/td>\n<td style=\"width: 9.76416%; height: 23px; text-align: center;\">100<\/p>\n<p>0,2<\/td>\n<td style=\"width: 9.87868%; height: 23px; text-align: center;\">6<\/p>\n<p>0,2<\/td>\n<td style=\"width: 9.29861%; height: 23px; text-align: center;\">10<\/p>\n<p>0,2<\/td>\n<td style=\"width: 10.0065%; height: 23px; text-align: center;\">50<\/p>\n<p>0,2<\/td>\n<\/tr>\n<tr>\n<td style=\"width: 14.2857%; text-align: center;\">Fuerza est\u00e1ndar (daN)<\/p>\n<p>Est\u00e1ndar de presi\u00f3n (bar)<\/td>\n<td style=\"width: 9.56755%; text-align: center;\">75<\/p>\n<p>6<\/td>\n<td style=\"width: 9.89501%; text-align: center;\">190<\/p>\n<p>6<\/td>\n<td style=\"width: 9.82963%; text-align: center;\">300<\/p>\n<p>6<\/td>\n<td style=\"width: 9.82959%; text-align: center;\">1600<\/p>\n<p>6<\/td>\n<td style=\"width: 9.76416%; text-align: center;\">3000<\/p>\n<p>6<\/td>\n<td style=\"width: 9.87868%; text-align: center;\">190<\/p>\n<p>6<\/td>\n<td style=\"width: 9.29861%; text-align: center;\">300<\/p>\n<p>6<\/td>\n<td style=\"width: 10.0065%; text-align: center;\">1600<\/p>\n<p>6<\/td>\n<\/tr>\n<tr style=\"height: 103px;\">\n<td style=\"width: 14.2857%; height: 103px; text-align: center;\">Fuerza m\u00e1xima (daN)<\/p>\n<p>Presi\u00f3n m\u00e1xima (bar)<\/td>\n<td style=\"width: 9.56755%; height: 103px; text-align: center;\">100<\/p>\n<p>8<\/td>\n<td style=\"width: 9.89501%; height: 103px; text-align: center;\">250<\/p>\n<p>8<\/td>\n<td style=\"width: 9.82963%; height: 103px; text-align: center;\">400<\/p>\n<p>8<\/td>\n<td style=\"width: 9.82959%; height: 103px; text-align: center;\">2100<\/p>\n<p>8<\/td>\n<td style=\"width: 9.76416%; height: 103px; text-align: center;\">4000<\/p>\n<p>8<\/td>\n<td style=\"width: 9.87868%; height: 103px; text-align: center;\">250<\/p>\n<p>8<\/td>\n<td style=\"width: 9.29861%; height: 103px; text-align: center;\">400<\/p>\n<p>8<\/td>\n<td style=\"width: 10.0065%; height: 103px; text-align: center;\">2100<\/p>\n<p>8<\/td>\n<\/tr>\n<tr style=\"height: 23px;\">\n<td style=\"width: 14.2857%; height: 23px; text-align: center;\">Dimensiones externas (mm) (L*P*A)<\/td>\n<td style=\"width: 9.56755%; height: 23px; text-align: center;\">570*460*650<\/td>\n<td style=\"width: 9.89501%; height: 23px; text-align: center;\">570*460*650<\/td>\n<td style=\"width: 9.82963%; height: 23px; text-align: center;\">570*460*693<\/td>\n<td style=\"width: 9.82959%; height: 23px; text-align: center;\">570*460*727<\/td>\n<td style=\"width: 9.76416%; height: 23px; text-align: center;\">546*398*710<\/td>\n<td style=\"width: 9.87868%; height: 23px; text-align: center;\">380*460*449<\/td>\n<td style=\"width: 9.29861%; height: 23px; text-align: center;\">380*460*492<\/td>\n<td style=\"width: 10.0065%; height: 23px; text-align: center;\">380*460*526<\/td>\n<\/tr>\n<tr style=\"height: 23px;\">\n<td style=\"width: 14.2857%; height: 23px; text-align: center;\">Tama\u00f1o m\u00e1ximo de la muestra (mm) (L*P*A)<\/td>\n<td style=\"width: 9.56755%; height: 23px; text-align: center;\">340*270*185<\/td>\n<td style=\"width: 9.89501%; height: 23px; text-align: center;\">340*270*180<\/td>\n<td style=\"width: 9.82963%; height: 23px; text-align: center;\">340*270*160<\/td>\n<td style=\"width: 9.82959%; height: 23px; text-align: center;\">340*270*120<\/td>\n<td style=\"width: 9.76416%; height: 23px; text-align: center;\">340*270*110<\/td>\n<td style=\"width: 9.87868%; height: 23px; text-align: center;\">230*132*185<\/td>\n<td style=\"width: 9.29861%; height: 23px; text-align: center;\">230*132*165<\/td>\n<td style=\"width: 10.0065%; height: 23px; text-align: center;\">230*132*125<\/td>\n<\/tr>\n<\/tbody>\n<\/table>\n<p><iframe title=\"CompressPack \u2013 Seal Strength Tester for Flexible Packaging | ACRN\" width=\"1080\" height=\"608\" src=\"https:\/\/www.youtube.com\/embed\/rJB4z5ao3nw?feature=oembed&#038;enablejsapi=1&#038;origin=https:\/\/www.acrn.fr\"  allow=\"accelerometer; autoplay; clipboard-write; encrypted-media; gyroscope; picture-in-picture; web-share\" referrerpolicy=\"strict-origin-when-cross-origin\" allowfullscreen><\/iframe><\/p>\n<h3>El desarrollo de esta instalaci\u00f3n ha contado con el apoyo de la regi\u00f3n de Normand\u00eda.<\/h3>\n<p><img decoding=\"async\" class=\"alignnone wp-image-13951 size-medium\" src=\"https:\/\/www.acrn.fr\/wp-content\/uploads\/2024\/06\/LOGO-AD-NORMANDIE-300x115.png\" alt=\"logo normandie\" width=\"300\" height=\"115\" srcset=\"https:\/\/www.acrn.fr\/wp-content\/uploads\/2024\/06\/LOGO-AD-NORMANDIE-300x115.png 300w, https:\/\/www.acrn.fr\/wp-content\/uploads\/2024\/06\/LOGO-AD-NORMANDIE-64x25.png 64w, https:\/\/www.acrn.fr\/wp-content\/uploads\/2024\/06\/LOGO-AD-NORMANDIE.png 389w\" sizes=\"(max-width: 300px) 100vw, 300px\" \/><\/p>\n","protected":false},"excerpt":{"rendered":"<blockquote><p>Pruebe los sellos de sus envases en segundos<\/p><\/blockquote>\n<p>El CompressPack se utiliza para comprobar la integridad del sellado de los envases de pl\u00e1stico o metal, como los doypacks, los recambios de doypack, las bolsas y los tubos, directamente en la l\u00ednea de producci\u00f3n o en el laboratorio.<br \/>\nPuede utilizarse como complemento de los comprobadores de soldadura de tubos ATS.<\/p>\n<p>\u00bfPor qu\u00e9 probar las soldaduras? Durante el termosellado, pueden producirse defectos en la soldadura debido a las temperaturas del electrodo y a la presencia de impurezas.<br \/>\nLa realizaci\u00f3n de una prueba de aplastamiento permite comprobar la integridad de la soldadura de la muestra y, por tanto, la ausencia de fugas o microfugas. Esta prueba es esencial para validar el correcto sellado de sus muestras.<\/p>\n<p><a href=\"https:\/\/www.acrn.fr\/wp-content\/uploads\/2025\/11\/Datas_Tecnicas_COMPRESSPACK_ES-1.pdf\" target=\"_blank\" rel=\"noopener\">Ficha t\u00e9cnica de CompressPack<\/a><\/p>\n","protected":false},"featured_media":9868,"template":"","meta":{"_acf_changed":false,"_et_pb_use_builder":"","_et_pb_old_content":"","_et_gb_content_width":""},"product_brand":[],"product_cat":[213,206],"product_tag":[],"class_list":{"0":"post-10029","1":"product","2":"type-product","3":"status-publish","4":"has-post-thumbnail","6":"product_cat-trituradora-de-tubos","7":"product_cat-productos-inicio","9":"first","10":"instock","11":"shipping-taxable","12":"purchasable","13":"product-type-simple"},"acf":[],"_links":{"self":[{"href":"https:\/\/www.acrn.fr\/es\/wp-json\/wp\/v2\/product\/10029","targetHints":{"allow":["GET"]}}],"collection":[{"href":"https:\/\/www.acrn.fr\/es\/wp-json\/wp\/v2\/product"}],"about":[{"href":"https:\/\/www.acrn.fr\/es\/wp-json\/wp\/v2\/types\/product"}],"wp:featuredmedia":[{"embeddable":true,"href":"https:\/\/www.acrn.fr\/es\/wp-json\/wp\/v2\/media\/9868"}],"wp:attachment":[{"href":"https:\/\/www.acrn.fr\/es\/wp-json\/wp\/v2\/media?parent=10029"}],"wp:term":[{"taxonomy":"product_brand","embeddable":true,"href":"https:\/\/www.acrn.fr\/es\/wp-json\/wp\/v2\/product_brand?post=10029"},{"taxonomy":"product_cat","embeddable":true,"href":"https:\/\/www.acrn.fr\/es\/wp-json\/wp\/v2\/product_cat?post=10029"},{"taxonomy":"product_tag","embeddable":true,"href":"https:\/\/www.acrn.fr\/es\/wp-json\/wp\/v2\/product_tag?post=10029"}],"curies":[{"name":"wp","href":"https:\/\/api.w.org\/{rel}","templated":true}]}}