{"id":7553,"date":"2021-11-08T17:33:47","date_gmt":"2021-11-08T16:33:47","guid":{"rendered":"https:\/\/www.acrn.fr\/nuestras-gamas-de-productos"},"modified":"2026-04-20T11:02:38","modified_gmt":"2026-04-20T09:02:38","slug":"nuestras-gamas-de-productos","status":"publish","type":"page","link":"https:\/\/www.acrn.fr\/es\/nuestras-gamas-de-productos\/","title":{"rendered":"Nuestras gamas de productos"},"content":{"rendered":"<p>[et_pb_section fb_built=\u00bb1&#8243; _builder_version=\u00bb4.16&#8243; _module_preset=\u00bbdefault\u00bb global_colors_info=\u00bb{}\u00bb][et_pb_row _builder_version=\u00bb4.16&#8243; _module_preset=\u00bbdefault\u00bb global_colors_info=\u00bb{}\u00bb][et_pb_column type=\u00bb4_4&#8243; _builder_version=\u00bb4.16&#8243; _module_preset=\u00bbdefault\u00bb global_colors_info=\u00bb{}\u00bb][et_pb_text _builder_version=\u00bb4.16&#8243; text_font=\u00bb|600|||||||\u00bb text_line_height=\u00bb1.8em\u00bb header_font=\u00bb|700||on|||||\u00bb header_font_size=\u00bb60px\u00bb header_2_font=\u00bb|600||on|||||\u00bb header_2_font_size=\u00bb60px\u00bb header_4_font=\u00bb||||||||\u00bb header_4_text_color=\u00bb#295c7b\u00bb header_4_line_height=\u00bb1.4em\u00bb header_font_size_tablet=\u00bb\u00bb header_font_size_phone=\u00bb35px\u00bb header_font_size_last_edited=\u00bbon|phone\u00bb header_2_font_size_tablet=\u00bb60px\u00bb header_2_font_size_phone=\u00bb35px\u00bb header_2_font_size_last_edited=\u00bbon|desktop\u00bb header_4_font_size_tablet=\u00bb20px\u00bb header_4_font_size_phone=\u00bb14px\u00bb header_4_font_size_last_edited=\u00bbon|phone\u00bb locked=\u00bboff\u00bb global_colors_info=\u00bb{}\u00bb]<\/p>\n<h4>Nuestro equipo de control de calidad<\/h4>\n<h1>Nuestra gama de productos<\/h1>\n<p>[\/et_pb_text][\/et_pb_column][\/et_pb_row][et_pb_row _builder_version=\u00bb4.16&#8243; _module_preset=\u00bbdefault\u00bb global_colors_info=\u00bb{}\u00bb][et_pb_column type=\u00bb4_4&#8243; _builder_version=\u00bb4.16&#8243; _module_preset=\u00bbdefault\u00bb global_colors_info=\u00bb{}\u00bb][et_pb_text _builder_version=\u00bb4.27.4&#8243; _module_preset=\u00bbdefault\u00bb text_text_color=\u00bb#000000&#8243; global_colors_info=\u00bb{}\u00bb]<\/p>\n<p class=\"font-claude-response-body break-words whitespace-normal leading-[1.7]\">La medici\u00f3n del par de apriete es fundamental en numerosos procesos de control de calidad industrial: control del apriete de tapones, verificaci\u00f3n del par de desmontaje y validaci\u00f3n de herramientas de atornillado. ACRN ofrece una gama completa de instrumentos adaptados a cada necesidad: medidores de par de sobremesa, torqu\u00edmetros motorizados, llaves dinamom\u00e9tricas mec\u00e1nicas y electr\u00f3nicas, controladores de llaves y sensores de par para atornilladores.<\/p>\n<p class=\"font-claude-response-body break-words whitespace-normal leading-[1.7]\">Nuestros dispositivos cubren rangos de medici\u00f3n que van desde unos pocos mN\u00b7m hasta varios cientos de N\u00b7m, con niveles de precisi\u00f3n adecuados tanto para entornos de producci\u00f3n como para laboratorios de calibraci\u00f3n. Dise\u00f1ados para un uso diario intensivo, combinan robustez y repetibilidad.<\/p>\n<p>[\/et_pb_text][\/et_pb_column][\/et_pb_row][et_pb_row column_structure=\u00bb1_4,1_4,1_4,1_4&#8243; _builder_version=\u00bb4.16&#8243; _module_preset=\u00bbdefault\u00bb width=\u00bb90%\u00bb max_width=\u00bb1168px\u00bb global_colors_info=\u00bb{}\u00bb][et_pb_column type=\u00bb1_4&#8243; _builder_version=\u00bb4.16&#8243; _module_preset=\u00bbdefault\u00bb global_colors_info=\u00bb{}\u00bb][et_pb_image src=\u00bbhttps:\/\/www.acrn.fr\/wp-content\/uploads\/2021\/04\/couple2BLEU.png\u00bb alt=\u00bbMedici\u00f3n del par\u00bb url=\u00bbhttps:\/\/www.acrn.fr\/es\/medicion-del-par\/\u00bb align=\u00bbcenter\u00bb _builder_version=\u00bb4.27.4&#8243; _module_preset=\u00bbdefault\u00bb width=\u00bb100px\u00bb custom_margin=\u00bb||0px||false|false\u00bb custom_padding=\u00bb|0px|0px|0px|false|false\u00bb hover_transition_duration=\u00bb500ms\u00bb hover_enabled=\u00bb0&#8243; global_colors_info=\u00bb{}\u00bb transform_styles__hover_enabled=\u00bbon|hover\u00bb transform_scale__hover_enabled=\u00bbon|desktop\u00bb transform_translate__hover_enabled=\u00bbon|desktop\u00bb transform_rotate__hover_enabled=\u00bbon|hover\u00bb transform_skew__hover_enabled=\u00bbon|desktop\u00bb transform_origin__hover_enabled=\u00bbon|desktop\u00bb transform_rotate__hover=\u00bb0deg|0deg|45deg\u00bb sticky_enabled=\u00bb0&#8243;][\/et_pb_image][et_pb_text _builder_version=\u00bb4.27.4&#8243; _module_preset=\u00bbdefault\u00bb header_3_font=\u00bb|700||on|||||\u00bb header_3_text_color=\u00bb#295c7b\u00bb custom_margin=\u00bb0px|0px|0px|0px|false|false\u00bb custom_padding=\u00bb0px|0px|0px|0px|false|false\u00bb hover_transition_duration=\u00bb500ms\u00bb link_option_url=\u00bbhttps:\/\/www.acrn.fr\/es\/medicion-del-par\/\u00bb hover_enabled=\u00bb0&#8243; header_3_text_shadow_style=\u00bbpreset2&#8243; header_3_text_shadow_horizontal_length=\u00bb0.05em\u00bb header_3_text_shadow_vertical_length=\u00bb0.05em\u00bb header_3_text_shadow_color=\u00bb#ffffff\u00bb border_color_all=\u00bb#ffffff\u00bb global_colors_info=\u00bb{}\u00bb header_3_text_color__hover_enabled=\u00bbon|hover\u00bb header_3_text_color__hover=\u00bb#E09900&#8243; sticky_enabled=\u00bb0&#8243;]<\/p>\n<h3 style=\"text-align: center;\"><a href=\"https:\/\/www.acrn.fr\/es\/medicion-del-par\/\">Medici\u00f3n del par<\/a><\/h3>\n<p>[\/et_pb_text][\/et_pb_column][et_pb_column type=\u00bb1_4&#8243; _builder_version=\u00bb4.16&#8243; _module_preset=\u00bbdefault\u00bb global_colors_info=\u00bb{}\u00bb][et_pb_image src=\u00bbhttps:\/\/www.acrn.fr\/wp-content\/uploads\/2021\/04\/dynamometreBLEU.png\u00bb alt=\u00bbFuerza y torsi\u00f3n\u00bb url=\u00bbhttps:\/\/www.acrn.fr\/es\/medicion-de-la-fuerza\/\u00bb align=\u00bbcenter\u00bb _builder_version=\u00bb4.27.4&#8243; _module_preset=\u00bbdefault\u00bb width=\u00bb100px\u00bb custom_margin=\u00bb||0px||false|false\u00bb custom_padding=\u00bb|0px|0px|0px|false|false\u00bb hover_transition_duration=\u00bb500ms\u00bb hover_enabled=\u00bb0&#8243; global_colors_info=\u00bb{}\u00bb transform_styles__hover_enabled=\u00bbon|hover\u00bb transform_scale__hover_enabled=\u00bbon|desktop\u00bb transform_translate__hover_enabled=\u00bbon|desktop\u00bb transform_rotate__hover_enabled=\u00bbon|hover\u00bb transform_skew__hover_enabled=\u00bbon|desktop\u00bb transform_origin__hover_enabled=\u00bbon|desktop\u00bb transform_rotate__hover=\u00bb0deg|0deg|-45deg\u00bb sticky_enabled=\u00bb0&#8243;][\/et_pb_image][et_pb_text _builder_version=\u00bb4.27.4&#8243; _module_preset=\u00bbdefault\u00bb header_3_font=\u00bb|700||on|||||\u00bb header_3_text_color=\u00bb#295c7b\u00bb custom_margin=\u00bb0px|0px|0px|0px|false|false\u00bb custom_padding=\u00bb0px|0px|0px|0px|false|false\u00bb hover_transition_duration=\u00bb500ms\u00bb link_option_url=\u00bbhttps:\/\/www.acrn.fr\/es\/medicion-de-la-fuerza\/\u00bb hover_enabled=\u00bb0&#8243; header_3_text_shadow_style=\u00bbpreset2&#8243; header_3_text_shadow_horizontal_length=\u00bb0.05em\u00bb header_3_text_shadow_vertical_length=\u00bb0.05em\u00bb header_3_text_shadow_color=\u00bb#ffffff\u00bb border_color_all=\u00bb#ffffff\u00bb global_colors_info=\u00bb{}\u00bb header_3_text_color__hover_enabled=\u00bbon|hover\u00bb header_3_text_color__hover=\u00bb#E09900&#8243; sticky_enabled=\u00bb0&#8243;]<\/p>\n<h3 style=\"text-align: center;\"><a href=\"https:\/\/www.acrn.fr\/es\/medicion-de-la-fuerza\/\">Fuerza y torsi\u00f3n<\/a><\/h3>\n<p>[\/et_pb_text][\/et_pb_column][et_pb_column type=\u00bb1_4&#8243; _builder_version=\u00bb4.16&#8243; _module_preset=\u00bbdefault\u00bb global_colors_info=\u00bb{}\u00bb][et_pb_image src=\u00bbhttps:\/\/www.acrn.fr\/wp-content\/uploads\/2021\/04\/etancheite-3.png\u00bb alt=\u00bbEstanqueidad y fugas\u00bb url=\u00bbhttps:\/\/www.acrn.fr\/es\/prueba-de-estanqueidad-de-envases\/\u00bb align=\u00bbcenter\u00bb _builder_version=\u00bb4.27.4&#8243; _module_preset=\u00bbdefault\u00bb width=\u00bb100px\u00bb custom_margin=\u00bb||0px||false|false\u00bb custom_padding=\u00bb|0px|0px|0px|false|false\u00bb hover_transition_duration=\u00bb500ms\u00bb hover_enabled=\u00bb0&#8243; global_colors_info=\u00bb{}\u00bb transform_styles__hover_enabled=\u00bbon|hover\u00bb transform_scale__hover_enabled=\u00bbon|hover\u00bb transform_translate__hover_enabled=\u00bbon|desktop\u00bb transform_rotate__hover_enabled=\u00bbon|desktop\u00bb transform_skew__hover_enabled=\u00bbon|desktop\u00bb transform_origin__hover_enabled=\u00bbon|desktop\u00bb transform_rotate__hover=\u00bb0deg|0deg|45deg\u00bb sticky_enabled=\u00bb0&#8243;][\/et_pb_image][et_pb_text _builder_version=\u00bb4.27.4&#8243; _module_preset=\u00bbdefault\u00bb header_3_font=\u00bb|700||on|||||\u00bb header_3_text_color=\u00bb#295c7b\u00bb custom_margin=\u00bb0px|0px|0px|0px|false|false\u00bb custom_padding=\u00bb0px|0px|0px|0px|false|false\u00bb hover_transition_duration=\u00bb500ms\u00bb link_option_url=\u00bbhttps:\/\/www.acrn.fr\/es\/prueba-de-estanqueidad-de-envases\/\u00bb hover_enabled=\u00bb0&#8243; header_3_text_shadow_style=\u00bbpreset2&#8243; header_3_text_shadow_horizontal_length=\u00bb0.05em\u00bb header_3_text_shadow_vertical_length=\u00bb0.05em\u00bb header_3_text_shadow_color=\u00bb#ffffff\u00bb border_color_all=\u00bb#ffffff\u00bb global_colors_info=\u00bb{}\u00bb header_3_text_color__hover_enabled=\u00bbon|hover\u00bb header_3_text_color__hover=\u00bb#E09900&#8243; sticky_enabled=\u00bb0&#8243;]<\/p>\n<h3 style=\"text-align: center;\"><a href=\"https:\/\/www.acrn.fr\/es\/prueba-de-estanqueidad-de-envases\/\">Pruebas de fugas y estanqueidad<\/a><\/h3>\n<p>[\/et_pb_text][\/et_pb_column][et_pb_column type=\u00bb1_4&#8243; _builder_version=\u00bb4.16&#8243; _module_preset=\u00bbdefault\u00bb global_colors_info=\u00bb{}\u00bb][et_pb_image src=\u00bbhttps:\/\/www.acrn.fr\/wp-content\/uploads\/2021\/04\/cellule-en-s.png\u00bb alt=\u00bbC\u00e9lula S\u00bb url=\u00bbhttps:\/\/www.acrn.fr\/es\/sensores-e-instrumentacion\/\u00bb align=\u00bbcenter\u00bb _builder_version=\u00bb4.27.4&#8243; _module_preset=\u00bbdefault\u00bb width=\u00bb100px\u00bb custom_margin=\u00bb||0px||false|false\u00bb custom_padding=\u00bb|0px|0px|0px|false|false\u00bb hover_transition_duration=\u00bb500ms\u00bb hover_enabled=\u00bb0&#8243; global_colors_info=\u00bb{}\u00bb transform_styles__hover_enabled=\u00bbon|hover\u00bb transform_scale__hover_enabled=\u00bbon|desktop\u00bb transform_translate__hover_enabled=\u00bbon|desktop\u00bb transform_rotate__hover_enabled=\u00bbon|hover\u00bb transform_skew__hover_enabled=\u00bbon|desktop\u00bb transform_origin__hover_enabled=\u00bbon|desktop\u00bb transform_rotate__hover=\u00bb0deg|0deg|-45deg\u00bb sticky_enabled=\u00bb0&#8243;][\/et_pb_image][et_pb_text _builder_version=\u00bb4.27.4&#8243; _module_preset=\u00bbdefault\u00bb header_3_font=\u00bb|700||on|||||\u00bb header_3_text_color=\u00bb#295c7b\u00bb custom_margin=\u00bb0px|-20px|0px|-20px|false|false\u00bb custom_padding=\u00bb0px|0px|0px|0px|false|false\u00bb hover_transition_duration=\u00bb500ms\u00bb link_option_url=\u00bbhttps:\/\/www.acrn.fr\/es\/sensores-e-instrumentacion\/\u00bb hover_enabled=\u00bb0&#8243; header_3_text_shadow_style=\u00bbpreset2&#8243; header_3_text_shadow_horizontal_length=\u00bb0.05em\u00bb header_3_text_shadow_vertical_length=\u00bb0.05em\u00bb header_3_text_shadow_color=\u00bb#ffffff\u00bb border_color_all=\u00bb#ffffff\u00bb global_colors_info=\u00bb{}\u00bb header_3_text_color__hover_enabled=\u00bbon|hover\u00bb header_3_text_color__hover=\u00bb#E09900&#8243; sticky_enabled=\u00bb0&#8243;]<\/p>\n<h3 style=\"text-align: center;\"><a href=\"https:\/\/www.acrn.fr\/es\/sensores-e-instrumentacion\/\">Instrumentaci\u00f3n y sensores<\/a><\/h3>\n<p>[\/et_pb_text][\/et_pb_column][\/et_pb_row][et_pb_row _builder_version=\u00bb4.16&#8243; _module_preset=\u00bbdefault\u00bb global_colors_info=\u00bb{}\u00bb][et_pb_column type=\u00bb4_4&#8243; _builder_version=\u00bb4.16&#8243; _module_preset=\u00bbdefault\u00bb global_colors_info=\u00bb{}\u00bb][et_pb_text _builder_version=\u00bb4.27.4&#8243; _module_preset=\u00bbdefault\u00bb text_text_color=\u00bb#000000&#8243; header_2_font=\u00bbheavitas||||||||\u00bb header_2_text_color=\u00bb#000000&#8243; global_colors_info=\u00bb{}\u00bb]<\/p>\n<h2>La medici\u00f3n del par<\/h2>\n<p class=\"font-claude-response-body break-words whitespace-normal leading-[1.7]\">La medici\u00f3n del par de apriete es fundamental en numerosos procesos de control de calidad industrial: control del apriete de tapones, verificaci\u00f3n del par de desmontaje y validaci\u00f3n de herramientas de atornillado. ACRN ofrece una gama completa de instrumentos adaptados a cada necesidad: medidores de par de sobremesa, torqu\u00edmetros motorizados, llaves dinamom\u00e9tricas mec\u00e1nicas y electr\u00f3nicas, controladores de llaves y sensores de par para atornilladores.<\/p>\n<p class=\"font-claude-response-body break-words whitespace-normal leading-[1.7]\">Nuestros dispositivos cubren rangos de medici\u00f3n que van desde unos pocos mN\u00b7m hasta varios cientos de N\u00b7m, con niveles de precisi\u00f3n adecuados tanto para entornos de producci\u00f3n como para laboratorios de calibraci\u00f3n. Dise\u00f1ados para un uso diario intensivo, combinan robustez y repetibilidad.<\/p>\n<p>[\/et_pb_text][et_pb_text _builder_version=\u00bb4.27.4&#8243; _module_preset=\u00bbdefault\u00bb text_text_color=\u00bb#000000&#8243; header_2_font=\u00bbheavitas||||||||\u00bb header_2_text_color=\u00bb#000000&#8243; locked=\u00bboff\u00bb global_colors_info=\u00bb{}\u00bb]<\/p>\n<h2>Fuerza y torsi\u00f3n<\/h2>\n<p class=\"font-claude-response-body break-words whitespace-normal leading-[1.7]\">La medici\u00f3n de la fuerza se utiliza en diversas aplicaciones: ensayos de resistencia a la tracci\u00f3n, control de la fuerza de apertura, medici\u00f3n de la compresi\u00f3n y verificaci\u00f3n de soldaduras o engastados. ACRN distribuye y desarrolla una gama de dinam\u00f3metros mec\u00e1nicos y electr\u00f3nicos, pesas, c\u00e9lulas de carga y bancos de tracci\u00f3n\/compresi\u00f3n para cubrir todas estas aplicaciones.<\/p>\n<p class=\"font-claude-response-body break-words whitespace-normal leading-[1.7]\">Tanto si necesita un dispositivo port\u00e1til para realizar controles sobre el terreno como un banco motorizado para ensayos repetitivos en laboratorio, nuestras soluciones se adaptan a sus requisitos en cuanto a rango de medici\u00f3n, precisi\u00f3n y entorno de trabajo.<\/p>\n<p>[\/et_pb_text][et_pb_text _builder_version=\u00bb4.27.4&#8243; _module_preset=\u00bbdefault\u00bb text_text_color=\u00bb#000000&#8243; header_2_font=\u00bbheavitas||||||||\u00bb header_2_text_color=\u00bb#000000&#8243; locked=\u00bboff\u00bb global_colors_info=\u00bb{}\u00bb]<\/p>\n<h2>Pruebas de fugas y estanqueidad<\/h2>\n<p class=\"font-claude-response-body break-words whitespace-normal leading-[1.7]\">El control de la estanqueidad de los envases es una etapa fundamental en las industrias cosm\u00e9tica, farmac\u00e9utica y agroalimentaria. ACRN ofrece equipos especializados para detectar fugas y verificar la integridad de los envases: c\u00e1maras de vac\u00edo que cumplen con las normas ASTM D3078 y D6653, comprobadores de soldaduras para tubos, envases tipo \u00abdoypack\u00bb y bolsas flexibles, as\u00ed como compres\u00f3metros para bolsitas.<\/p>\n<p class=\"font-claude-response-body break-words whitespace-normal leading-[1.7]\">Estos dispositivos permiten detectar r\u00e1pidamente las fugas antes de la comercializaci\u00f3n, reducir los casos de incumplimiento y garantizar la seguridad de los productos envasados. Se utilizan tanto en el control de entrada como en el de salida de la l\u00ednea de producci\u00f3n.<\/p>\n<p>[\/et_pb_text][et_pb_text _builder_version=\u00bb4.27.4&#8243; _module_preset=\u00bbdefault\u00bb text_text_color=\u00bb#000000&#8243; header_2_font=\u00bbheavitas||||||||\u00bb header_2_text_color=\u00bb#000000&#8243; locked=\u00bboff\u00bb global_colors_info=\u00bb{}\u00bb]<\/p>\n<h2>Instrumentaci\u00f3n y sensores<\/h2>\n<p class=\"font-claude-response-body break-words whitespace-normal leading-[1.7]\">Los sensores de fuerza, las c\u00e9lulas de carga, las consolas de medici\u00f3n y los dispositivos de conectividad conforman la gama de instrumentaci\u00f3n de ACRN. Estos componentes sirven para complementar o conectarse con los equipos de medici\u00f3n existentes en sus instalaciones, con el fin de centralizar los datos, automatizar las lecturas o integrar la medici\u00f3n directamente en sus procesos de fabricaci\u00f3n.<\/p>\n<p class=\"font-claude-response-body break-words whitespace-normal leading-[1.7]\">Nuestros sensores abarcan desde cargas muy peque\u00f1as hasta capacidades elevadas, con niveles de precisi\u00f3n que cumplen los requisitos de los laboratorios de calibraci\u00f3n. Las consolas de medici\u00f3n compatibles permiten visualizar, registrar y transferir los valores a sus sistemas de calidad.<\/p>\n<p>[\/et_pb_text][\/et_pb_column][\/et_pb_row][et_pb_row _builder_version=\u00bb4.16&#8243; _module_preset=\u00bbdefault\u00bb custom_padding=\u00bb70px|||||\u00bb global_colors_info=\u00bb{}\u00bb][et_pb_column type=\u00bb4_4&#8243; _builder_version=\u00bb4.16&#8243; _module_preset=\u00bbdefault\u00bb global_colors_info=\u00bb{}\u00bb][et_pb_text _builder_version=\u00bb4.16&#8243; text_font=\u00bb||||||||\u00bb header_font=\u00bb|700||on|||||\u00bb header_text_color=\u00bb#f7f7f7&#8243; header_line_height=\u00bb1.3em\u00bb header_2_font=\u00bb|700||on|||||\u00bb header_2_text_align=\u00bbcenter\u00bb header_2_text_color=\u00bb#295c7b\u00bb width=\u00bb100%\u00bb custom_margin=\u00bb|111px|40px|||\u00bb custom_padding=\u00bb|||0px||\u00bb animation_style=\u00bbfade\u00bb header_font_size_last_edited=\u00bboff|desktop\u00bb locked=\u00bboff\u00bb global_colors_info=\u00bb{}\u00bb]<\/p>\n<h2>Nuestros productos estrella<\/h2>\n<p>[\/et_pb_text][et_pb_shop type=\u00bbproduct_category\u00bb posts_number=\u00bb8&#8243; include_categories=\u00bb181&#8243; _builder_version=\u00bb4.16&#8243; _module_preset=\u00bbdefault\u00bb global_colors_info=\u00bb{}\u00bb][\/et_pb_shop][\/et_pb_column][\/et_pb_row][et_pb_row _builder_version=\u00bb4.27.4&#8243; _module_preset=\u00bbdefault\u00bb global_colors_info=\u00bb{}\u00bb][et_pb_column type=\u00bb4_4&#8243; _builder_version=\u00bb4.27.4&#8243; _module_preset=\u00bbdefault\u00bb global_colors_info=\u00bb{}\u00bb][et_pb_text _builder_version=\u00bb4.27.4&#8243; _module_preset=\u00bbdefault\u00bb text_text_color=\u00bb#000000&#8243; header_2_font=\u00bbheavitas||||||||\u00bb header_2_text_color=\u00bb#000000&#8243; global_colors_info=\u00bb{}\u00bb]<\/p>\n<h2>\u00bfPor qu\u00e9 ACRN?<\/h2>\n<p class=\"font-claude-response-body break-words whitespace-normal leading-[1.7]\"><strong>Equipos dise\u00f1ados y fabricados en Francia<\/strong> ACRN fabrica sus propios instrumentos en sus talleres de Normand\u00eda. Este dominio de la fabricaci\u00f3n nos permite garantizar la calidad de cada aparato, asegurar plazos de entrega controlados y ofrecer soluciones a medida para las necesidades espec\u00edficas de nuestros clientes.<\/p>\n<p class=\"font-claude-response-body break-words whitespace-normal leading-[1.7]\"><strong>Un servicio posventa eficaz<\/strong> Nuestros t\u00e9cnicos se encargan del mantenimiento, la reparaci\u00f3n y la calibraci\u00f3n de todos nuestros equipos. Con sede en Francia, intervienen r\u00e1pidamente para reducir al m\u00ednimo los tiempos de inactividad de sus instrumentos y garantizar la continuidad de sus controles de calidad.<\/p>\n<p class=\"font-claude-response-body break-words whitespace-normal leading-[1.7]\"><strong>Acompa\u00f1amiento desde el an\u00e1lisis hasta la implementaci\u00f3n<\/strong> Cada proyecto comienza con un an\u00e1lisis de tus necesidades. Nuestros ingenieros le asesorar\u00e1n a la hora de elegir la soluci\u00f3n m\u00e1s adecuada a sus requisitos t\u00e9cnicos, normativos y presupuestarios, y le acompa\u00f1ar\u00e1n hasta la puesta en marcha in situ.<\/p>\n<p>[\/et_pb_text][\/et_pb_column][\/et_pb_row][et_pb_row _builder_version=\u00bb4.16&#8243; _module_preset=\u00bbdefault\u00bb global_colors_info=\u00bb{}\u00bb][et_pb_column type=\u00bb4_4&#8243; _builder_version=\u00bb4.16&#8243; _module_preset=\u00bbdefault\u00bb global_colors_info=\u00bb{}\u00bb][et_pb_text _builder_version=\u00bb4.16&#8243; _module_preset=\u00bbdefault\u00bb text_font_size=\u00bb18px\u00bb global_colors_info=\u00bb{}\u00bb]<\/p>\n<p style=\"text-align: center;\">\u00bfUna necesidad espec\u00edfica? \u00bfNecesita orientaci\u00f3n o informaci\u00f3n personal? <\/p>\n<p>[\/et_pb_text][\/et_pb_column][\/et_pb_row][et_pb_row _builder_version=\u00bb4.16&#8243; _module_preset=\u00bbdefault\u00bb global_colors_info=\u00bb{}\u00bb][et_pb_column type=\u00bb4_4&#8243; _builder_version=\u00bb4.16&#8243; _module_preset=\u00bbdefault\u00bb global_colors_info=\u00bb{}\u00bb][et_pb_button button_url=\u00bbhttps:\/\/www.acrn.fr\/es\/contacte-con-nosotros\/\u00bb button_text=\u00bbContacte con nosotros\u00bb button_alignment=\u00bbcenter\u00bb _builder_version=\u00bb4.16&#8243; custom_button=\u00bbon\u00bb button_text_size=\u00bb24px\u00bb button_text_color=\u00bb#ffffff\u00bb button_bg_color=\u00bb#295c7b\u00bb button_border_width=\u00bb2px\u00bb button_border_color=\u00bb#ffffff\u00bb button_border_radius=\u00bb5px\u00bb button_letter_spacing=\u00bb2px\u00bb button_font=\u00bb|600||||on|||\u00bb button_icon=\u00bb&#x49;||divi||400&#8243; button_icon_color=\u00bb#295c7b\u00bb animation_style=\u00bbfade\u00bb button_text_color_hover=\u00bb#ffffff\u00bb button_border_color_hover=\u00bb#ffffff\u00bb button_letter_spacing_hover=\u00bb2px\u00bb button_bg_color_hover=\u00bbrgba(0,0,0,0)\u00bb locked=\u00bboff\u00bb global_colors_info=\u00bb{}\u00bb button_text_size__hover_enabled=\u00bboff\u00bb button_one_text_size__hover_enabled=\u00bboff\u00bb button_two_text_size__hover_enabled=\u00bboff\u00bb button_text_color__hover_enabled=\u00bbon|desktop\u00bb button_text_color__hover=\u00bb#295c7b\u00bb button_one_text_color__hover_enabled=\u00bboff\u00bb button_two_text_color__hover_enabled=\u00bboff\u00bb button_border_width__hover_enabled=\u00bboff\u00bb button_one_border_width__hover_enabled=\u00bboff\u00bb button_two_border_width__hover_enabled=\u00bboff\u00bb button_border_color__hover_enabled=\u00bbon\u00bb button_border_color__hover=\u00bb#ffffff\u00bb button_one_border_color__hover_enabled=\u00bboff\u00bb button_two_border_color__hover_enabled=\u00bboff\u00bb button_border_radius__hover_enabled=\u00bboff\u00bb button_one_border_radius__hover_enabled=\u00bboff\u00bb button_two_border_radius__hover_enabled=\u00bboff\u00bb button_letter_spacing__hover_enabled=\u00bbon\u00bb button_letter_spacing__hover=\u00bb2px\u00bb button_one_letter_spacing__hover_enabled=\u00bboff\u00bb button_two_letter_spacing__hover_enabled=\u00bboff\u00bb button_bg_color__hover_enabled=\u00bbon|hover\u00bb button_bg_color__hover=\u00bbrgba(0,0,0,0)\u00bb button_one_bg_color__hover_enabled=\u00bboff\u00bb button_two_bg_color__hover_enabled=\u00bboff\u00bb button_bg_color_gradient_end__hover=\u00bb#ffffff\u00bb button_bg_use_color_gradient__hover=\u00bbon\u00bb button_bg_color_gradient_direction__hover=\u00bb90deg\u00bb button_bg_color_gradient_start__hover=\u00bb#95cceb\u00bb button_bg_color_gradient_stops__hover=\u00bb#95cceb 0%|#ffffff 100%\u00bb][\/et_pb_button][\/et_pb_column][\/et_pb_row][\/et_pb_section]<\/p>\n","protected":false},"excerpt":{"rendered":"<p>Nuestro equipo de control de calidad Nuestra gama de productosLa medici\u00f3n del par de apriete es fundamental en numerosos procesos de control de calidad industrial: control del apriete de tapones, verificaci\u00f3n del par de desmontaje y validaci\u00f3n de herramientas de atornillado. ACRN ofrece una gama completa de instrumentos adaptados a cada necesidad: medidores de par [&hellip;]<\/p>\n","protected":false},"author":1,"featured_media":0,"parent":0,"menu_order":0,"comment_status":"closed","ping_status":"closed","template":"","meta":{"_acf_changed":false,"_et_pb_use_builder":"on","_et_pb_old_content":"","_et_gb_content_width":"","footnotes":""},"dipi_cpt_category":[],"class_list":["post-7553","page","type-page","status-publish","hentry"],"acf":[],"_links":{"self":[{"href":"https:\/\/www.acrn.fr\/es\/wp-json\/wp\/v2\/pages\/7553","targetHints":{"allow":["GET"]}}],"collection":[{"href":"https:\/\/www.acrn.fr\/es\/wp-json\/wp\/v2\/pages"}],"about":[{"href":"https:\/\/www.acrn.fr\/es\/wp-json\/wp\/v2\/types\/page"}],"author":[{"embeddable":true,"href":"https:\/\/www.acrn.fr\/es\/wp-json\/wp\/v2\/users\/1"}],"replies":[{"embeddable":true,"href":"https:\/\/www.acrn.fr\/es\/wp-json\/wp\/v2\/comments?post=7553"}],"version-history":[{"count":6,"href":"https:\/\/www.acrn.fr\/es\/wp-json\/wp\/v2\/pages\/7553\/revisions"}],"predecessor-version":[{"id":23973,"href":"https:\/\/www.acrn.fr\/es\/wp-json\/wp\/v2\/pages\/7553\/revisions\/23973"}],"wp:attachment":[{"href":"https:\/\/www.acrn.fr\/es\/wp-json\/wp\/v2\/media?parent=7553"}],"wp:term":[{"taxonomy":"dipi_cpt_category","embeddable":true,"href":"https:\/\/www.acrn.fr\/es\/wp-json\/wp\/v2\/dipi_cpt_category?post=7553"}],"curies":[{"name":"wp","href":"https:\/\/api.w.org\/{rel}","templated":true}]}}