{"id":7548,"date":"2021-11-08T17:23:47","date_gmt":"2021-11-08T16:23:47","guid":{"rendered":"https:\/\/www.acrn.fr\/calibracion-y-metrologia"},"modified":"2025-09-09T14:06:36","modified_gmt":"2025-09-09T12:06:36","slug":"calibracion-y-metrologia","status":"publish","type":"page","link":"https:\/\/www.acrn.fr\/es\/calibracion-y-metrologia\/","title":{"rendered":"Calibraci\u00f3n y metrolog\u00eda"},"content":{"rendered":"<p>[et_pb_section fb_built=\u00bb1&#8243; _builder_version=\u00bb4.16&#8243; _module_preset=\u00bbdefault\u00bb background_color=\u00bb#eeeeee\u00bb custom_padding=\u00bb40px||5px|||\u00bb global_colors_info=\u00bb{}\u00bb][et_pb_row _builder_version=\u00bb4.16&#8243; _module_preset=\u00bbdefault\u00bb custom_padding=\u00bb||50px||false|false\u00bb global_colors_info=\u00bb{}\u00bb][et_pb_column type=\u00bb4_4&#8243; _builder_version=\u00bb4.16&#8243; _module_preset=\u00bbdefault\u00bb global_colors_info=\u00bb{}\u00bb][et_pb_text _builder_version=\u00bb4.16&#8243; text_font=\u00bb|600|||||||\u00bb text_line_height=\u00bb1.8em\u00bb header_font=\u00bb|700||on|||||\u00bb header_font_size=\u00bb60px\u00bb header_2_font=\u00bb|600||on|||||\u00bb header_2_font_size=\u00bb60px\u00bb header_4_font=\u00bb||||||||\u00bb header_4_text_color=\u00bb#295c7b\u00bb header_4_line_height=\u00bb1.4em\u00bb custom_padding=\u00bb||13px|||\u00bb header_font_size_tablet=\u00bb\u00bb header_font_size_phone=\u00bb35px\u00bb header_font_size_last_edited=\u00bbon|phone\u00bb header_2_font_size_tablet=\u00bb60px\u00bb header_2_font_size_phone=\u00bb35px\u00bb header_2_font_size_last_edited=\u00bbon|desktop\u00bb header_4_font_size_tablet=\u00bb20px\u00bb header_4_font_size_phone=\u00bb14px\u00bb header_4_font_size_last_edited=\u00bbon|phone\u00bb locked=\u00bboff\u00bb global_colors_info=\u00bb{}\u00bb]<\/p>\n<h4>Nuestra experiencia<\/h4>\n<h1>Calibraci\u00f3n <\/h1>\n<p>[\/et_pb_text][\/et_pb_column][\/et_pb_row][\/et_pb_section][et_pb_section fb_built=\u00bb1&#8243; admin_label=\u00bbService Section\u00bb _builder_version=\u00bb4.16&#8243; background_color=\u00bb#eeeeee\u00bb min_height=\u00bb543.1px\u00bb custom_margin=\u00bb|||\u00bb custom_padding=\u00bb0px||60px||false|false\u00bb bottom_divider_style=\u00bbramp2&#8243; bottom_divider_color=\u00bb#ffffff\u00bb bottom_divider_flip=\u00bbvertical\u00bb global_colors_info=\u00bb{}\u00bb][et_pb_row column_structure=\u00bb3_5,2_5&#8243; use_custom_gutter=\u00bbon\u00bb gutter_width=\u00bb2&#8243; make_equal=\u00bbon\u00bb custom_padding_last_edited=\u00bbon|phone\u00bb module_class=\u00bb et_pb_row_fullwidth\u00bb _builder_version=\u00bb4.16&#8243; background_enable_color=\u00bboff\u00bb background_image=\u00bbhttps:\/\/www.acrn.fr\/wp-content\/uploads\/2020\/09\/circle-background-pattern.png\u00bb width=\u00bb100%\u00bb width_tablet=\u00bb100%\u00bb width_phone=\u00bb\u00bb width_last_edited=\u00bbon|desktop\u00bb max_width=\u00bb100%\u00bb max_width_tablet=\u00bb100%\u00bb max_width_phone=\u00bb\u00bb max_width_last_edited=\u00bbon|desktop\u00bb custom_padding=\u00bb0px|30px|54px||false|false\u00bb custom_padding_tablet=\u00bb\u00bb custom_padding_phone=\u00bb|12px||12px|false|false\u00bb animation_direction=\u00bbtop\u00bb hover_transition_speed_curve=\u00bbease-out\u00bb make_fullwidth=\u00bbon\u00bb global_colors_info=\u00bb{}\u00bb][et_pb_column type=\u00bb3_5&#8243; _builder_version=\u00bb4.16&#8243; custom_padding=\u00bb2%|4px|2%|4%|false|false\u00bb global_colors_info=\u00bb{}\u00bb custom_padding__hover=\u00bb|||\u00bb][et_pb_text _builder_version=\u00bb4.16&#8243; text_font=\u00bb||||||||\u00bb text_text_color=\u00bb#333333&#8243; text_font_size=\u00bb18px\u00bb text_line_height=\u00bb1.8em\u00bb header_font=\u00bb||||||||\u00bb header_text_color=\u00bb#333333&#8243; custom_margin=\u00bb||-4px|||\u00bb custom_padding=\u00bb|30px|||false|false\u00bb animation_style=\u00bbslide\u00bb animation_direction=\u00bbtop\u00bb animation_intensity_slide=\u00bb17%\u00bb locked=\u00bboff\u00bb global_colors_info=\u00bb{}\u00bb]<\/p>\n<p>Equipada con un laboratorio de metrolog\u00eda desde 2012, ACRN ofrece un servicio de calibraci\u00f3n adem\u00e1s de la venta de equipos.<\/p>\n<p>Los campos f\u00edsicos que cubre el laboratorio son<\/p>\n<ul>\n<li>Medici\u00f3n de fuerza y par en tensi\u00f3n\/compresi\u00f3n,<\/li>\n<li>Medici\u00f3n del par,<\/li>\n<li>Llaves dinamom\u00e9tricas y destornilladores,<\/li>\n<li>Torqu\u00edmetros,<\/li>\n<li>Metrolog\u00eda dimensional,<\/li>\n<li>Medici\u00f3n de presi\u00f3n y vac\u00edo.<\/li>\n<\/ul>\n<p>Algunos ejemplos de equipos: llaves din\u00e1micas y destornilladores, banco de tracci\u00f3n&#8230;.<\/p>\n<p>Adem\u00e1s de nuestros propios modelos, podemos calibrar muchos otros equipos del mercado, incluidos los de nuestro socio Mecmesin.<\/p>\n<p>[\/et_pb_text][\/et_pb_column][et_pb_column type=\u00bb2_5&#8243; _builder_version=\u00bb4.16&#8243; background_color=\u00bb#295c7b\u00bb background_enable_image=\u00bboff\u00bb custom_padding=\u00bb50px|20px|20px|40px|false|false\u00bb hover_transition_duration=\u00bb500ms\u00bb hover_transition_delay=\u00bb100ms\u00bb hover_transition_speed_curve=\u00bblinear\u00bb border_radii=\u00bboff|40px|40px|40px|\u00bb border_color_all=\u00bb#E09900&#8243; border_width_bottom=\u00bb5px\u00bb border_color_bottom=\u00bb#95cceb\u00bb border_width_left=\u00bb6px\u00bb border_color_left=\u00bb#95cceb\u00bb box_shadow_style=\u00bbpreset3&#8243; global_colors_info=\u00bb{}\u00bb custom_padding__hover=\u00bb|||\u00bb background__hover_enabled=\u00bboff|desktop\u00bb background_color__hover=\u00bbrgba(41,92,123,0.7)\u00bb background_enable_color__hover=\u00bbon\u00bb background_enable_image__hover=\u00bboff\u00bb background_color_gradient_end__hover=\u00bbrgba(41,92,123,0.6)\u00bb use_background_color_gradient__hover=\u00bbon\u00bb background_color_gradient_start__hover=\u00bbrgba(41,92,123,0.8)\u00bb background_color_gradient_overlays_image__hover=\u00bbon\u00bb background_blend__hover=\u00bbnormal\u00bb background_color_gradient_stops__hover=\u00bbrgba(41,92,123,0.8) 0%|rgba(41,92,123,0.6) 100%\u00bb][et_pb_text _builder_version=\u00bb4.16&#8243; text_font=\u00bb||||||||\u00bb text_text_color=\u00bb#FFFFFF\u00bb text_font_size=\u00bb16px\u00bb text_line_height=\u00bb1.8em\u00bb header_font=\u00bb||||||||\u00bb width=\u00bb100%\u00bb custom_margin=\u00bb||27px|||\u00bb custom_padding=\u00bb|||10px|false|false\u00bb animation_style=\u00bbslide\u00bb animation_direction=\u00bbtop\u00bb animation_intensity_slide=\u00bb17%\u00bb border_width_left=\u00bb5px\u00bb border_color_left=\u00bb#E09900&#8243; locked=\u00bboff\u00bb global_colors_info=\u00bb{}\u00bb]<\/p>\n<p><strong>Nuestros puntos fuertes <\/strong><\/p>\n<ul>\n<li>Calibraci\u00f3n y verificaci\u00f3n de los equipos con recalibraci\u00f3n si es necesario<\/li>\n<li>Intervenci\u00f3n in situ o en laboratorio ACRN<\/li>\n<li>Contrato de calibraci\u00f3n y mantenimiento preventivo de nuestros equipos<\/li>\n<li>Conexi\u00f3n COFRAC del laboratorio y las normas\/ Procedimiento de calibraci\u00f3n seg\u00fan las normas<\/li>\n<li>Capacidad de respuesta y planificaci\u00f3n de las calibraciones\/env\u00edos<\/li>\n<li>Reparaci\u00f3n y servicio postventa <\/li>\n<li>Alquiler de equipos<\/li>\n<\/ul>\n<p>\u00bfNecesita informaci\u00f3n o un presupuesto?<\/p>\n<p>[\/et_pb_text][\/et_pb_column][\/et_pb_row][\/et_pb_section][et_pb_section fb_built=\u00bb1&#8243; _builder_version=\u00bb4.16&#8243; _module_preset=\u00bbdefault\u00bb custom_padding=\u00bb0px|||||\u00bb global_colors_info=\u00bb{}\u00bb][et_pb_row column_structure=\u00bb1_2,1_2&#8243; _builder_version=\u00bb4.16&#8243; _module_preset=\u00bbdefault\u00bb width=\u00bb100%\u00bb max_width=\u00bb2560px\u00bb global_colors_info=\u00bb{}\u00bb][et_pb_column type=\u00bb1_2&#8243; _builder_version=\u00bb4.16&#8243; _module_preset=\u00bbdefault\u00bb custom_padding=\u00bb|||6%|false|false\u00bb global_colors_info=\u00bb{}\u00bb][et_pb_text _builder_version=\u00bb4.16&#8243; text_font=\u00bb||||||||\u00bb header_font=\u00bb|700||on|||||\u00bb header_text_color=\u00bb#295c7b\u00bb header_line_height=\u00bb1.3em\u00bb header_2_font=\u00bb|700||on|||||\u00bb header_2_text_align=\u00bbcenter\u00bb header_2_text_color=\u00bb#295c7b\u00bb width=\u00bb100%\u00bb custom_margin=\u00bb|111px|-9px|||\u00bb custom_padding=\u00bb||28px|0px||\u00bb animation_style=\u00bbfade\u00bb header_font_size_last_edited=\u00bboff|desktop\u00bb locked=\u00bboff\u00bb global_colors_info=\u00bb{}\u00bb]<\/p>\n<h2>EL LABORATORIO<\/h2>\n<p>[\/et_pb_text][et_pb_text _builder_version=\u00bb4.16&#8243; text_font=\u00bb||||||||\u00bb text_text_color=\u00bb#333333&#8243; text_font_size=\u00bb18px\u00bb text_line_height=\u00bb1.8em\u00bb header_font=\u00bb||||||||\u00bb header_text_color=\u00bb#333333&#8243; custom_margin=\u00bb||-4px|||\u00bb custom_padding=\u00bb|30px|||false|false\u00bb animation_style=\u00bbslide\u00bb animation_direction=\u00bbtop\u00bb animation_intensity_slide=\u00bb17%\u00bb locked=\u00bboff\u00bb global_colors_info=\u00bb{}\u00bb]<\/p>\n<p>La ACRN tiene su propio laboratorio de metrolog\u00eda desde 2012 <br \/>Los equipos instalados cubren una amplia gama de mediciones, especialmente en par (de 0,05 a 1000 N.m) y fuerza (de 0,01 a 20 000 Kg)<\/p>\n<p>El laboratorio integra todas las buenas pr\u00e1cticas metrol\u00f3gicas:<\/p>\n<ul>\n<li>C\u00e1lculos de incertidumbre<\/li>\n<li>Desarrollo del procedimiento<\/li>\n<li>Independencia<\/li>\n<li>Vigilancia de las normas<\/li>\n<li>Evaluaci\u00f3n de la EMT<\/li>\n<\/ul>\n<p>Vinculado al Sistema Nacional de Metrolog\u00eda :<\/p>\n<ul>\n<li>Conexi\u00f3n de las normas al COFRAC<\/li>\n<li>Intercambio de m\u00e9todos y comparaci\u00f3n con otros laboratorios, incluido el LNE.<\/li>\n<\/ul>\n<p>Preparaci\u00f3n para la certificaci\u00f3n ISO17025* y la acreditaci\u00f3n COFRAC*<\/p>\n<p style=\"font-size: 12px;\"><em>*Mapa de carreteras a petici\u00f3n<\/em><\/p>\n<p>[\/et_pb_text][\/et_pb_column][et_pb_column type=\u00bb1_2&#8243; _builder_version=\u00bb4.16&#8243; _module_preset=\u00bbdefault\u00bb global_colors_info=\u00bb{}\u00bb][et_pb_image src=\u00bbhttps:\/\/www.acrn.fr\/wp-content\/uploads\/2020\/09\/transfo.jpg\u00bb title_text=\u00bbtransfo\u00bb _builder_version=\u00bb4.16&#8243; _module_preset=\u00bbdefault\u00bb custom_margin=\u00bb||||false|false\u00bb custom_padding=\u00bb|||50px|false|false\u00bb box_shadow_style=\u00bbpreset1&#8243; box_shadow_blur=\u00bb20px\u00bb box_shadow_spread=\u00bb5px\u00bb global_colors_info=\u00bb{}\u00bb][\/et_pb_image][\/et_pb_column][\/et_pb_row][\/et_pb_section][et_pb_section fb_built=\u00bb1&#8243; prev_background_color=\u00bb#ffffff\u00bb next_background_color=\u00bb#ffffff\u00bb _builder_version=\u00bb4.16&#8243; _module_preset=\u00bbdefault\u00bb background_enable_color=\u00bboff\u00bb use_background_color_gradient=\u00bbon\u00bb background_color_gradient_stops=\u00bb#95cceb 0%|rgba(238,238,238,0.61) 100%\u00bb background_color_gradient_overlays_image=\u00bbon\u00bb background_color_gradient_start=\u00bb#95cceb\u00bb background_color_gradient_end=\u00bbrgba(238,238,238,0.61)\u00bb background_image=\u00bbhttps:\/\/www.acrn.fr\/wp-content\/uploads\/2020\/12\/ens-for-POUTRELLE_ETALON-12-BD.jpg\u00bb custom_padding=\u00bb26px||0px|||\u00bb top_divider_style=\u00bbramp2&#8243; bottom_divider_style=\u00bbramp2&#8243; bottom_divider_flip=\u00bbvertical\u00bb global_colors_info=\u00bb{}\u00bb][et_pb_row _builder_version=\u00bb4.16&#8243; _module_preset=\u00bbdefault\u00bb custom_margin=\u00bb-3px|auto||auto||\u00bb global_colors_info=\u00bb{}\u00bb][et_pb_column type=\u00bb4_4&#8243; _builder_version=\u00bb4.16&#8243; _module_preset=\u00bbdefault\u00bb global_colors_info=\u00bb{}\u00bb][et_pb_text _builder_version=\u00bb4.16&#8243; text_font=\u00bb||||||||\u00bb header_font=\u00bb|700||on|||||\u00bb header_text_color=\u00bb#295c7b\u00bb header_line_height=\u00bb1.3em\u00bb header_2_font=\u00bb|700||on|||||\u00bb header_2_text_align=\u00bbcenter\u00bb header_2_text_color=\u00bb#295c7b\u00bb width=\u00bb100%\u00bb min_height=\u00bb100px\u00bb custom_margin=\u00bb101px|0px|-9px||false|false\u00bb custom_padding=\u00bb||0px|0px||\u00bb animation_style=\u00bbfade\u00bb header_font_size_last_edited=\u00bboff|desktop\u00bb locked=\u00bboff\u00bb global_colors_info=\u00bb{}\u00bb]<\/p>\n<h2>Calibraci\u00f3n en el sitio del CLIENTE<\/h2>\n<p>[\/et_pb_text][et_pb_text _builder_version=\u00bb4.27.4&#8243; text_font=\u00bb||||||||\u00bb text_text_color=\u00bb#333333&#8243; text_font_size=\u00bb18px\u00bb text_line_height=\u00bb1.8em\u00bb header_font=\u00bb||||||||\u00bb header_text_color=\u00bb#333333&#8243; text_orientation=\u00bbjustified\u00bb width=\u00bb800px\u00bb max_width=\u00bb100%\u00bb module_alignment=\u00bbcenter\u00bb custom_margin=\u00bb||-4px|||\u00bb custom_padding=\u00bb|30px|50px||false|false\u00bb animation_style=\u00bbslide\u00bb animation_direction=\u00bbtop\u00bb animation_intensity_slide=\u00bb17%\u00bb locked=\u00bboff\u00bb global_colors_info=\u00bb{}\u00bb]<\/p>\n<p>Su negocio y sus limitaciones pueden requerir que se calibre en sus instalaciones.<br \/>La ACRN lleva ofreciendo sus servicios desde 2012 y ha desarrollado su experiencia en este campo.<br \/>En el caso de los equipos ACRN, estas calibraciones van acompa\u00f1adas de un mantenimiento y una supervisi\u00f3n para prolongar la vida \u00fatil de los equipos.<\/p>\n<p style=\"text-align: center; max-width: 240px; margin: auto;\"><img decoding=\"async\" src=\"https:\/\/www.acrn.fr\/wp-content\/uploads\/2021\/04\/vehicule.png\" width=\"595\" height=\"268\" alt=\"\" class=\"wp-image-3285 alignnone size-full\" srcset=\"https:\/\/www.acrn.fr\/wp-content\/uploads\/2021\/04\/vehicule.png 595w, https:\/\/www.acrn.fr\/wp-content\/uploads\/2021\/04\/vehicule-480x216.png 480w\" sizes=\"(min-width: 0px) and (max-width: 480px) 480px, (min-width: 481px) 595px, 100vw\" \/><\/p>\n<p>Con el fin de optimizar los beneficios para todos, estas intervenciones se organizan en giras regionales. P\u00f3ngase en contacto con nosotros para obtener m\u00e1s informaci\u00f3n.<\/p>\n<p>[\/et_pb_text][et_pb_button button_url=\u00bbhttps:\/\/www.acrn.fr\/es\/contacte-con-nosotros\/\u00bb button_text=\u00bbContacto\u00bb button_alignment=\u00bbcenter\u00bb _builder_version=\u00bb4.16&#8243; custom_button=\u00bbon\u00bb button_text_size=\u00bb24px\u00bb button_text_color=\u00bb#ffffff\u00bb button_bg_color=\u00bb#295c7b\u00bb button_border_width=\u00bb2px\u00bb button_border_color=\u00bb#ffffff\u00bb button_border_radius=\u00bb5px\u00bb button_letter_spacing=\u00bb2px\u00bb button_font=\u00bb|600||||on|||\u00bb button_icon=\u00bb&#x49;||divi||400&#8243; button_icon_color=\u00bb#295c7b\u00bb custom_margin=\u00bb||99px|||\u00bb animation_style=\u00bbfade\u00bb button_text_color_hover=\u00bb#ffffff\u00bb button_border_color_hover=\u00bb#ffffff\u00bb button_letter_spacing_hover=\u00bb2px\u00bb button_bg_color_hover=\u00bbrgba(0,0,0,0)\u00bb locked=\u00bboff\u00bb global_colors_info=\u00bb{}\u00bb button_text_size__hover_enabled=\u00bboff\u00bb button_one_text_size__hover_enabled=\u00bboff\u00bb button_two_text_size__hover_enabled=\u00bboff\u00bb button_text_color__hover_enabled=\u00bbon|desktop\u00bb button_text_color__hover=\u00bb#295c7b\u00bb button_one_text_color__hover_enabled=\u00bboff\u00bb button_two_text_color__hover_enabled=\u00bboff\u00bb button_border_width__hover_enabled=\u00bboff\u00bb button_one_border_width__hover_enabled=\u00bboff\u00bb button_two_border_width__hover_enabled=\u00bboff\u00bb button_border_color__hover_enabled=\u00bbon\u00bb button_border_color__hover=\u00bb#ffffff\u00bb button_one_border_color__hover_enabled=\u00bboff\u00bb button_two_border_color__hover_enabled=\u00bboff\u00bb button_border_radius__hover_enabled=\u00bboff\u00bb button_one_border_radius__hover_enabled=\u00bboff\u00bb button_two_border_radius__hover_enabled=\u00bboff\u00bb button_letter_spacing__hover_enabled=\u00bbon\u00bb button_letter_spacing__hover=\u00bb2px\u00bb button_one_letter_spacing__hover_enabled=\u00bboff\u00bb button_two_letter_spacing__hover_enabled=\u00bboff\u00bb button_bg_color__hover_enabled=\u00bbon|hover\u00bb button_bg_color__hover=\u00bbrgba(0,0,0,0)\u00bb button_one_bg_color__hover_enabled=\u00bboff\u00bb button_two_bg_color__hover_enabled=\u00bboff\u00bb button_bg_color_gradient_end__hover=\u00bb#ffffff\u00bb button_bg_use_color_gradient__hover=\u00bbon\u00bb button_bg_color_gradient_direction__hover=\u00bb90deg\u00bb button_bg_color_gradient_start__hover=\u00bb#95cceb\u00bb button_bg_color_gradient_stops__hover=\u00bb#95cceb 0%|#ffffff 100%\u00bb][\/et_pb_button][\/et_pb_column][\/et_pb_row][\/et_pb_section][et_pb_section fb_built=\u00bb1&#8243; _builder_version=\u00bb4.16&#8243; _module_preset=\u00bbdefault\u00bb background_enable_color=\u00bboff\u00bb custom_padding=\u00bb80px||80px||false|false\u00bb bottom_divider_flip=\u00bbvertical\u00bb global_colors_info=\u00bb{}\u00bb][et_pb_row column_structure=\u00bb1_2,1_2&#8243; _builder_version=\u00bb4.16&#8243; _module_preset=\u00bbdefault\u00bb width=\u00bb100%\u00bb max_width=\u00bb2560px\u00bb custom_margin=\u00bb0px|auto||auto|false|false\u00bb custom_padding=\u00bb|40px|||false|false\u00bb global_colors_info=\u00bb{}\u00bb][et_pb_column type=\u00bb1_2&#8243; _builder_version=\u00bb4.16&#8243; _module_preset=\u00bbdefault\u00bb global_colors_info=\u00bb{}\u00bb][et_pb_image src=\u00bbhttps:\/\/www.acrn.fr\/wp-content\/uploads\/2021\/04\/etalonnage.jpg\u00bb title_text=\u00bbcalibraci\u00f3n\u00bb _builder_version=\u00bb4.16&#8243; _module_preset=\u00bbdefault\u00bb custom_margin=\u00bb||||false|false\u00bb custom_padding=\u00bb|50px|||false|false\u00bb box_shadow_style=\u00bbpreset1&#8243; box_shadow_blur=\u00bb20px\u00bb box_shadow_spread=\u00bb5px\u00bb global_colors_info=\u00bb{}\u00bb][\/et_pb_image][\/et_pb_column][et_pb_column type=\u00bb1_2&#8243; _builder_version=\u00bb4.16&#8243; _module_preset=\u00bbdefault\u00bb global_colors_info=\u00bb{}\u00bb][et_pb_text _builder_version=\u00bb4.16&#8243; text_font=\u00bb||||||||\u00bb header_font=\u00bb|700||on|||||\u00bb header_text_color=\u00bb#295c7b\u00bb header_line_height=\u00bb1.3em\u00bb header_2_font=\u00bb|700||on|||||\u00bb header_2_text_align=\u00bbcenter\u00bb header_2_text_color=\u00bb#295c7b\u00bb width=\u00bb100%\u00bb min_height=\u00bb100px\u00bb custom_margin=\u00bb0px|0px|0px||false|false\u00bb custom_padding=\u00bb||0px|0px||\u00bb animation_style=\u00bbfade\u00bb header_font_size_last_edited=\u00bboff|desktop\u00bb locked=\u00bboff\u00bb global_colors_info=\u00bb{}\u00bb]<\/p>\n<h2>Un servicio dise\u00f1ado para usted<\/h2>\n<p>[\/et_pb_text][et_pb_text _builder_version=\u00bb4.16&#8243; text_font=\u00bb||||||||\u00bb text_text_color=\u00bb#333333&#8243; text_font_size=\u00bb18px\u00bb text_line_height=\u00bb1.8em\u00bb header_font=\u00bb||||||||\u00bb header_text_color=\u00bb#333333&#8243; custom_margin=\u00bb||-4px|||\u00bb custom_padding=\u00bb|30px|||false|false\u00bb animation_style=\u00bbslide\u00bb animation_direction=\u00bbtop\u00bb animation_intensity_slide=\u00bb17%\u00bb locked=\u00bboff\u00bb global_colors_info=\u00bb{}\u00bb]<\/p>\n<p>Una organizaci\u00f3n interna nos permite planificar las intervenciones con nuestros clientes:<\/p>\n<ul>\n<li>Limite el tiempo de inactividad de sus equipos en el laboratorio.<\/li>\n<li>Controlar los gastos de viaje para las inspecciones in situ.<\/li>\n<li>Receptividad en las respuestas<\/li>\n<li>Compromiso de tiempo\/material de alquiler<\/li>\n<\/ul>\n<p>Nuestro doble conocimiento como fabricante de equipos de medici\u00f3n y metrolog\u00eda nos permite ofrecerle un valor a\u00f1adido en nuestros servicios:<\/p>\n<ul>\n<li>An\u00e1lisis de la deriva y diagn\u00f3stico de los sensores<\/li>\n<li>Recalibraci\u00f3n de equipos no conformes<\/li>\n<li>Evaluaci\u00f3n de la EMT<\/li>\n<li>Recomendaciones para el uso de materiales<\/li>\n<li>Fabricaci\u00f3n de accesorios espec\u00edficos<\/li>\n<li>Expedici\u00f3n de un certificado de conformidad<\/li>\n<\/ul>\n<p>P\u00f3ngase en contacto con nosotros para obtener m\u00e1s informaci\u00f3n sobre nuestros servicios.<\/p>\n<p>[\/et_pb_text][\/et_pb_column][\/et_pb_row][\/et_pb_section][et_pb_section fb_built=\u00bb1&#8243; prev_background_color=\u00bb#ffffff\u00bb next_background_color=\u00bb#ffffff\u00bb _builder_version=\u00bb4.16&#8243; _module_preset=\u00bbdefault\u00bb background_color=\u00bb#95cceb\u00bb custom_padding=\u00bb80px||80px||false|false\u00bb top_divider_style=\u00bbramp2&#8243; top_divider_height=\u00bb44px\u00bb bottom_divider_style=\u00bbramp2&#8243; bottom_divider_height=\u00bb42px\u00bb global_colors_info=\u00bb{}\u00bb][\/et_pb_section]<\/p>\n","protected":false},"excerpt":{"rendered":"<p>Nuestra experiencia Calibraci\u00f3n Equipada con un laboratorio de metrolog\u00eda desde 2012, ACRN ofrece un servicio de calibraci\u00f3n adem\u00e1s de la venta de equipos. Los campos f\u00edsicos que cubre el laboratorio son Medici\u00f3n de fuerza y par en tensi\u00f3n\/compresi\u00f3n, Medici\u00f3n del par, Llaves dinamom\u00e9tricas y destornilladores, Torqu\u00edmetros, Metrolog\u00eda dimensional, Medici\u00f3n de presi\u00f3n y vac\u00edo. Algunos ejemplos [&hellip;]<\/p>\n","protected":false},"author":1,"featured_media":0,"parent":0,"menu_order":0,"comment_status":"closed","ping_status":"closed","template":"","meta":{"_acf_changed":false,"_et_pb_use_builder":"on","_et_pb_old_content":"","_et_gb_content_width":"","footnotes":""},"dipi_cpt_category":[],"class_list":["post-7548","page","type-page","status-publish","hentry"],"acf":[],"_links":{"self":[{"href":"https:\/\/www.acrn.fr\/es\/wp-json\/wp\/v2\/pages\/7548","targetHints":{"allow":["GET"]}}],"collection":[{"href":"https:\/\/www.acrn.fr\/es\/wp-json\/wp\/v2\/pages"}],"about":[{"href":"https:\/\/www.acrn.fr\/es\/wp-json\/wp\/v2\/types\/page"}],"author":[{"embeddable":true,"href":"https:\/\/www.acrn.fr\/es\/wp-json\/wp\/v2\/users\/1"}],"replies":[{"embeddable":true,"href":"https:\/\/www.acrn.fr\/es\/wp-json\/wp\/v2\/comments?post=7548"}],"version-history":[{"count":13,"href":"https:\/\/www.acrn.fr\/es\/wp-json\/wp\/v2\/pages\/7548\/revisions"}],"predecessor-version":[{"id":21801,"href":"https:\/\/www.acrn.fr\/es\/wp-json\/wp\/v2\/pages\/7548\/revisions\/21801"}],"wp:attachment":[{"href":"https:\/\/www.acrn.fr\/es\/wp-json\/wp\/v2\/media?parent=7548"}],"wp:term":[{"taxonomy":"dipi_cpt_category","embeddable":true,"href":"https:\/\/www.acrn.fr\/es\/wp-json\/wp\/v2\/dipi_cpt_category?post=7548"}],"curies":[{"name":"wp","href":"https:\/\/api.w.org\/{rel}","templated":true}]}}