{"id":19515,"date":"2025-05-19T09:41:32","date_gmt":"2025-05-19T07:41:32","guid":{"rendered":"https:\/\/www.acrn.fr\/informacion-legal\/"},"modified":"2026-01-05T15:22:54","modified_gmt":"2026-01-05T14:22:54","slug":"informacion-legal","status":"publish","type":"page","link":"https:\/\/www.acrn.fr\/es\/informacion-legal\/","title":{"rendered":"Informaci\u00f3n legal"},"content":{"rendered":"<p>[et_pb_section fb_built=\u00bb1&#8243; _builder_version=\u00bb4.9.4&#8243; _module_preset=\u00bbdefault\u00bb][et_pb_row _builder_version=\u00bb4.9.4&#8243; _module_preset=\u00bbdefault\u00bb][et_pb_column type=\u00bb4_4&#8243; _builder_version=\u00bb4.9.4&#8243; _module_preset=\u00bbdefault\u00bb][et_pb_text _builder_version=\u00bb4.8.2&#8243; text_font=\u00bb|600|||||||\u00bb text_line_height=\u00bb1.8em\u00bb header_font=\u00bb|700||on|||||\u00bb header_font_size=\u00bb60px\u00bb header_2_font=\u00bb|600||on|||||\u00bb header_2_font_size=\u00bb60px\u00bb header_4_font=\u00bb||||||||\u00bb header_4_text_color=\u00bb#295c7b\u00bb header_4_line_height=\u00bb1.4em\u00bb header_font_size_tablet=\u00bb\u00bb header_font_size_phone=\u00bb35px\u00bb header_font_size_last_edited=\u00bbon|phone\u00bb header_2_font_size_tablet=\u00bb60px\u00bb header_2_font_size_phone=\u00bb35px\u00bb header_2_font_size_last_edited=\u00bbon|desktop\u00bb header_4_font_size_tablet=\u00bb20px\u00bb header_4_font_size_phone=\u00bb14px\u00bb header_4_font_size_last_edited=\u00bbon|phone\u00bb locked=\u00bboff\u00bb]<\/p>\n<h4>Informaci\u00f3n sobre la ACRN<\/h4>\n<h1>Informaci\u00f3n legal<\/h1>\n<p>[\/et_pb_text][\/et_pb_column][\/et_pb_row][et_pb_row _builder_version=\u00bb4.9.4&#8243; _module_preset=\u00bbdefault\u00bb][et_pb_column type=\u00bb4_4&#8243; _builder_version=\u00bb4.9.4&#8243; _module_preset=\u00bbdefault\u00bb][et_pb_text _builder_version=\u00bb4.9.4&#8243; _module_preset=\u00bbdefault\u00bb max_width=\u00bb700px\u00bb module_alignment=\u00bbleft\u00bb]<\/p>\n<div>\n<p><strong>Informaci\u00f3n obligatoria para los sitios web profesionales alojados en Francia y sujetos a la legislaci\u00f3n francesa en virtud del art\u00edculo 6 III-2 de la ley de 21 de junio de 2004.<\/strong><\/p>\n<p>ACRN (Taller de control de la producci\u00f3n y comercio)<br \/>Direcci\u00f3n: Parc d\u2019Activit\u00e9s du Moulin d\u2019Ecalles 76750 BUCHY <br \/>Tel. : +33 (0)2 32 80 81 40<br \/>C\u00f3digo APE : 2620Z<br \/>Categor\u00eda: Industria el\u00e9ctrica y electr\u00f3nica<br \/>Forma jur\u00eddica: SARL<br \/>SIRET : 399 007 251 00024<br \/>N\u00famero de IVA intercomunitario : FR55 399 007 251<br \/>RCS : Rouen B 399 007 251<br \/>Capitale sociale : 100 000.00 Euros<br class=\"autobr\">Inmatriculaci\u00f3n: 09-12-1994<br \/>Nacionalidad: francesa<\/p>\n<p style=\"padding-top: 15px;\">Director de la publicaci\u00f3n : M. Dupuy Henri<br \/>Anfitri\u00f3n del sitio : OVH<br \/>2 rue Kellermann<br \/>59100 Roubaix<br \/>France<\/p>\n<\/div>\n<p>[\/et_pb_text][\/et_pb_column][\/et_pb_row][et_pb_row _builder_version=\u00bb4.9.4&#8243; _module_preset=\u00bbdefault\u00bb][et_pb_column type=\u00bb4_4&#8243; _builder_version=\u00bb4.9.4&#8243; _module_preset=\u00bbdefault\u00bb][et_pb_text _builder_version=\u00bb4.9.4&#8243; text_font=\u00bb||||||||\u00bb header_font=\u00bb|700||on|||||\u00bb header_text_color=\u00bb#f7f7f7&#8243; header_line_height=\u00bb1.3em\u00bb header_2_font=\u00bb|700||on|||||\u00bb header_2_text_color=\u00bb#295c7b\u00bb width=\u00bb100%\u00bb custom_margin=\u00bb|111px|5px|||\u00bb custom_padding=\u00bb|||0px||\u00bb animation_style=\u00bbfade\u00bb header_font_size_last_edited=\u00bboff|desktop\u00bb locked=\u00bboff\u00bb]<\/p>\n<h2>Datos recogidos<\/h2>\n<p>[\/et_pb_text][et_pb_text _builder_version=\u00bb4.9.4&#8243; _module_preset=\u00bbdefault\u00bb width=\u00bb700px\u00bb]<\/p>\n<p>ACRN utiliza un sistema de cookies para rastrear de forma an\u00f3nima el tr\u00e1fico del sitio web. Esto nos permite desarrollar el sitio para satisfacer las necesidades de los visitantes lo mejor posible. <\/p>\n<p>\nLas cookies se utilizan con un \u00fanico prop\u00f3sito: recordar de d\u00f3nde viene y qu\u00e9 ha hecho en nuestro sitio web durante su visita.<\/p>\n<p>\nSe borran unos d\u00edas despu\u00e9s de su visita. <\/p>\n<p>[\/et_pb_text][\/et_pb_column][\/et_pb_row][et_pb_row _builder_version=\u00bb4.9.4&#8243; _module_preset=\u00bbdefault\u00bb][et_pb_column type=\u00bb4_4&#8243; _builder_version=\u00bb4.9.4&#8243; _module_preset=\u00bbdefault\u00bb][et_pb_text _builder_version=\u00bb4.9.4&#8243; text_font=\u00bb||||||||\u00bb header_font=\u00bb|700||on|||||\u00bb header_text_color=\u00bb#f7f7f7&#8243; header_line_height=\u00bb1.3em\u00bb header_2_font=\u00bb|700||on|||||\u00bb header_2_text_color=\u00bb#295c7b\u00bb width=\u00bb100%\u00bb custom_margin=\u00bb|111px|5px|||\u00bb custom_padding=\u00bb|||0px||\u00bb animation_style=\u00bbfade\u00bb header_font_size_last_edited=\u00bboff|desktop\u00bb locked=\u00bboff\u00bb]<\/p>\n<h2>Cumplimiento de la normativa francesa y europea<\/h2>\n<p>[\/et_pb_text][et_pb_text _builder_version=\u00bb4.9.4&#8243; _module_preset=\u00bbdefault\u00bb width=\u00bb700px\u00bb]<\/p>\n<p>De conformidad con la Ley francesa de Protecci\u00f3n de Datos de 6 de enero de 1978, usted dispone de un derecho de acceso, rectificaci\u00f3n, modificaci\u00f3n y supresi\u00f3n de sus datos personales. Puede ejercer este derecho envi\u00e1ndonos una carta a la siguiente direcci\u00f3n <\/p>\n<p>\nACRN <br \/>PA du Moulin d&#8217;Ecalles <br \/>76750 Buchy<br \/> France<\/p>\n<p>[\/et_pb_text][\/et_pb_column][\/et_pb_row][\/et_pb_section]<\/p>\n","protected":false},"excerpt":{"rendered":"<p>Informaci\u00f3n sobre la ACRN Informaci\u00f3n legal Informaci\u00f3n obligatoria para los sitios web profesionales alojados en Francia y sujetos a la legislaci\u00f3n francesa en virtud del art\u00edculo 6 III-2 de la ley de 21 de junio de 2004. ACRN (Taller de control de la producci\u00f3n y comercio)Direcci\u00f3n: Parc d\u2019Activit\u00e9s du Moulin d\u2019Ecalles 76750 BUCHY Tel. : [&hellip;]<\/p>\n","protected":false},"author":1,"featured_media":0,"parent":0,"menu_order":0,"comment_status":"closed","ping_status":"closed","template":"","meta":{"_acf_changed":false,"_et_pb_use_builder":"on","_et_pb_old_content":"","_et_gb_content_width":"","footnotes":""},"dipi_cpt_category":[],"class_list":["post-19515","page","type-page","status-publish","hentry"],"acf":[],"_links":{"self":[{"href":"https:\/\/www.acrn.fr\/es\/wp-json\/wp\/v2\/pages\/19515","targetHints":{"allow":["GET"]}}],"collection":[{"href":"https:\/\/www.acrn.fr\/es\/wp-json\/wp\/v2\/pages"}],"about":[{"href":"https:\/\/www.acrn.fr\/es\/wp-json\/wp\/v2\/types\/page"}],"author":[{"embeddable":true,"href":"https:\/\/www.acrn.fr\/es\/wp-json\/wp\/v2\/users\/1"}],"replies":[{"embeddable":true,"href":"https:\/\/www.acrn.fr\/es\/wp-json\/wp\/v2\/comments?post=19515"}],"version-history":[{"count":2,"href":"https:\/\/www.acrn.fr\/es\/wp-json\/wp\/v2\/pages\/19515\/revisions"}],"predecessor-version":[{"id":22618,"href":"https:\/\/www.acrn.fr\/es\/wp-json\/wp\/v2\/pages\/19515\/revisions\/22618"}],"wp:attachment":[{"href":"https:\/\/www.acrn.fr\/es\/wp-json\/wp\/v2\/media?parent=19515"}],"wp:term":[{"taxonomy":"dipi_cpt_category","embeddable":true,"href":"https:\/\/www.acrn.fr\/es\/wp-json\/wp\/v2\/dipi_cpt_category?post=19515"}],"curies":[{"name":"wp","href":"https:\/\/api.w.org\/{rel}","templated":true}]}}